{"id":72611,"date":"2018-07-12T11:06:09","date_gmt":"2018-07-12T11:06:09","guid":{"rendered":"https:\/\/horecacenter.com\/?post_type=product&#038;p=72611"},"modified":"2026-03-13T07:43:56","modified_gmt":"2026-03-13T07:43:56","slug":"chaise-de-cafe-restaurant-et-horeca-riva","status":"publish","type":"product","link":"https:\/\/horecacenter.com\/fr\/produit\/chaise-de-cafe-restaurant-et-horeca-riva\/","title":{"rendered":"Chaise de Restaurant &#8211; RIVA &#8211; Simili Cuir Noir"},"content":{"rendered":"<p>Le rev\u00eatement en <strong>similicuir noir<\/strong> poss\u00e8de une structure durable et facile \u00e0 entretenir. Le similicuir est souvent utilis\u00e9 dans les int\u00e9rieurs horeca pour sa r\u00e9sistance et son nettoyage simple. La couleur noire apporte une ambiance \u00e9l\u00e9gante et intemporelle.<\/p>\n<p><strong>Chaise Horeca Classique<\/strong><\/p>\n<p>La <strong>Chaise Horeca RIVA \u2013 Similicuir Noir<\/strong> associe design classique et confort. Le dossier solide et l\u2019assise confortable offrent un bon soutien. Id\u00e9ale pour restaurants, caf\u00e9s et bistrots. La structure en bois assure stabilit\u00e9 et durabilit\u00e9 pour un usage quotidien. Son style intemporel s\u2019int\u00e8gre facilement dans diff\u00e9rents concepts horeca. Une solution \u00e9l\u00e9gante et pratique. Nettoyez r\u00e9guli\u00e8rement le similicuir avec un chiffon doux. Les taches peuvent \u00eatre retir\u00e9es avec un chiffon l\u00e9g\u00e8rement humide et un produit doux. \u00c9vitez les produits agressifs.<\/p>\n<p><strong><span style=\"color: #000000;\">Informations suppl\u00e9mentaires :<\/span><\/strong><\/p>\n<ul>\n<li><span style=\"color: #000000;\">Livr\u00e9 avec un clou de glissement en plastique standard.<\/span><\/li>\n<li><span style=\"color: #000000;\">Livr\u00e9 enti\u00e8rement pr\u00eat \u00e0 l&#8217;emploi.<\/span><\/li>\n<li><span style=\"color: #000000;\">Produit europ\u00e9en garantie.<\/span><\/li>\n<li><span style=\"color: #000000;\">1 an de garantie.<\/span><\/li>\n<\/ul>\n<div id=\"gtx-trans\" style=\"position: absolute; left: -15px; top: 192px;\">\n<div class=\"gtx-trans-icon\"><\/div>\n<\/div>\n","protected":false},"excerpt":{"rendered":"<p>Le rev\u00eatement en similicuir noir poss\u00e8de une structure durable et facile \u00e0 entretenir. Le similicuir est souvent utilis\u00e9 dans les<\/p>\n","protected":false},"featured_media":126377,"comment_status":"open","ping_status":"closed","template":"","meta":[],"product_brand":[],"product_cat":[10048],"product_tag":[10586,10587,10588,10589,10590,10591,10592,10593,10578,10579,10580,10581,10582,10583,10584,10585],"class_list":{"0":"post-72611","1":"product","2":"type-product","3":"status-publish","4":"has-post-thumbnail","6":"product_cat-chaises-classiques","7":"product_tag-chairs-2","8":"product_tag-industrial-chairs","9":"product_tag-restaurant-chairs","10":"product_tag-horeca-chairs","11":"product_tag-st-hle","12":"product_tag-industriest-hle","13":"product_tag-restaurantst-hle","14":"product_tag-horeca-st-hle","15":"product_tag-stoelen-2","16":"product_tag-horeca-stoelen","17":"product_tag-restaurant-stoelen","18":"product_tag-industrieel-stoelen","19":"product_tag-chaises-2","20":"product_tag-chaises-industrielles","21":"product_tag-chaises-de-restaurant","22":"product_tag-chaises-horeca","23":"pa_armrest-armrest-non-fr","24":"pa_frame-non-empilable-frame-fr","25":"pa_product-color-color-noir-fr","26":"pa_product-frame-color-wenge-frame-color-fr","27":"pa_product-material-material-cadre-en-bois-fr","28":"pa_product-more-colors-oui-fr","29":"pa_product-seat-cm-43x44-seat-cm-fr","30":"pa_product-seat-height-cm-48-seat-height-cm-fr","31":"pa_product-seat-width-cm-43-seat-width-cm-fr","32":"pa_product-seats-1-seats-fr","33":"pa_product-upholstery-upholstery-simili-cuir-fr","34":"pa_product-usage-usage-interieur-fr","36":"first","37":"instock","38":"sale","39":"taxable","40":"shipping-taxable","41":"purchasable","42":"product-type-simple"},"_links":{"self":[{"href":"https:\/\/horecacenter.com\/fr\/wp-json\/wp\/v2\/product\/72611","targetHints":{"allow":["GET"]}}],"collection":[{"href":"https:\/\/horecacenter.com\/fr\/wp-json\/wp\/v2\/product"}],"about":[{"href":"https:\/\/horecacenter.com\/fr\/wp-json\/wp\/v2\/types\/product"}],"replies":[{"embeddable":true,"href":"https:\/\/horecacenter.com\/fr\/wp-json\/wp\/v2\/comments?post=72611"}],"version-history":[{"count":2,"href":"https:\/\/horecacenter.com\/fr\/wp-json\/wp\/v2\/product\/72611\/revisions"}],"predecessor-version":[{"id":189331,"href":"https:\/\/horecacenter.com\/fr\/wp-json\/wp\/v2\/product\/72611\/revisions\/189331"}],"wp:featuredmedia":[{"embeddable":true,"href":"https:\/\/horecacenter.com\/fr\/wp-json\/wp\/v2\/media\/126377"}],"wp:attachment":[{"href":"https:\/\/horecacenter.com\/fr\/wp-json\/wp\/v2\/media?parent=72611"}],"wp:term":[{"taxonomy":"product_brand","embeddable":true,"href":"https:\/\/horecacenter.com\/fr\/wp-json\/wp\/v2\/product_brand?post=72611"},{"taxonomy":"product_cat","embeddable":true,"href":"https:\/\/horecacenter.com\/fr\/wp-json\/wp\/v2\/product_cat?post=72611"},{"taxonomy":"product_tag","embeddable":true,"href":"https:\/\/horecacenter.com\/fr\/wp-json\/wp\/v2\/product_tag?post=72611"}],"curies":[{"name":"wp","href":"https:\/\/api.w.org\/{rel}","templated":true}]}}