{"id":72647,"date":"2018-07-12T11:40:20","date_gmt":"2018-07-12T11:40:20","guid":{"rendered":"https:\/\/horecacenter.com\/?post_type=product&#038;p=72647"},"modified":"2026-03-17T07:27:53","modified_gmt":"2026-03-17T07:27:53","slug":"chaise-de-cafe-restaurant-et-horeca-dex-pu","status":"publish","type":"product","link":"https:\/\/horecacenter.com\/fr\/produit\/chaise-de-cafe-restaurant-et-horeca-dex-pu\/","title":{"rendered":"Chaise de Restaurant &#8211; DEX &#8211; Simili Cuir Taupe"},"content":{"rendered":"<p>Cette chaise horeca est rev\u00eatue de <strong>simili cuir taupe<\/strong>, un mat\u00e9riau durable reconnu pour son entretien facile et son apparence \u00e9l\u00e9gante. Le similicuir est souvent utilis\u00e9 dans les restaurants, caf\u00e9s et h\u00f4tels gr\u00e2ce \u00e0 sa r\u00e9sistance et sa facilit\u00e9 de nettoyage. Ainsi, la chaise reste esth\u00e9tique et pratique m\u00eame en cas d\u2019utilisation intensive.<\/p>\n<p><strong>Chaise Horeca \u00c9l\u00e9gante avec Finition Moderne<\/strong><\/p>\n<p>La <strong>Chaise Horeca DEX \u2013 Similicuir Taupe<\/strong> associe un design moderne \u00e0 un confort optimal gr\u00e2ce aux surpiq\u00fbres discr\u00e8tes du dossier. Le rev\u00eatement doux garantit une assise agr\u00e9able, tandis que le pi\u00e8tement noir assure stabilit\u00e9 et style contemporain. Gr\u00e2ce \u00e0 son design intemporel, cette chaise s\u2019int\u00e8gre facilement dans diff\u00e9rents styles d\u2019int\u00e9rieur horeca. Elle cr\u00e9e une atmosph\u00e8re chaleureuse et accueillante pour vos clients. Pour l\u2019entretien, nettoyez le similicuir avec un chiffon doux l\u00e9g\u00e8rement humide. \u00c9vitez les produits agressifs afin de pr\u00e9server la qualit\u00e9 du mat\u00e9riau. Vous d\u00e9marrez un projet horeca ou souhaitez renouveler votre int\u00e9rieur ? Contactez-nous par <strong>T\u00e9l\u00e9phone<\/strong>, <strong>WhatsApp<\/strong> ou <strong>e-mail<\/strong> ou visitez notre showroom pour un conseil professionnel.<\/p>\n<p><span style=\"color: #000000;\"><strong>Informations suppl\u00e9mentaires:\u00a0<\/strong><\/span><\/p>\n<ul>\n<li><span style=\"color: #000000;\">Livr\u00e9 avec un clou de glissement en plastique standard.<\/span><\/li>\n<li><span style=\"color: #000000;\">Livr\u00e9 enti\u00e8rement pr\u00eat \u00e0 l&#8217;emploi.<\/span><\/li>\n<li><span style=\"color: #000000;\">Produit europ\u00e9en garantie.<\/span><\/li>\n<li><span style=\"color: #000000;\">1 an de garantie.<\/span><\/li>\n<\/ul>\n","protected":false},"excerpt":{"rendered":"<p>Cette chaise horeca est rev\u00eatue de simili cuir taupe, un mat\u00e9riau durable reconnu pour son entretien facile et son apparence<\/p>\n","protected":false},"featured_media":145028,"comment_status":"open","ping_status":"closed","template":"","meta":[],"product_brand":[],"product_cat":[9856],"product_tag":[10585,10586,10587,10588,10589,10578,10590,10579,10591,10580,10592,10581,10593,10582,10583],"class_list":{"0":"post-72647","1":"product","2":"type-product","3":"status-publish","4":"has-post-thumbnail","6":"product_cat-chaises-en-cuir","7":"product_tag-chaises-horeca","8":"product_tag-chairs-2","9":"product_tag-industrial-chairs","10":"product_tag-restaurant-chairs","11":"product_tag-horeca-chairs","12":"product_tag-stoelen-2","13":"product_tag-st-hle","14":"product_tag-horeca-stoelen","15":"product_tag-industriest-hle","16":"product_tag-restaurant-stoelen","17":"product_tag-restaurantst-hle","18":"product_tag-industrieel-stoelen","19":"product_tag-horeca-st-hle","20":"product_tag-chaises-2","21":"product_tag-chaises-industrielles","22":"pa_armrest-armrest-non-fr","23":"pa_frame-non-empilable-frame-fr","24":"pa_product-color-color-taupe-fr","25":"pa_product-frame-color-wenge-frame-color-fr","26":"pa_product-material-material-cadre-en-bois-fr","27":"pa_product-more-colors-oui-fr","28":"pa_product-more-dimensions-oui-fr","29":"pa_product-seat-cm-42x47-seat-cm-fr","30":"pa_product-seat-height-cm-51-seat-height-cm-fr","31":"pa_product-seat-width-cm-46-50-seat-width-cm-fr","32":"pa_product-seats-1-seats-fr","33":"pa_product-upholstery-upholstery-simili-cuir-fr","34":"pa_product-usage-usage-interieur-fr","36":"first","37":"instock","38":"sale","39":"taxable","40":"shipping-taxable","41":"purchasable","42":"product-type-simple"},"_links":{"self":[{"href":"https:\/\/horecacenter.com\/fr\/wp-json\/wp\/v2\/product\/72647","targetHints":{"allow":["GET"]}}],"collection":[{"href":"https:\/\/horecacenter.com\/fr\/wp-json\/wp\/v2\/product"}],"about":[{"href":"https:\/\/horecacenter.com\/fr\/wp-json\/wp\/v2\/types\/product"}],"replies":[{"embeddable":true,"href":"https:\/\/horecacenter.com\/fr\/wp-json\/wp\/v2\/comments?post=72647"}],"version-history":[{"count":2,"href":"https:\/\/horecacenter.com\/fr\/wp-json\/wp\/v2\/product\/72647\/revisions"}],"predecessor-version":[{"id":189915,"href":"https:\/\/horecacenter.com\/fr\/wp-json\/wp\/v2\/product\/72647\/revisions\/189915"}],"wp:featuredmedia":[{"embeddable":true,"href":"https:\/\/horecacenter.com\/fr\/wp-json\/wp\/v2\/media\/145028"}],"wp:attachment":[{"href":"https:\/\/horecacenter.com\/fr\/wp-json\/wp\/v2\/media?parent=72647"}],"wp:term":[{"taxonomy":"product_brand","embeddable":true,"href":"https:\/\/horecacenter.com\/fr\/wp-json\/wp\/v2\/product_brand?post=72647"},{"taxonomy":"product_cat","embeddable":true,"href":"https:\/\/horecacenter.com\/fr\/wp-json\/wp\/v2\/product_cat?post=72647"},{"taxonomy":"product_tag","embeddable":true,"href":"https:\/\/horecacenter.com\/fr\/wp-json\/wp\/v2\/product_tag?post=72647"}],"curies":[{"name":"wp","href":"https:\/\/api.w.org\/{rel}","templated":true}]}}