{"id":73226,"date":"2018-10-29T15:52:56","date_gmt":"2018-10-29T15:52:56","guid":{"rendered":"https:\/\/horecacenter.com\/?post_type=product&#038;p=73226"},"modified":"2026-03-18T11:20:15","modified_gmt":"2026-03-18T11:20:15","slug":"table-de-cafe-restaurant-et-horeca-dublin-k3-60x60-cm-avec-base","status":"publish","type":"product","link":"https:\/\/horecacenter.com\/fr\/produit\/table-de-cafe-restaurant-et-horeca-dublin-k3-60x60-cm-avec-base\/","title":{"rendered":"Table de Restaurant Avec Pied &#8211; DUBLIN K3 &#8211; 60&#215;60 cm"},"content":{"rendered":"<p><i class=\"fas fa-check-circle description-icon-green\" aria-hidden=\"true\"><\/i><span style=\"color: #ff6600;\"> Les tables ne sont pas assembl\u00e9es.<\/span><br \/>\n<i class=\"fas fa-check-circle description-icon-green\" aria-hidden=\"true\"><\/i><span style=\"color: #339966;\"> Les plateaux de table ne sont pas pr\u00e9-perc\u00e9s.<\/span><br \/>\n<i class=\"fas fa-check-circle description-icon-green\" aria-hidden=\"true\"><\/i><span style=\"color: #ff6600;\"> Les vis sont incluses si les plateaux de table sont command\u00e9s avec les pieds de table.<\/span><br \/>\n<i class=\"fas fa-check-circle description-icon-green\" aria-hidden=\"true\"><\/i><span style=\"color: #339966;\"> Le mat\u00e9riel n\u00e9cessaire pour l\u2019assemblage est inclus dans la bo\u00eete.<\/span><\/p>\n","protected":false},"excerpt":{"rendered":"<p>Les tables ne sont pas assembl\u00e9es. Les plateaux de table ne sont pas pr\u00e9-perc\u00e9s. Les vis sont incluses si les<\/p>\n","protected":false},"featured_media":73227,"comment_status":"open","ping_status":"closed","template":"","meta":[],"product_brand":[],"product_cat":[10024],"product_tag":[10727,10729,10730,10731,10732,10733,10744,10745,10746,10747,10660,10748,10663,10749,10664,10750,10665,10666,10667],"class_list":{"0":"post-73226","1":"product","2":"type-product","3":"status-publish","4":"has-post-thumbnail","6":"product_cat-dublin-k3-assortiment-de-table","7":"product_tag-tafels-3","8":"product_tag-horeca-tafels","9":"product_tag-tables-5","10":"product_tag-tables-horeca","11":"product_tag-horeca-tables","12":"product_tag-tische-3","13":"product_tag-tafel-onderstel","14":"product_tag-restaurant-tafels","15":"product_tag-tables-de-restaurant","16":"product_tag-pied-de-table","17":"product_tag-restaurant-meubelen","18":"product_tag-restaurant-tables","19":"product_tag-meubles-de-restaurant","20":"product_tag-restaurant-tabellen","21":"product_tag-restaurant-furniture","22":"product_tag-horeca-tabellen","23":"product_tag-restaurant-m-bel","24":"product_tag-table-base","25":"product_tag-tischbasis","26":"pa_product-frame-color-noir-framecolor-fr","27":"pa_product-more-colors-oui-fr","28":"pa_product-more-dimensions-oui-fr","29":"pa_product-seats-2-seats-fr","30":"pa_product-tabletop-color-aspect-bois-tabletop-color-fr","31":"pa_product-usage-usage-interieur-fr","32":"pa_table-height-cm-74-cm-fr","34":"first","35":"outofstock","36":"sale","37":"taxable","38":"shipping-taxable","39":"purchasable","40":"product-type-simple"},"_links":{"self":[{"href":"https:\/\/horecacenter.com\/fr\/wp-json\/wp\/v2\/product\/73226","targetHints":{"allow":["GET"]}}],"collection":[{"href":"https:\/\/horecacenter.com\/fr\/wp-json\/wp\/v2\/product"}],"about":[{"href":"https:\/\/horecacenter.com\/fr\/wp-json\/wp\/v2\/types\/product"}],"replies":[{"embeddable":true,"href":"https:\/\/horecacenter.com\/fr\/wp-json\/wp\/v2\/comments?post=73226"}],"version-history":[{"count":1,"href":"https:\/\/horecacenter.com\/fr\/wp-json\/wp\/v2\/product\/73226\/revisions"}],"predecessor-version":[{"id":173543,"href":"https:\/\/horecacenter.com\/fr\/wp-json\/wp\/v2\/product\/73226\/revisions\/173543"}],"wp:featuredmedia":[{"embeddable":true,"href":"https:\/\/horecacenter.com\/fr\/wp-json\/wp\/v2\/media\/73227"}],"wp:attachment":[{"href":"https:\/\/horecacenter.com\/fr\/wp-json\/wp\/v2\/media?parent=73226"}],"wp:term":[{"taxonomy":"product_brand","embeddable":true,"href":"https:\/\/horecacenter.com\/fr\/wp-json\/wp\/v2\/product_brand?post=73226"},{"taxonomy":"product_cat","embeddable":true,"href":"https:\/\/horecacenter.com\/fr\/wp-json\/wp\/v2\/product_cat?post=73226"},{"taxonomy":"product_tag","embeddable":true,"href":"https:\/\/horecacenter.com\/fr\/wp-json\/wp\/v2\/product_tag?post=73226"}],"curies":[{"name":"wp","href":"https:\/\/api.w.org\/{rel}","templated":true}]}}