{"id":73798,"date":"2019-05-10T09:25:30","date_gmt":"2019-05-10T09:25:30","guid":{"rendered":"https:\/\/horecacenter.com\/?post_type=product&#038;p=73798"},"modified":"2026-01-02T14:12:57","modified_gmt":"2026-01-02T14:12:57","slug":"table-de-cafe-restaurant-et-horeca-rectangulaire-en-acier-et-bois-dacacia-80x120-cm","status":"publish","type":"product","link":"https:\/\/horecacenter.com\/fr\/produit\/table-de-cafe-restaurant-et-horeca-rectangulaire-en-acier-et-bois-dacacia-80x120-cm\/","title":{"rendered":"Table Rectangulaire de Restaurant- en Acier et Bois D&rsquo;acacia 120&#215;80 cm"},"content":{"rendered":"<p><span style=\"color: #000000;\">Le bois est un mat\u00e9riau naturel dont l&rsquo;aspect se d\u00e9t\u00e9riore lorsqu&rsquo;il est laiss\u00e9 \u00e0 l&rsquo;ext\u00e9rieur. Un rev\u00eatement de surface est indispensable pour le prot\u00e9ger de la fissuration \/ fente pr\u00e9matur\u00e9e du bois lorsqu&rsquo;il est expos\u00e9 aux intemp\u00e9ries. La finition doit \u00eatre entretenue r\u00e9guli\u00e8rement pour s&rsquo;assurer que le bois est prot\u00e9g\u00e9 de l&rsquo;humidit\u00e9 et que les meubles restent \u00e0 leur meilleur. Pour conserver l&rsquo;aspect du bois, des rev\u00eatements d&rsquo;huile de teck doivent \u00eatre appliqu\u00e9s r\u00e9guli\u00e8rement conform\u00e9ment aux instructions fournies avec l&rsquo;huile. La fr\u00e9quence d\u00e9pend des conditions m\u00e9t\u00e9orologiques. Nous vous recommandons d&rsquo;utiliser un parasol dans une position expos\u00e9e pour emp\u00eacher les huiles de s\u00e9cher et de s&rsquo;\u00e9cailler. Cela aidera \u00e0 conserver l&rsquo;aspect de la surface de la table. Pour conserver son apparence, ce meuble en bois doit \u00eatre prot\u00e9g\u00e9 des intemp\u00e9ries et rang\u00e9 en dessous couverture en hiver. Une couche d&rsquo;huile g\u00e9n\u00e9reuse doit \u00eatre appliqu\u00e9e au meuble avant la pose et \u00e0 nouveau quand il est retir\u00e9 du stockage. Si vous choisissez de ne pas traiter vos meubles, ils deviendront gris et se fissureront. Un l\u00e9ger pon\u00e7age peut restaurer la couleur d&rsquo;origine, et ensuite l&rsquo;huile de teck peut \u00eatre appliqu\u00e9e r\u00e9guli\u00e8rement selon les instructions ci-dessus.\u200b\u200b\u200b\u200b\u200b\u200b\u200b\u200b\u200b<\/span><\/p>\n<p><span style=\"color: #000000;\"><strong>Informations suppl\u00e9mentaires :<\/strong><\/span><\/p>\n<ul>\n<li><span style=\"color: #000000;\">Huil\u00e9 pour une utilisation durable.<\/span><\/li>\n<li><span style=\"color: #000000;\">Style minimaliste.<\/span><\/li>\n<li><span style=\"color: #000000;\">Montage facile \u00e0 faire soi-m\u00eame.<\/span><\/li>\n<li><span style=\"color: #000000;\">Construction solide en bois et acier.<\/span><\/li>\n<li><span style=\"color: #000000;\">Plateau en bois d&rsquo;acacia brun dor\u00e9.<\/span><\/li>\n<li><span style=\"color: #000000;\">Avec des pieds protecteurs pour le sol.<\/span><\/li>\n<li><span style=\"color: #000000;\">Trou pour parasol.<\/span><\/li>\n<li><span style=\"color: #000000;\">Acier noir mat thermolaqu\u00e9.<\/span><\/li>\n<li><span style=\"color: #000000;\">Bois d&rsquo;acacia issu de sources \u00e9thiques.<\/span><\/li>\n<\/ul>\n","protected":false},"excerpt":{"rendered":"<p>Le bois est un mat\u00e9riau naturel dont l&rsquo;aspect se d\u00e9t\u00e9riore lorsqu&rsquo;il est laiss\u00e9 \u00e0 l&rsquo;ext\u00e9rieur. Un rev\u00eatement de surface est<\/p>\n","protected":false},"featured_media":151034,"comment_status":"open","ping_status":"closed","template":"","meta":[],"product_brand":[],"product_cat":[9988,10088,10080,10084],"product_tag":[10540,10549,10533,10534,10535],"class_list":{"0":"post-73798","1":"product","2":"type-product","3":"status-publish","4":"has-post-thumbnail","6":"product_cat-assortiment-de-table-de-tpl-frene","7":"product_cat-bancs-industriels-3","8":"product_cat-bancs-industriels","9":"product_cat-bancs-industriels-2","10":"product_tag-horeca-furniture","11":"product_tag-nightlock-bank","12":"product_tag-horeca-meubelen","13":"product_tag-meuble-horeca","14":"product_tag-horeca-m-bel","15":"pa_frame-non-empilable-frame-fr","16":"pa_product-color-color-naturel-fr","17":"pa_product-frame-color-noir-framecolor-fr","18":"pa_product-more-dimensions-oui-fr","19":"pa_product-seats-4-seats-fr","20":"pa_product-usage-usage-interieur-fr","21":"pa_product-usage-usage-exterieur-fr","23":"first","24":"instock","25":"sale","26":"taxable","27":"shipping-taxable","28":"purchasable","29":"product-type-simple"},"_links":{"self":[{"href":"https:\/\/horecacenter.com\/fr\/wp-json\/wp\/v2\/product\/73798","targetHints":{"allow":["GET"]}}],"collection":[{"href":"https:\/\/horecacenter.com\/fr\/wp-json\/wp\/v2\/product"}],"about":[{"href":"https:\/\/horecacenter.com\/fr\/wp-json\/wp\/v2\/types\/product"}],"replies":[{"embeddable":true,"href":"https:\/\/horecacenter.com\/fr\/wp-json\/wp\/v2\/comments?post=73798"}],"version-history":[{"count":1,"href":"https:\/\/horecacenter.com\/fr\/wp-json\/wp\/v2\/product\/73798\/revisions"}],"predecessor-version":[{"id":169529,"href":"https:\/\/horecacenter.com\/fr\/wp-json\/wp\/v2\/product\/73798\/revisions\/169529"}],"wp:featuredmedia":[{"embeddable":true,"href":"https:\/\/horecacenter.com\/fr\/wp-json\/wp\/v2\/media\/151034"}],"wp:attachment":[{"href":"https:\/\/horecacenter.com\/fr\/wp-json\/wp\/v2\/media?parent=73798"}],"wp:term":[{"taxonomy":"product_brand","embeddable":true,"href":"https:\/\/horecacenter.com\/fr\/wp-json\/wp\/v2\/product_brand?post=73798"},{"taxonomy":"product_cat","embeddable":true,"href":"https:\/\/horecacenter.com\/fr\/wp-json\/wp\/v2\/product_cat?post=73798"},{"taxonomy":"product_tag","embeddable":true,"href":"https:\/\/horecacenter.com\/fr\/wp-json\/wp\/v2\/product_tag?post=73798"}],"curies":[{"name":"wp","href":"https:\/\/api.w.org\/{rel}","templated":true}]}}