{"id":74366,"date":"2019-11-21T16:29:57","date_gmt":"2019-11-21T16:29:57","guid":{"rendered":"https:\/\/horecacenter.com\/?post_type=product&#038;p=74366"},"modified":"2025-12-31T08:11:41","modified_gmt":"2025-12-31T08:11:41","slug":"table-de-cafe-restaurant-et-horeca-madrid-k3-70x120-cm-avec-base-2","status":"publish","type":"product","link":"https:\/\/horecacenter.com\/fr\/produit\/table-de-cafe-restaurant-et-horeca-madrid-k3-70x120-cm-avec-base-2\/","title":{"rendered":"Table de Restaurant Avec Pied &#8211; MADRID K3 &#8211; 70&#215;120 cm"},"content":{"rendered":"<p><i class=\"fas fa-check-circle description-icon-green\" aria-hidden=\"true\"><\/i><span style=\"color: #ff6600;\"> Les tables ne sont pas assembl\u00e9es.<\/span><br \/>\n<i class=\"fas fa-check-circle description-icon-green\" aria-hidden=\"true\"><\/i><span style=\"color: #339966;\"> Les plateaux de table ne sont pas pr\u00e9-perc\u00e9s.<\/span><br \/>\n<i class=\"fas fa-check-circle description-icon-green\" aria-hidden=\"true\"><\/i><span style=\"color: #ff6600;\"> Les vis sont incluses si les plateaux de table sont command\u00e9s avec les pieds de table.<\/span><br \/>\n<i class=\"fas fa-check-circle description-icon-green\" aria-hidden=\"true\"><\/i><span style=\"color: #339966;\"> Le mat\u00e9riel n\u00e9cessaire pour l\u2019assemblage est inclus dans la bo\u00eete.<\/span><\/p>\n","protected":false},"excerpt":{"rendered":"<p>Les tables ne sont pas assembl\u00e9es. Les plateaux de table ne sont pas pr\u00e9-perc\u00e9s. Les vis sont incluses si les<\/p>\n","protected":false},"featured_media":74367,"comment_status":"open","ping_status":"closed","template":"","meta":[],"product_brand":[],"product_cat":[10124],"product_tag":[10746,10747,10660,10748,10663,10749,10664,10750,10665,10787,10666,10667,10727,10729,10730,10731,10732,10733,10744,10745],"class_list":{"0":"post-74366","1":"product","2":"type-product","3":"status-publish","4":"has-post-thumbnail","6":"product_cat-madrid-k3-assortiment-de-table","7":"product_tag-tables-de-restaurant","8":"product_tag-pied-de-table","9":"product_tag-restaurant-meubelen","10":"product_tag-restaurant-tables","11":"product_tag-meubles-de-restaurant","12":"product_tag-restaurant-tabellen","13":"product_tag-restaurant-furniture","14":"product_tag-horeca-tabellen","15":"product_tag-restaurant-m-bel","16":"product_tag-table-2","17":"product_tag-table-base","18":"product_tag-tischbasis","19":"product_tag-tafels-3","20":"product_tag-horeca-tafels","21":"product_tag-tables-5","22":"product_tag-tables-horeca","23":"product_tag-horeca-tables","24":"product_tag-tische-3","25":"product_tag-tafel-onderstel","26":"product_tag-restaurant-tafels","27":"pa_product-frame-color-noir-framecolor-fr","28":"pa_product-more-colors-oui-fr","29":"pa_product-more-dimensions-oui-fr","30":"pa_product-seats-4-seats-fr","31":"pa_product-tabletop-color-aspect-bois-tabletop-color-fr","32":"pa_product-usage-usage-interieur-fr","33":"pa_table-height-cm-75-cm-fr","35":"first","36":"instock","37":"sale","38":"taxable","39":"shipping-taxable","40":"purchasable","41":"product-type-simple"},"_links":{"self":[{"href":"https:\/\/horecacenter.com\/fr\/wp-json\/wp\/v2\/product\/74366","targetHints":{"allow":["GET"]}}],"collection":[{"href":"https:\/\/horecacenter.com\/fr\/wp-json\/wp\/v2\/product"}],"about":[{"href":"https:\/\/horecacenter.com\/fr\/wp-json\/wp\/v2\/types\/product"}],"replies":[{"embeddable":true,"href":"https:\/\/horecacenter.com\/fr\/wp-json\/wp\/v2\/comments?post=74366"}],"version-history":[{"count":1,"href":"https:\/\/horecacenter.com\/fr\/wp-json\/wp\/v2\/product\/74366\/revisions"}],"predecessor-version":[{"id":173743,"href":"https:\/\/horecacenter.com\/fr\/wp-json\/wp\/v2\/product\/74366\/revisions\/173743"}],"wp:featuredmedia":[{"embeddable":true,"href":"https:\/\/horecacenter.com\/fr\/wp-json\/wp\/v2\/media\/74367"}],"wp:attachment":[{"href":"https:\/\/horecacenter.com\/fr\/wp-json\/wp\/v2\/media?parent=74366"}],"wp:term":[{"taxonomy":"product_brand","embeddable":true,"href":"https:\/\/horecacenter.com\/fr\/wp-json\/wp\/v2\/product_brand?post=74366"},{"taxonomy":"product_cat","embeddable":true,"href":"https:\/\/horecacenter.com\/fr\/wp-json\/wp\/v2\/product_cat?post=74366"},{"taxonomy":"product_tag","embeddable":true,"href":"https:\/\/horecacenter.com\/fr\/wp-json\/wp\/v2\/product_tag?post=74366"}],"curies":[{"name":"wp","href":"https:\/\/api.w.org\/{rel}","templated":true}]}}