{"id":74555,"date":"2019-12-05T18:50:29","date_gmt":"2019-12-05T18:50:29","guid":{"rendered":"https:\/\/horecacenter.com\/?post_type=product&#038;p=74555"},"modified":"2026-03-25T07:13:04","modified_gmt":"2026-03-25T07:13:04","slug":"horeca-armstoel-dex-microfibre-vintage","status":"publish","type":"product","link":"https:\/\/horecacenter.com\/fr\/produit\/horeca-armstoel-dex-microfibre-vintage\/","title":{"rendered":"Horeca Armstoel &#8211; DEX &#8211; Microfibre  Cognac"},"content":{"rendered":"<p>Ce fauteuil est recouvert de <strong>microfibre cognac<\/strong>, une mati\u00e8re douce et durable id\u00e9ale pour un usage intensif en horeca. La microfibre offre un excellent confort et une apparence chaleureuse et \u00e9l\u00e9gante.<\/p>\n<p><strong>Fauteuil Horeca Confortable et Intemporel<\/strong><\/p>\n<p>Ce fauteuil en microfibre, disponible en anthracite, brun et cognac, est con\u00e7u avec une structure solide en h\u00eatre weng\u00e9. Il garantit une grande durabilit\u00e9 et une finition haut de gamme. L\u2019assise douce assure un confort optimal. Le <strong>Fauteuil Horeca DEX \u2013 Microfibre Cognac<\/strong> apporte une ambiance chaleureuse et accueillante. Id\u00e9al pour restaurants et caf\u00e9s.<\/p>\n<p><strong>Entretien et nettoyage :<\/strong><br \/>\nEn cas de taches, essuyer imm\u00e9diatement avec un chiffon. Nettoyer ensuite avec une solution savonneuse douce. Rincer \u00e0 l\u2019eau propre.<\/p>\n<p>Vous lancez un projet horeca ? Contactez-nous via <strong>T\u00e9l\u00e9phone<\/strong>, <strong>WhatsApp<\/strong> ou <strong>e-mail<\/strong> ou visitez notre showroom.<\/p>\n","protected":false},"excerpt":{"rendered":"<p>Ce fauteuil est recouvert de microfibre cognac, une mati\u00e8re douce et durable id\u00e9ale pour un usage intensif en horeca. La<\/p>\n","protected":false},"featured_media":122901,"comment_status":"open","ping_status":"closed","template":"","meta":[],"product_brand":[],"product_cat":[10052,10064],"product_tag":[10587,10588,10578,10589,10579,10590,10580,10591,10581,10592,10582,10593,10583,10584,10585,10586],"class_list":{"0":"post-74555","1":"product","2":"type-product","3":"status-publish","4":"has-post-thumbnail","6":"product_cat-chaise-avec-accoudoir","7":"product_cat-chaises-industrielles-vintage-en-metal","8":"product_tag-industrial-chairs","9":"product_tag-restaurant-chairs","10":"product_tag-stoelen-2","11":"product_tag-horeca-chairs","12":"product_tag-horeca-stoelen","13":"product_tag-st-hle","14":"product_tag-restaurant-stoelen","15":"product_tag-industriest-hle","16":"product_tag-industrieel-stoelen","17":"product_tag-restaurantst-hle","18":"product_tag-chaises-2","19":"product_tag-horeca-st-hle","20":"product_tag-chaises-industrielles","21":"product_tag-chaises-de-restaurant","22":"product_tag-chaises-horeca","23":"product_tag-chairs-2","24":"pa_armrest-armrest-oui-fr","25":"pa_frame-non-empilable-frame-fr","26":"pa_product-color-color-cognac-fr","27":"pa_product-frame-color-wenge-frame-color-fr","28":"pa_product-material-cadre-en-hetre-material-fr","29":"pa_product-more-colors-oui-fr","30":"pa_product-seat-height-cm-51-seat-height-cm-fr","31":"pa_product-seats-1-seats-fr","32":"pa_product-upholstery-upholstery-microfibre-fr","33":"pa_product-usage-usage-interieur-fr","35":"first","36":"onbackorder","37":"sale","38":"taxable","39":"shipping-taxable","40":"purchasable","41":"product-type-simple"},"_links":{"self":[{"href":"https:\/\/horecacenter.com\/fr\/wp-json\/wp\/v2\/product\/74555","targetHints":{"allow":["GET"]}}],"collection":[{"href":"https:\/\/horecacenter.com\/fr\/wp-json\/wp\/v2\/product"}],"about":[{"href":"https:\/\/horecacenter.com\/fr\/wp-json\/wp\/v2\/types\/product"}],"replies":[{"embeddable":true,"href":"https:\/\/horecacenter.com\/fr\/wp-json\/wp\/v2\/comments?post=74555"}],"version-history":[{"count":5,"href":"https:\/\/horecacenter.com\/fr\/wp-json\/wp\/v2\/product\/74555\/revisions"}],"predecessor-version":[{"id":191240,"href":"https:\/\/horecacenter.com\/fr\/wp-json\/wp\/v2\/product\/74555\/revisions\/191240"}],"wp:featuredmedia":[{"embeddable":true,"href":"https:\/\/horecacenter.com\/fr\/wp-json\/wp\/v2\/media\/122901"}],"wp:attachment":[{"href":"https:\/\/horecacenter.com\/fr\/wp-json\/wp\/v2\/media?parent=74555"}],"wp:term":[{"taxonomy":"product_brand","embeddable":true,"href":"https:\/\/horecacenter.com\/fr\/wp-json\/wp\/v2\/product_brand?post=74555"},{"taxonomy":"product_cat","embeddable":true,"href":"https:\/\/horecacenter.com\/fr\/wp-json\/wp\/v2\/product_cat?post=74555"},{"taxonomy":"product_tag","embeddable":true,"href":"https:\/\/horecacenter.com\/fr\/wp-json\/wp\/v2\/product_tag?post=74555"}],"curies":[{"name":"wp","href":"https:\/\/api.w.org\/{rel}","templated":true}]}}