{"id":74814,"date":"2019-12-27T16:46:45","date_gmt":"2019-12-27T16:46:45","guid":{"rendered":"https:\/\/horecacenter.com\/?post_type=product&#038;p=74814"},"modified":"2025-12-31T08:08:05","modified_gmt":"2025-12-31T08:08:05","slug":"table-en-hetre-de-cafe-restaurant-et-horeca-mexico-75x120-cm-avec-base-en-fonte","status":"publish","type":"product","link":"https:\/\/horecacenter.com\/fr\/produit\/table-en-hetre-de-cafe-restaurant-et-horeca-mexico-75x120-cm-avec-base-en-fonte\/","title":{"rendered":"Table de Restaurant en Arbre Avec Pied &#8211; MEXICO &#8211; 75&#215;120 cm"},"content":{"rendered":"<p><span style=\"color: #000000;\">Une table en bois massif rayonne de chaleur et d&rsquo;authenticit\u00e9 et ne montre pas facilement les dommages ou les rayures.<br \/>\nId\u00e9ale pour une utilisation \u00e0 long terme et \u00e0 un prix abordable.<\/span><br \/>\n<span style=\"color: #000000;\">Nos plateaux de table en h\u00eatre d&rsquo;une \u00e9paisseur de 3,5 cm sont disponibles en diff\u00e9rentes couleurs et diff\u00e9rentes tailles.<\/span><\/p>\n<p><i class=\"fas fa-check-circle description-icon-green\" aria-hidden=\"true\"><\/i><span style=\"color: #ff6600;\"> Les tables ne sont pas assembl\u00e9es.<\/span><br \/>\n<i class=\"fas fa-check-circle description-icon-green\" aria-hidden=\"true\"><\/i><span style=\"color: #339966;\"> Les plateaux de table ne sont pas pr\u00e9-perc\u00e9s.<\/span><br \/>\n<i class=\"fas fa-check-circle description-icon-green\" aria-hidden=\"true\"><\/i><span style=\"color: #ff6600;\"> Les vis sont incluses si les plateaux de table sont command\u00e9s avec les pieds de table.<\/span><br \/>\n<i class=\"fas fa-check-circle description-icon-green\" aria-hidden=\"true\"><\/i><span style=\"color: #339966;\"> Le mat\u00e9riel n\u00e9cessaire pour l\u2019assemblage est inclus dans la bo\u00eete.<\/span><\/p>\n","protected":false},"excerpt":{"rendered":"<p>Une table en bois massif rayonne de chaleur et d&rsquo;authenticit\u00e9 et ne montre pas facilement les dommages ou les rayures.<\/p>\n","protected":false},"featured_media":74815,"comment_status":"open","ping_status":"closed","template":"","meta":[],"product_brand":[],"product_cat":[16562,16566],"product_tag":[10748,10727,10749,10729,10750,10730,10731,10732,10660,10733,10663,10744,10664,10745,10665,10746,10666,10747,10667],"class_list":{"0":"post-74814","1":"product","2":"type-product","3":"status-publish","4":"has-post-thumbnail","6":"product_cat-mexico-assortiment-de-table","7":"product_cat-mexico-assortiment-de-table-fr","8":"product_tag-restaurant-tables","9":"product_tag-tafels-3","10":"product_tag-restaurant-tabellen","11":"product_tag-horeca-tafels","12":"product_tag-horeca-tabellen","13":"product_tag-tables-5","14":"product_tag-tables-horeca","15":"product_tag-horeca-tables","16":"product_tag-restaurant-meubelen","17":"product_tag-tische-3","18":"product_tag-meubles-de-restaurant","19":"product_tag-tafel-onderstel","20":"product_tag-restaurant-furniture","21":"product_tag-restaurant-tafels","22":"product_tag-restaurant-m-bel","23":"product_tag-tables-de-restaurant","24":"product_tag-table-base","25":"product_tag-pied-de-table","26":"product_tag-tischbasis","27":"pa_product-frame-color-noir-framecolor-fr","28":"pa_product-more-colors-oui-fr","29":"pa_product-more-dimensions-oui-fr","30":"pa_product-seats-4-seats-fr","31":"pa_product-tabletop-color-aspect-bois-tabletop-color-fr","32":"pa_product-usage-usage-interieur-fr","33":"pa_table-height-cm-76-cm-fr","35":"first","36":"outofstock","37":"sale","38":"taxable","39":"shipping-taxable","40":"purchasable","41":"product-type-simple"},"_links":{"self":[{"href":"https:\/\/horecacenter.com\/fr\/wp-json\/wp\/v2\/product\/74814","targetHints":{"allow":["GET"]}}],"collection":[{"href":"https:\/\/horecacenter.com\/fr\/wp-json\/wp\/v2\/product"}],"about":[{"href":"https:\/\/horecacenter.com\/fr\/wp-json\/wp\/v2\/types\/product"}],"replies":[{"embeddable":true,"href":"https:\/\/horecacenter.com\/fr\/wp-json\/wp\/v2\/comments?post=74814"}],"version-history":[{"count":1,"href":"https:\/\/horecacenter.com\/fr\/wp-json\/wp\/v2\/product\/74814\/revisions"}],"predecessor-version":[{"id":173728,"href":"https:\/\/horecacenter.com\/fr\/wp-json\/wp\/v2\/product\/74814\/revisions\/173728"}],"wp:featuredmedia":[{"embeddable":true,"href":"https:\/\/horecacenter.com\/fr\/wp-json\/wp\/v2\/media\/74815"}],"wp:attachment":[{"href":"https:\/\/horecacenter.com\/fr\/wp-json\/wp\/v2\/media?parent=74814"}],"wp:term":[{"taxonomy":"product_brand","embeddable":true,"href":"https:\/\/horecacenter.com\/fr\/wp-json\/wp\/v2\/product_brand?post=74814"},{"taxonomy":"product_cat","embeddable":true,"href":"https:\/\/horecacenter.com\/fr\/wp-json\/wp\/v2\/product_cat?post=74814"},{"taxonomy":"product_tag","embeddable":true,"href":"https:\/\/horecacenter.com\/fr\/wp-json\/wp\/v2\/product_tag?post=74814"}],"curies":[{"name":"wp","href":"https:\/\/api.w.org\/{rel}","templated":true}]}}