{"id":75171,"date":"2020-01-27T11:04:02","date_gmt":"2020-01-27T11:04:02","guid":{"rendered":"https:\/\/horecacenter.com\/?post_type=product&#038;p=75171"},"modified":"2026-03-13T12:19:46","modified_gmt":"2026-03-13T12:19:46","slug":"chaise-de-cafe-restaurant-et-horeca-alessia-vintage-chene","status":"publish","type":"product","link":"https:\/\/horecacenter.com\/fr\/produit\/chaise-de-cafe-restaurant-et-horeca-alessia-vintage-chene\/","title":{"rendered":"Chaise de Restaurant &#8211; ALESSIA &#8211; Simili Cuir Ch\u00eane "},"content":{"rendered":"<p>La combinaison du <strong>bois couleur ch\u00eane et de l\u2019assise en similicuir<\/strong> offre une chaise durable et facile \u00e0 entretenir. Le similicuir est souvent utilis\u00e9 dans les int\u00e9rieurs horeca pour sa r\u00e9sistance et son nettoyage simple. La teinte bois apporte une ambiance naturelle.<\/p>\n<p><strong>Chaise Horeca Classique<\/strong><\/p>\n<p>La <strong>Chaise Horeca ALESSIA \u2013 Ch\u00eane Similicuir<\/strong> combine design intemporel et confort. Le dossier solide et l\u2019assise confortable offrent un bon soutien. Id\u00e9ale pour restaurants, caf\u00e9s et brasseries. La structure robuste en bois assure stabilit\u00e9 et durabilit\u00e9 pour un usage quotidien intensif. Son style \u00e9l\u00e9gant s\u2019int\u00e8gre facilement dans diff\u00e9rents concepts horeca. Nettoyez l\u2019assise en similicuir avec un chiffon doux. Les taches peuvent \u00eatre retir\u00e9es avec un chiffon l\u00e9g\u00e8rement humide et un produit doux. \u00c9vitez les produits agressifs. Vous ouvrez un restaurant ou r\u00e9am\u00e9nagez votre \u00e9tablissement ? Notre \u00e9quipe vous accompagne avec plaisir. Contactez-nous par <strong>T\u00e9l\u00e9phone<\/strong>, <strong>WhatsApp<\/strong> ou <strong>e-mail<\/strong> ou visitez notre showroom.<\/p>\n<p><span style=\"color: #000000;\"><strong>Informations suppl\u00e9mentaires :<\/strong><\/span><\/p>\n<ul>\n<li><span style=\"color: #000000;\">Livr\u00e9 avec un clou de glissement en plastique standard.<\/span><\/li>\n<li><span style=\"color: #000000;\">Livr\u00e9 enti\u00e8rement pr\u00eat \u00e0 l&#8217;emploi.<\/span><\/li>\n<li><span style=\"color: #000000;\">Produit europ\u00e9en garantie.<\/span><\/li>\n<li><span style=\"color: #000000;\">1 an de garantie.<\/span><\/li>\n<\/ul>\n","protected":false},"excerpt":{"rendered":"<p>La combinaison du bois couleur ch\u00eane et de l\u2019assise en similicuir offre une chaise durable et facile \u00e0 entretenir. Le<\/p>\n","protected":false},"featured_media":126575,"comment_status":"open","ping_status":"closed","template":"","meta":[],"product_brand":[],"product_cat":[10048],"product_tag":[10582,10583,10584,10585,10586,10587,10588,10589,10590,10591,10592,10593,10578,10579,10580,10581],"class_list":{"0":"post-75171","1":"product","2":"type-product","3":"status-publish","4":"has-post-thumbnail","6":"product_cat-chaises-classiques","7":"product_tag-chaises-2","8":"product_tag-chaises-industrielles","9":"product_tag-chaises-de-restaurant","10":"product_tag-chaises-horeca","11":"product_tag-chairs-2","12":"product_tag-industrial-chairs","13":"product_tag-restaurant-chairs","14":"product_tag-horeca-chairs","15":"product_tag-st-hle","16":"product_tag-industriest-hle","17":"product_tag-restaurantst-hle","18":"product_tag-horeca-st-hle","19":"product_tag-stoelen-2","20":"product_tag-horeca-stoelen","21":"product_tag-restaurant-stoelen","22":"product_tag-industrieel-stoelen","23":"pa_armrest-armrest-non-fr","24":"pa_frame-non-empilable-frame-fr","25":"pa_product-color-color-noir-fr","26":"pa_product-frame-color-aspect-bois-frame-color-fr","27":"pa_product-material-material-cadre-en-bois-fr","28":"pa_product-more-colors-oui-fr","29":"pa_product-seat-cm-40x39-seat-cm-fr","30":"pa_product-seat-height-cm-50-seat-height-cm-fr","31":"pa_product-seat-width-cm-41-50-seat-width-cm-fr","32":"pa_product-seats-1-seats-fr","33":"pa_product-upholstery-upholstery-simili-cuir-fr","34":"pa_product-usage-usage-interieur-fr","36":"first","37":"outofstock","38":"sale","39":"taxable","40":"shipping-taxable","41":"purchasable","42":"product-type-simple"},"_links":{"self":[{"href":"https:\/\/horecacenter.com\/fr\/wp-json\/wp\/v2\/product\/75171","targetHints":{"allow":["GET"]}}],"collection":[{"href":"https:\/\/horecacenter.com\/fr\/wp-json\/wp\/v2\/product"}],"about":[{"href":"https:\/\/horecacenter.com\/fr\/wp-json\/wp\/v2\/types\/product"}],"replies":[{"embeddable":true,"href":"https:\/\/horecacenter.com\/fr\/wp-json\/wp\/v2\/comments?post=75171"}],"version-history":[{"count":2,"href":"https:\/\/horecacenter.com\/fr\/wp-json\/wp\/v2\/product\/75171\/revisions"}],"predecessor-version":[{"id":189629,"href":"https:\/\/horecacenter.com\/fr\/wp-json\/wp\/v2\/product\/75171\/revisions\/189629"}],"wp:featuredmedia":[{"embeddable":true,"href":"https:\/\/horecacenter.com\/fr\/wp-json\/wp\/v2\/media\/126575"}],"wp:attachment":[{"href":"https:\/\/horecacenter.com\/fr\/wp-json\/wp\/v2\/media?parent=75171"}],"wp:term":[{"taxonomy":"product_brand","embeddable":true,"href":"https:\/\/horecacenter.com\/fr\/wp-json\/wp\/v2\/product_brand?post=75171"},{"taxonomy":"product_cat","embeddable":true,"href":"https:\/\/horecacenter.com\/fr\/wp-json\/wp\/v2\/product_cat?post=75171"},{"taxonomy":"product_tag","embeddable":true,"href":"https:\/\/horecacenter.com\/fr\/wp-json\/wp\/v2\/product_tag?post=75171"}],"curies":[{"name":"wp","href":"https:\/\/api.w.org\/{rel}","templated":true}]}}