{"id":75183,"date":"2020-01-27T11:28:51","date_gmt":"2020-01-27T11:28:51","guid":{"rendered":"https:\/\/horecacenter.com\/?post_type=product&#038;p=75183"},"modified":"2026-03-13T12:10:18","modified_gmt":"2026-03-13T12:10:18","slug":"chaise-de-cafe-restaurant-et-horeca-violet-vintage-chene","status":"publish","type":"product","link":"https:\/\/horecacenter.com\/fr\/produit\/chaise-de-cafe-restaurant-et-horeca-violet-vintage-chene\/","title":{"rendered":"Chaise de Restaurant &#8211; VIOLET &#8211; Bois de H\u00eatre Ch\u00eane "},"content":{"rendered":"<p>La <strong>structure en bois de h\u00eatre couleur ch\u00eane<\/strong> offre une construction solide et durable. Le h\u00eatre est souvent utilis\u00e9 dans les meubles horeca pour sa robustesse et sa longue dur\u00e9e de vie. La teinte ch\u00eane apporte une ambiance naturelle.<\/p>\n<p><strong>Chaise Horeca Classique<\/strong><\/p>\n<p>La <strong>Chaise Horeca VIOLET \u2013 H\u00eatre Couleur Ch\u00eane<\/strong> combine savoir-faire traditionnel et design intemporel. Le dossier ergonomique et l\u2019assise solide offrent un bon confort. Id\u00e9ale pour restaurants, caf\u00e9s et brasseries. La structure robuste en bois assure stabilit\u00e9 et durabilit\u00e9 pour un usage quotidien intensif. Son style \u00e9l\u00e9gant s\u2019int\u00e8gre facilement dans diff\u00e9rents concepts horeca. Nettoyez le bois r\u00e9guli\u00e8rement avec un chiffon sec. Les salet\u00e9s peuvent \u00eatre retir\u00e9es avec un chiffon l\u00e9g\u00e8rement humide. \u00c9vitez les produits agressifs. Vous ouvrez un restaurant ou r\u00e9am\u00e9nagez votre \u00e9tablissement ? Notre \u00e9quipe vous accompagne avec plaisir. Contactez-nous par <strong>T\u00e9l\u00e9phone<\/strong>, <strong>WhatsApp<\/strong> ou <strong>e-mail<\/strong> ou visitez notre showroom.<\/p>\n<p><span style=\"color: #000000;\"><strong>Informations suppl\u00e9mentaires :<\/strong><\/span><\/p>\n<ul>\n<li><span style=\"color: #000000;\">Livr\u00e9 avec un clou de glissement en plastique standard.<\/span><\/li>\n<li><span style=\"color: #000000;\">Livr\u00e9 enti\u00e8rement pr\u00eat \u00e0 l&#8217;emploi.<\/span><\/li>\n<li><span style=\"color: #000000;\">Produit europ\u00e9en garantie.<\/span><\/li>\n<li><span style=\"color: #000000;\">1 an de garantie.<\/span><\/li>\n<\/ul>\n","protected":false},"excerpt":{"rendered":"<p>La structure en bois de h\u00eatre couleur ch\u00eane offre une construction solide et durable. Le h\u00eatre est souvent utilis\u00e9 dans<\/p>\n","protected":false},"featured_media":126781,"comment_status":"open","ping_status":"closed","template":"","meta":[],"product_brand":[],"product_cat":[10048],"product_tag":[10582,10593,10583,10584,10585,10586,10587,10588,10578,10589,10579,10590,10580,10591,10581,10592],"class_list":{"0":"post-75183","1":"product","2":"type-product","3":"status-publish","4":"has-post-thumbnail","6":"product_cat-chaises-classiques","7":"product_tag-chaises-2","8":"product_tag-horeca-st-hle","9":"product_tag-chaises-industrielles","10":"product_tag-chaises-de-restaurant","11":"product_tag-chaises-horeca","12":"product_tag-chairs-2","13":"product_tag-industrial-chairs","14":"product_tag-restaurant-chairs","15":"product_tag-stoelen-2","16":"product_tag-horeca-chairs","17":"product_tag-horeca-stoelen","18":"product_tag-st-hle","19":"product_tag-restaurant-stoelen","20":"product_tag-industriest-hle","21":"product_tag-industrieel-stoelen","22":"product_tag-restaurantst-hle","23":"pa_armrest-armrest-non-fr","24":"pa_frame-non-empilable-frame-fr","25":"pa_product-color-color-chene-fr","26":"pa_product-frame-color-chene-frame-color-fr","27":"pa_product-material-material-cadre-en-bois-fr","28":"pa_product-more-dimensions-oui-fr","29":"pa_product-seat-height-cm-49-seat-height-cm-fr","30":"pa_product-seat-width-cm-4050-seat-width-cm-fr","31":"pa_product-seats-1-seats-fr","32":"pa_product-usage-usage-interieur-fr","34":"first","35":"instock","36":"sale","37":"taxable","38":"shipping-taxable","39":"purchasable","40":"product-type-simple"},"_links":{"self":[{"href":"https:\/\/horecacenter.com\/fr\/wp-json\/wp\/v2\/product\/75183","targetHints":{"allow":["GET"]}}],"collection":[{"href":"https:\/\/horecacenter.com\/fr\/wp-json\/wp\/v2\/product"}],"about":[{"href":"https:\/\/horecacenter.com\/fr\/wp-json\/wp\/v2\/types\/product"}],"replies":[{"embeddable":true,"href":"https:\/\/horecacenter.com\/fr\/wp-json\/wp\/v2\/comments?post=75183"}],"version-history":[{"count":2,"href":"https:\/\/horecacenter.com\/fr\/wp-json\/wp\/v2\/product\/75183\/revisions"}],"predecessor-version":[{"id":189621,"href":"https:\/\/horecacenter.com\/fr\/wp-json\/wp\/v2\/product\/75183\/revisions\/189621"}],"wp:featuredmedia":[{"embeddable":true,"href":"https:\/\/horecacenter.com\/fr\/wp-json\/wp\/v2\/media\/126781"}],"wp:attachment":[{"href":"https:\/\/horecacenter.com\/fr\/wp-json\/wp\/v2\/media?parent=75183"}],"wp:term":[{"taxonomy":"product_brand","embeddable":true,"href":"https:\/\/horecacenter.com\/fr\/wp-json\/wp\/v2\/product_brand?post=75183"},{"taxonomy":"product_cat","embeddable":true,"href":"https:\/\/horecacenter.com\/fr\/wp-json\/wp\/v2\/product_cat?post=75183"},{"taxonomy":"product_tag","embeddable":true,"href":"https:\/\/horecacenter.com\/fr\/wp-json\/wp\/v2\/product_tag?post=75183"}],"curies":[{"name":"wp","href":"https:\/\/api.w.org\/{rel}","templated":true}]}}