{"id":75731,"date":"2020-04-16T10:33:47","date_gmt":"2020-04-16T10:33:47","guid":{"rendered":"https:\/\/horecacenter.com\/?post_type=product&#038;p=75731"},"modified":"2026-03-16T14:57:32","modified_gmt":"2026-03-16T14:57:32","slug":"chaise-de-cafe-restaurant-et-horeca-mabel-2","status":"publish","type":"product","link":"https:\/\/horecacenter.com\/fr\/produit\/chaise-de-cafe-restaurant-et-horeca-mabel-2\/","title":{"rendered":"Chaise de Restaurant &#8211; MABEL &#8211; Simili Cuir Brun Fonc\u00e9"},"content":{"rendered":"<p>Cette chaise polyvalente est rev\u00eatue de <strong>simili cuir brun fonc\u00e9<\/strong>, un mat\u00e9riau \u00e9l\u00e9gant qui combine confort, durabilit\u00e9 et facilit\u00e9 d\u2019entretien. La surface douce reste r\u00e9sistante m\u00eame lors d\u2019une utilisation intensive. Elle convient parfaitement aux restaurants, caf\u00e9s et h\u00f4tels. La couleur brun fonc\u00e9 apporte chaleur et \u00e9l\u00e9gance \u00e0 tout int\u00e9rieur horeca.<\/p>\n<p><strong>Chaise Horeca \u00c9l\u00e9gante avec Confort Moderne<\/strong><\/p>\n<p>La <strong>Chaise Horeca MABEL \u2013 Simili cuir Brun Fonc\u00e9<\/strong> offre un \u00e9quilibre parfait entre style et fonctionnalit\u00e9. Le cadre en h\u00eatre weng\u00e9 apporte une base solide et une finition \u00e9l\u00e9gante. L\u2019assise confortable invite les clients \u00e0 profiter plus longtemps de leur visite. Gr\u00e2ce \u00e0 son design intemporel, cette chaise s\u2019int\u00e8gre facilement dans diff\u00e9rents styles d\u2019int\u00e9rieur horeca. Les mat\u00e9riaux de qualit\u00e9 et le design moderne cr\u00e9ent une atmosph\u00e8re chaleureuse et accueillante. Les chaises pour votre \u00e9tablissement existent dans de nombreuses formes, tailles et couleurs. Horeca Center propose une large s\u00e9lection avec diff\u00e9rents mat\u00e9riaux et niveaux de confort.<\/p>\n<p>Vous ne trouvez pas exactement ce que vous cherchez ? Horeca Center r\u00e9alise \u00e9galement du mobilier sur mesure. Contactez-nous par <strong>T\u00e9l\u00e9phone<\/strong>, <strong>WhatsApp<\/strong> ou <strong>e-mail<\/strong> ou visitez notre showroom.<\/p>\n<p><span style=\"color: #000000;\"><strong>Informations suppl\u00e9mentaires :<\/strong><\/span><\/p>\n<ul>\n<li><span style=\"color: #000000;\">Livr\u00e9 avec un clou de glissement en plastique standard.<\/span><\/li>\n<li><span style=\"color: #000000;\">Livr\u00e9 enti\u00e8rement pr\u00eat \u00e0 l&#8217;emploi.<\/span><\/li>\n<li><span style=\"color: #000000;\">Produit europ\u00e9en garantie.<\/span><\/li>\n<li><span style=\"color: #000000;\">1 an de garantie.<\/span><\/li>\n<\/ul>\n","protected":false},"excerpt":{"rendered":"<p>Cette chaise polyvalente est rev\u00eatue de simili cuir brun fonc\u00e9, un mat\u00e9riau \u00e9l\u00e9gant qui combine confort, durabilit\u00e9 et facilit\u00e9 d\u2019entretien.<\/p>\n","protected":false},"featured_media":87009,"comment_status":"open","ping_status":"closed","template":"","meta":[],"product_brand":[],"product_cat":[9856],"product_tag":[10588,10578,10589,10579,10590,10580,10591,10581,10592,10582,10593,10583,10584,10585,10586,10587],"class_list":{"0":"post-75731","1":"product","2":"type-product","3":"status-publish","4":"has-post-thumbnail","6":"product_cat-chaises-en-cuir","7":"product_tag-restaurant-chairs","8":"product_tag-stoelen-2","9":"product_tag-horeca-chairs","10":"product_tag-horeca-stoelen","11":"product_tag-st-hle","12":"product_tag-restaurant-stoelen","13":"product_tag-industriest-hle","14":"product_tag-industrieel-stoelen","15":"product_tag-restaurantst-hle","16":"product_tag-chaises-2","17":"product_tag-horeca-st-hle","18":"product_tag-chaises-industrielles","19":"product_tag-chaises-de-restaurant","20":"product_tag-chaises-horeca","21":"product_tag-chairs-2","22":"product_tag-industrial-chairs","23":"pa_armrest-armrest-non-fr","24":"pa_frame-non-empilable-frame-fr","25":"pa_product-color-color-brun-dd02-fr","26":"pa_product-color-color-brun-fr","27":"pa_product-frame-color-wenge-frame-color-fr","28":"pa_product-material-material-cadre-en-bois-fr","29":"pa_product-more-colors-oui-fr","30":"pa_product-seat-height-cm-51-seat-height-cm-fr","31":"pa_product-seat-width-cm-45-seat-width-cm-fr","32":"pa_product-seats-1-seats-fr","33":"pa_product-upholstery-upholstery-simili-cuir-fr","34":"pa_product-usage-usage-interieur-fr","36":"first","37":"onbackorder","38":"sale","39":"taxable","40":"shipping-taxable","41":"purchasable","42":"product-type-simple"},"_links":{"self":[{"href":"https:\/\/horecacenter.com\/fr\/wp-json\/wp\/v2\/product\/75731","targetHints":{"allow":["GET"]}}],"collection":[{"href":"https:\/\/horecacenter.com\/fr\/wp-json\/wp\/v2\/product"}],"about":[{"href":"https:\/\/horecacenter.com\/fr\/wp-json\/wp\/v2\/types\/product"}],"replies":[{"embeddable":true,"href":"https:\/\/horecacenter.com\/fr\/wp-json\/wp\/v2\/comments?post=75731"}],"version-history":[{"count":3,"href":"https:\/\/horecacenter.com\/fr\/wp-json\/wp\/v2\/product\/75731\/revisions"}],"predecessor-version":[{"id":189869,"href":"https:\/\/horecacenter.com\/fr\/wp-json\/wp\/v2\/product\/75731\/revisions\/189869"}],"wp:featuredmedia":[{"embeddable":true,"href":"https:\/\/horecacenter.com\/fr\/wp-json\/wp\/v2\/media\/87009"}],"wp:attachment":[{"href":"https:\/\/horecacenter.com\/fr\/wp-json\/wp\/v2\/media?parent=75731"}],"wp:term":[{"taxonomy":"product_brand","embeddable":true,"href":"https:\/\/horecacenter.com\/fr\/wp-json\/wp\/v2\/product_brand?post=75731"},{"taxonomy":"product_cat","embeddable":true,"href":"https:\/\/horecacenter.com\/fr\/wp-json\/wp\/v2\/product_cat?post=75731"},{"taxonomy":"product_tag","embeddable":true,"href":"https:\/\/horecacenter.com\/fr\/wp-json\/wp\/v2\/product_tag?post=75731"}],"curies":[{"name":"wp","href":"https:\/\/api.w.org\/{rel}","templated":true}]}}