{"id":76722,"date":"2020-06-29T13:28:18","date_gmt":"2020-06-29T13:28:18","guid":{"rendered":"https:\/\/horecacenter.com\/?post_type=product&#038;p=76722"},"modified":"2025-12-31T08:24:41","modified_gmt":"2025-12-31T08:24:41","slug":"table-de-cafe-restaurant-et-horeca-madrid-k2-70-120-cm-avec-base-2","status":"publish","type":"product","link":"https:\/\/horecacenter.com\/fr\/produit\/table-de-cafe-restaurant-et-horeca-madrid-k2-70-120-cm-avec-base-2\/","title":{"rendered":"Table de Restaurant Avec Pied &#8211; MADRID K2 &#8211; 70&#215;120 cm Avec Pied"},"content":{"rendered":"<p><i class=\"fas fa-check-circle description-icon-green\" aria-hidden=\"true\"><\/i><span style=\"color: #ff6600\"> Les tables ne sont pas assembl\u00e9es.<\/span><br \/>\n<i class=\"fas fa-check-circle description-icon-green\" aria-hidden=\"true\"><\/i><span style=\"color: #339966\"> Les plateaux de table ne sont pas pr\u00e9-perc\u00e9s.<\/span><br \/>\n<i class=\"fas fa-check-circle description-icon-green\" aria-hidden=\"true\"><\/i><span style=\"color: #ff6600\"> Les vis sont incluses si les plateaux de table sont command\u00e9s avec les pieds de table.<\/span><br \/>\n<i class=\"fas fa-check-circle description-icon-green\" aria-hidden=\"true\"><\/i><span style=\"color: #339966\"> Le mat\u00e9riel n\u00e9cessaire pour l\u2019assemblage est inclus dans la bo\u00eete.<\/span><\/p>\n","protected":false},"excerpt":{"rendered":"<p>Les tables ne sont pas assembl\u00e9es. Les plateaux de table ne sont pas pr\u00e9-perc\u00e9s. Les vis sont incluses si les<\/p>\n","protected":false},"featured_media":76723,"comment_status":"open","ping_status":"closed","template":"","meta":[],"product_brand":[],"product_cat":[10120],"product_tag":[10666,10747,10667,10748,10727,10749,10729,10750,10730,10787,10731,10732,10660,10733,10663,10744,10664,10745,10665,10746],"class_list":{"0":"post-76722","1":"product","2":"type-product","3":"status-publish","4":"has-post-thumbnail","6":"product_cat-madrid-k2-assortiment-de-table","7":"product_tag-table-base","8":"product_tag-pied-de-table","9":"product_tag-tischbasis","10":"product_tag-restaurant-tables","11":"product_tag-tafels-3","12":"product_tag-restaurant-tabellen","13":"product_tag-horeca-tafels","14":"product_tag-horeca-tabellen","15":"product_tag-tables-5","16":"product_tag-table-2","17":"product_tag-tables-horeca","18":"product_tag-horeca-tables","19":"product_tag-restaurant-meubelen","20":"product_tag-tische-3","21":"product_tag-meubles-de-restaurant","22":"product_tag-tafel-onderstel","23":"product_tag-restaurant-furniture","24":"product_tag-restaurant-tafels","25":"product_tag-restaurant-m-bel","26":"product_tag-tables-de-restaurant","27":"pa_product-frame-color-noir-framecolor-fr","28":"pa_product-more-colors-oui-fr","29":"pa_product-more-dimensions-oui-fr","30":"pa_product-seats-4-seats-fr","31":"pa_product-tabletop-color-aspect-bois-tabletop-color-fr","32":"pa_product-usage-usage-interieur-fr","33":"pa_table-height-cm-75-cm-fr","35":"first","36":"instock","37":"sale","38":"taxable","39":"shipping-taxable","40":"purchasable","41":"product-type-simple"},"_links":{"self":[{"href":"https:\/\/horecacenter.com\/fr\/wp-json\/wp\/v2\/product\/76722","targetHints":{"allow":["GET"]}}],"collection":[{"href":"https:\/\/horecacenter.com\/fr\/wp-json\/wp\/v2\/product"}],"about":[{"href":"https:\/\/horecacenter.com\/fr\/wp-json\/wp\/v2\/types\/product"}],"replies":[{"embeddable":true,"href":"https:\/\/horecacenter.com\/fr\/wp-json\/wp\/v2\/comments?post=76722"}],"version-history":[{"count":1,"href":"https:\/\/horecacenter.com\/fr\/wp-json\/wp\/v2\/product\/76722\/revisions"}],"predecessor-version":[{"id":173917,"href":"https:\/\/horecacenter.com\/fr\/wp-json\/wp\/v2\/product\/76722\/revisions\/173917"}],"wp:featuredmedia":[{"embeddable":true,"href":"https:\/\/horecacenter.com\/fr\/wp-json\/wp\/v2\/media\/76723"}],"wp:attachment":[{"href":"https:\/\/horecacenter.com\/fr\/wp-json\/wp\/v2\/media?parent=76722"}],"wp:term":[{"taxonomy":"product_brand","embeddable":true,"href":"https:\/\/horecacenter.com\/fr\/wp-json\/wp\/v2\/product_brand?post=76722"},{"taxonomy":"product_cat","embeddable":true,"href":"https:\/\/horecacenter.com\/fr\/wp-json\/wp\/v2\/product_cat?post=76722"},{"taxonomy":"product_tag","embeddable":true,"href":"https:\/\/horecacenter.com\/fr\/wp-json\/wp\/v2\/product_tag?post=76722"}],"curies":[{"name":"wp","href":"https:\/\/api.w.org\/{rel}","templated":true}]}}