{"id":76884,"date":"2020-07-01T15:11:23","date_gmt":"2020-07-01T15:11:23","guid":{"rendered":"https:\/\/horecacenter.com\/?post_type=product&#038;p=76884"},"modified":"2025-10-21T12:35:53","modified_gmt":"2025-10-21T12:35:53","slug":"table-de-terrasse-de-cafe-restaurant-et-horeca-werzalit-indian-shesman-70-120-cm","status":"publish","type":"product","link":"https:\/\/horecacenter.com\/fr\/produit\/table-de-terrasse-de-cafe-restaurant-et-horeca-werzalit-indian-shesman-70-120-cm\/","title":{"rendered":"Table Pour Terrasse de Restaurant &#8211; WERZALIT INDIAN SHESMAN &#8211; 70&#215;120 cm"},"content":{"rendered":"<p><span style=\"color: #000000\">Convient \u00e0 la terrasse, r\u00e9sistant \u00e0 la pluie.<\/span><\/p>\n<p><i class=\"fas fa-check-circle description-icon-green\" aria-hidden=\"true\"><\/i><span style=\"color: #ff6600\"> Les tables ne sont pas assembl\u00e9es.<\/span><br \/>\n<i class=\"fas fa-check-circle description-icon-green\" aria-hidden=\"true\"><\/i><span style=\"color: #339966\"> Les plateaux de table ne sont pas pr\u00e9-perc\u00e9s.<\/span><br \/>\n<i class=\"fas fa-check-circle description-icon-green\" aria-hidden=\"true\"><\/i><span style=\"color: #ff6600\"> Les vis sont incluses si les plateaux de table sont command\u00e9s avec les pieds de table.<\/span><br \/>\n<i class=\"fas fa-check-circle description-icon-green\" aria-hidden=\"true\"><\/i><span style=\"color: #339966\"> Le mat\u00e9riel n\u00e9cessaire pour l\u2019assemblage est inclus dans la bo\u00eete.<\/span><\/p>\n","protected":false},"excerpt":{"rendered":"<p>Convient \u00e0 la terrasse, r\u00e9sistant \u00e0 la pluie. Les tables ne sont pas assembl\u00e9es. Les plateaux de table ne sont<\/p>\n","protected":false},"featured_media":76885,"comment_status":"open","ping_status":"closed","template":"","meta":[],"product_brand":[],"product_cat":[9956,10196],"product_tag":[10738,10665,10727,10728,10729,10533,10730,10535,10731,10540,10732,10610,10733,10660,10736,10663,10737,10664],"class_list":{"0":"post-76884","1":"product","2":"type-product","3":"status-publish","4":"has-post-thumbnail","6":"product_cat-werzalit-is-assortiment-de-table","7":"product_cat-70x120-tables-2","8":"product_tag-terrastafels-2","9":"product_tag-restaurant-m-bel","10":"product_tag-tafels-3","11":"product_tag-werzalit","12":"product_tag-horeca-tafels","13":"product_tag-horeca-meubelen","14":"product_tag-tables-5","15":"product_tag-horeca-m-bel","16":"product_tag-tables-horeca","17":"product_tag-horeca-furniture","18":"product_tag-horeca-tables","19":"product_tag-meubles-horeca","20":"product_tag-tische-3","21":"product_tag-restaurant-meubelen","22":"product_tag-terrassentisch-2","23":"product_tag-meubles-de-restaurant","24":"product_tag-horeca-tische","25":"product_tag-restaurant-furniture","26":"pa_frame-non-empilable-frame-fr","27":"pa_product-frame-color-noir-framecolor-fr","28":"pa_product-more-colors-oui-fr","29":"pa_product-more-dimensions-oui-fr","30":"pa_product-tabletop-color-aspect-bois-tabletop-color-fr","31":"pa_product-usage-usage-interieur-fr","32":"pa_product-usage-usage-exterieur-fr","33":"pa_table-height-cm-72-cm-fr","35":"first","36":"instock","37":"sale","38":"taxable","39":"shipping-taxable","40":"purchasable","41":"product-type-simple"},"_links":{"self":[{"href":"https:\/\/horecacenter.com\/fr\/wp-json\/wp\/v2\/product\/76884","targetHints":{"allow":["GET"]}}],"collection":[{"href":"https:\/\/horecacenter.com\/fr\/wp-json\/wp\/v2\/product"}],"about":[{"href":"https:\/\/horecacenter.com\/fr\/wp-json\/wp\/v2\/types\/product"}],"replies":[{"embeddable":true,"href":"https:\/\/horecacenter.com\/fr\/wp-json\/wp\/v2\/comments?post=76884"}],"version-history":[{"count":0,"href":"https:\/\/horecacenter.com\/fr\/wp-json\/wp\/v2\/product\/76884\/revisions"}],"wp:featuredmedia":[{"embeddable":true,"href":"https:\/\/horecacenter.com\/fr\/wp-json\/wp\/v2\/media\/76885"}],"wp:attachment":[{"href":"https:\/\/horecacenter.com\/fr\/wp-json\/wp\/v2\/media?parent=76884"}],"wp:term":[{"taxonomy":"product_brand","embeddable":true,"href":"https:\/\/horecacenter.com\/fr\/wp-json\/wp\/v2\/product_brand?post=76884"},{"taxonomy":"product_cat","embeddable":true,"href":"https:\/\/horecacenter.com\/fr\/wp-json\/wp\/v2\/product_cat?post=76884"},{"taxonomy":"product_tag","embeddable":true,"href":"https:\/\/horecacenter.com\/fr\/wp-json\/wp\/v2\/product_tag?post=76884"}],"curies":[{"name":"wp","href":"https:\/\/api.w.org\/{rel}","templated":true}]}}