{"id":77781,"date":"2020-08-08T11:01:23","date_gmt":"2020-08-08T11:01:23","guid":{"rendered":"https:\/\/horecacenter.com\/?post_type=product&#038;p=77781"},"modified":"2025-12-03T10:45:29","modified_gmt":"2025-12-03T10:45:29","slug":"chaise-de-bar-de-cafe-restaurant-et-horeca-riva-s-noire","status":"publish","type":"product","link":"https:\/\/horecacenter.com\/fr\/produit\/chaise-de-bar-de-cafe-restaurant-et-horeca-riva-s-noire\/","title":{"rendered":"Chaise de Bar en Bois Pour Restaurant &#8211; RIVA &#8211; Simili Cuir Ch\u00eane\/Noir"},"content":{"rendered":"<p><span style=\"color: #000000;\">Ce tabouret de bar \u00e9l\u00e9gant combine une assise en similicuir noir raffin\u00e9 avec un cadre en h\u00eatre teint\u00e9 weng\u00e9 durable, offrant un m\u00e9lange parfait de confort et de classe. Sa construction robuste et sa finition de haute qualit\u00e9 rendent ce tabouret id\u00e9al pour un usage intensif dans les environnements h\u00f4teliers. Le similicuir doux est non seulement confortable, mais aussi facile \u00e0 entretenir, ce qui en fait un ajout pratique et \u00e9l\u00e9gant \u00e0 votre int\u00e9rieur.<\/span><\/p>\n<p><span style=\"color: #000000;\">Avec son attrait intemporel, ce tabouret de bar est parfait pour les restaurants, caf\u00e9s et bars souhaitant projeter une ambiance chaleureuse et professionnelle. Le design du dossier en forme d&rsquo;\u00e9chelle offre un soutien suppl\u00e9mentaire, tandis que la riche couleur weng\u00e9 apporte une touche luxueuse et accueillante \u00e0 votre espace. Optez pour un tabouret de bar qui allie confort, durabilit\u00e9 et raffinement \u2013 un choix \u00e9l\u00e9gant pour sublimer votre concept h\u00f4telier et inciter vos clients \u00e0 prolonger leur s\u00e9jour.<\/span><\/p>\n<p><span style=\"color: #000000;\"><strong>Informations suppl\u00e9mentaires :<\/strong><\/span><\/p>\n<ul>\n<li><span style=\"color: #000000;\">Fourni en standard avec des pieds de bouton coulissants en plastique.<\/span><\/li>\n<li><span style=\"color: #000000;\">Compl\u00e8tement pr\u00eat \u00e0 l&#8217;emploi.<\/span><\/li>\n<li><span style=\"color: #000000;\">Produit europ\u00e9en garantie.<\/span><\/li>\n<li><span style=\"color: #000000;\">Garantie constructeur 1 an.<\/span><\/li>\n<\/ul>\n","protected":false},"excerpt":{"rendered":"<p>Ce tabouret de bar \u00e9l\u00e9gant combine une assise en similicuir noir raffin\u00e9 avec un cadre en h\u00eatre teint\u00e9 weng\u00e9 durable,<\/p>\n","protected":false},"featured_media":145080,"comment_status":"open","ping_status":"closed","template":"","meta":[],"product_brand":[],"product_cat":[10268],"product_tag":[10588,10589,10592,10593,10609,10610,10533,10540,10579,10580,10584,10585],"class_list":{"0":"post-77781","1":"product","2":"type-product","3":"status-publish","4":"has-post-thumbnail","6":"product_cat-chaises-de-bar-en-bois","7":"product_tag-restaurant-chairs","8":"product_tag-horeca-chairs","9":"product_tag-restaurantst-hle","10":"product_tag-horeca-st-hle","11":"product_tag-barstoel","12":"product_tag-meubles-horeca","13":"product_tag-horeca-meubelen","14":"product_tag-horeca-furniture","15":"product_tag-horeca-stoelen","16":"product_tag-restaurant-stoelen","17":"product_tag-chaises-de-restaurant","18":"product_tag-chaises-horeca","19":"pa_frame-non-empilable-frame-fr","20":"pa_product-color-color-chene-fr","21":"pa_product-frame-color-wenge-frame-color-fr","22":"pa_product-material-cadre-en-hetre-material-fr","23":"pa_product-more-dimensions-oui-fr","24":"pa_product-seat-depth-cm-41-seat-depth-cm-nl-fr","25":"pa_product-seat-height-cm-80-seat-height-cm-fr","26":"pa_product-seat-width-cm-43-50-seat-width-cm-fr","27":"pa_product-seats-1-seats-fr","28":"pa_product-upholstery-upholstery-simili-cuir-fr","29":"pa_product-usage-usage-interieur-fr","31":"first","32":"instock","33":"sale","34":"taxable","35":"shipping-taxable","36":"purchasable","37":"product-type-simple"},"_links":{"self":[{"href":"https:\/\/horecacenter.com\/fr\/wp-json\/wp\/v2\/product\/77781","targetHints":{"allow":["GET"]}}],"collection":[{"href":"https:\/\/horecacenter.com\/fr\/wp-json\/wp\/v2\/product"}],"about":[{"href":"https:\/\/horecacenter.com\/fr\/wp-json\/wp\/v2\/types\/product"}],"replies":[{"embeddable":true,"href":"https:\/\/horecacenter.com\/fr\/wp-json\/wp\/v2\/comments?post=77781"}],"version-history":[{"count":3,"href":"https:\/\/horecacenter.com\/fr\/wp-json\/wp\/v2\/product\/77781\/revisions"}],"predecessor-version":[{"id":169796,"href":"https:\/\/horecacenter.com\/fr\/wp-json\/wp\/v2\/product\/77781\/revisions\/169796"}],"wp:featuredmedia":[{"embeddable":true,"href":"https:\/\/horecacenter.com\/fr\/wp-json\/wp\/v2\/media\/145080"}],"wp:attachment":[{"href":"https:\/\/horecacenter.com\/fr\/wp-json\/wp\/v2\/media?parent=77781"}],"wp:term":[{"taxonomy":"product_brand","embeddable":true,"href":"https:\/\/horecacenter.com\/fr\/wp-json\/wp\/v2\/product_brand?post=77781"},{"taxonomy":"product_cat","embeddable":true,"href":"https:\/\/horecacenter.com\/fr\/wp-json\/wp\/v2\/product_cat?post=77781"},{"taxonomy":"product_tag","embeddable":true,"href":"https:\/\/horecacenter.com\/fr\/wp-json\/wp\/v2\/product_tag?post=77781"}],"curies":[{"name":"wp","href":"https:\/\/api.w.org\/{rel}","templated":true}]}}