{"id":77800,"date":"2020-08-08T11:26:04","date_gmt":"2020-08-08T11:26:04","guid":{"rendered":"https:\/\/horecacenter.com\/?post_type=product&#038;p=77800"},"modified":"2026-01-03T07:42:46","modified_gmt":"2026-01-03T07:42:46","slug":"tete-de-lit-de-restaurant-vintage-microfibre-brun","status":"publish","type":"product","link":"https:\/\/horecacenter.com\/fr\/produit\/tete-de-lit-de-restaurant-vintage-microfibre-brun\/","title":{"rendered":"T\u00eate de Lit de Restaurant &#8211;  Microfibre Brun"},"content":{"rendered":"<p><span style=\"color: #000000;\">Cette t\u00eate de lit \u00e9l\u00e9gante avec un rev\u00eatement en microfibre marron et des motifs de couture raffin\u00e9s offre une apparence chaleureuse et luxueuse pour les restaurants et caf\u00e9s. Le mat\u00e9riau doux et durable est parfait pour les \u00e9tablissements de restauration qui souhaitent allier confort et style. Un design raffin\u00e9 qui enrichit votre int\u00e9rieur et offre \u00e0 vos invit\u00e9s une atmosph\u00e8re accueillante. Le choix id\u00e9al pour cr\u00e9er une ambiance \u00e9l\u00e9gante et confortable !<\/span><\/p>\n","protected":false},"excerpt":{"rendered":"<p>Cette t\u00eate de lit \u00e9l\u00e9gante avec un rev\u00eatement en microfibre marron et des motifs de couture raffin\u00e9s offre une apparence<\/p>\n","protected":false},"featured_media":151084,"comment_status":"open","ping_status":"closed","template":"","meta":[],"product_brand":[],"product_cat":[9828],"product_tag":[10663,10664,10665,10533,10534,10535,10540,10610,10651,10660],"class_list":{"0":"post-77800","1":"product","2":"type-product","3":"status-publish","4":"has-post-thumbnail","6":"product_cat-tete-de-lit","7":"product_tag-meubles-de-restaurant","8":"product_tag-restaurant-furniture","9":"product_tag-restaurant-m-bel","10":"product_tag-horeca-meubelen","11":"product_tag-meuble-horeca","12":"product_tag-horeca-m-bel","13":"product_tag-horeca-furniture","14":"product_tag-meubles-horeca","15":"product_tag-horeca-inrichting","16":"product_tag-restaurant-meubelen","17":"pa_product-color-color-brun-fr","18":"pa_product-more-colors-oui-fr","19":"pa_product-upholstery-upholstery-microfibre-fr","20":"pa_product-usage-usage-interieur-fr","22":"first","23":"outofstock","24":"sale","25":"taxable","26":"shipping-taxable","27":"purchasable","28":"product-type-simple"},"_links":{"self":[{"href":"https:\/\/horecacenter.com\/fr\/wp-json\/wp\/v2\/product\/77800","targetHints":{"allow":["GET"]}}],"collection":[{"href":"https:\/\/horecacenter.com\/fr\/wp-json\/wp\/v2\/product"}],"about":[{"href":"https:\/\/horecacenter.com\/fr\/wp-json\/wp\/v2\/types\/product"}],"replies":[{"embeddable":true,"href":"https:\/\/horecacenter.com\/fr\/wp-json\/wp\/v2\/comments?post=77800"}],"version-history":[{"count":2,"href":"https:\/\/horecacenter.com\/fr\/wp-json\/wp\/v2\/product\/77800\/revisions"}],"predecessor-version":[{"id":169664,"href":"https:\/\/horecacenter.com\/fr\/wp-json\/wp\/v2\/product\/77800\/revisions\/169664"}],"wp:featuredmedia":[{"embeddable":true,"href":"https:\/\/horecacenter.com\/fr\/wp-json\/wp\/v2\/media\/151084"}],"wp:attachment":[{"href":"https:\/\/horecacenter.com\/fr\/wp-json\/wp\/v2\/media?parent=77800"}],"wp:term":[{"taxonomy":"product_brand","embeddable":true,"href":"https:\/\/horecacenter.com\/fr\/wp-json\/wp\/v2\/product_brand?post=77800"},{"taxonomy":"product_cat","embeddable":true,"href":"https:\/\/horecacenter.com\/fr\/wp-json\/wp\/v2\/product_cat?post=77800"},{"taxonomy":"product_tag","embeddable":true,"href":"https:\/\/horecacenter.com\/fr\/wp-json\/wp\/v2\/product_tag?post=77800"}],"curies":[{"name":"wp","href":"https:\/\/api.w.org\/{rel}","templated":true}]}}