{"id":77976,"date":"2020-10-26T14:38:58","date_gmt":"2020-10-26T14:38:58","guid":{"rendered":"https:\/\/horecacenter.com\/?post_type=product&#038;p=77976"},"modified":"2024-06-07T06:46:23","modified_gmt":"2024-06-07T06:46:23","slug":"roccamena-lampe-pendentif","status":"publish","type":"product","link":"https:\/\/horecacenter.com\/fr\/produit\/roccamena-lampe-pendentif\/","title":{"rendered":"Roccamena Lampe Pendentif"},"content":{"rendered":"<p><span style=\"color: #000000\">Ce luminaire en suspension de la s\u00e9rie ROCCAMENA est fabriqu\u00e9 en acier noir et cuivr\u00e9. Il dispose d\u2019une isolation renforc\u00e9e et n\u00e9cessite une ampoule E27 pour illuminer.<\/span><\/p>\n<p><span style=\"color: #000000\"><strong>Informations suppl\u00e9mentaires :<\/strong><\/span><\/p>\n<ul>\n<li><span style=\"color: #000000\">Tension de secteur : 220-240V,50\/60Hz.<\/span><\/li>\n<li><span style=\"color: #000000\">Tension de service : 220-240V,50\/60Hz.<\/span><\/li>\n<li><span style=\"color: #000000\">Type d\u2019interrupteur : sans interrupteur.<\/span><\/li>\n<li><span style=\"color: #000000\">Type d&rsquo;ampoule : E27.<\/span><\/li>\n<li><span style=\"color: #000000\">Pile : aucun.<\/span><\/li>\n<li><span style=\"color: #000000\">Diam\u00e8tre de l&rsquo;article (en mm) : 130.<\/span><\/li>\n<li><span style=\"color: #000000\">Hauteur de la canop\u00e9e (en mm) : 34.<\/span><\/li>\n<li><span style=\"color: #000000\">Diam\u00e8tre de la canop\u00e9e (en mm) : 125\u200b\u200b\u200b\u200b\u200b\u200b\u200b.<\/span><\/li>\n<\/ul>\n<p><span style=\"color: #000000\"><strong>AMPOULES NON INCLUSES !\u200b\u200b\u200b\u200b\u200b\u200b\u200b<\/strong><\/span><br \/>\n<span style=\"color: #000000\"><strong>VENTE MINIMUM DE 4 PI\u00c8CES POUR TOUTE LA COLLECTION.<\/strong><\/span><\/p>\n","protected":false},"excerpt":{"rendered":"<p>Ce luminaire en suspension de la s\u00e9rie ROCCAMENA est fabriqu\u00e9 en acier noir et cuivr\u00e9. Il dispose d\u2019une isolation renforc\u00e9e<\/p>\n","protected":false},"featured_media":77977,"comment_status":"open","ping_status":"closed","template":"","meta":[],"product_brand":[],"product_cat":[10180],"product_tag":[10533,10535,10540,10610,10663,10664,10665],"class_list":{"0":"post-77976","1":"product","2":"type-product","3":"status-publish","4":"has-post-thumbnail","6":"product_cat-eclairage-industriel","7":"product_tag-horeca-meubelen","8":"product_tag-horeca-m-bel","9":"product_tag-horeca-furniture","10":"product_tag-meubles-horeca","11":"product_tag-meubles-de-restaurant","12":"product_tag-restaurant-furniture","13":"product_tag-restaurant-m-bel","14":"pa_product-color-color-noir-fr","15":"pa_product-material-acier-material-fr","16":"pa_product-usage-usage-interieur-fr","18":"first","19":"onbackorder","20":"taxable","21":"shipping-taxable","22":"purchasable","23":"product-type-simple"},"_links":{"self":[{"href":"https:\/\/horecacenter.com\/fr\/wp-json\/wp\/v2\/product\/77976","targetHints":{"allow":["GET"]}}],"collection":[{"href":"https:\/\/horecacenter.com\/fr\/wp-json\/wp\/v2\/product"}],"about":[{"href":"https:\/\/horecacenter.com\/fr\/wp-json\/wp\/v2\/types\/product"}],"replies":[{"embeddable":true,"href":"https:\/\/horecacenter.com\/fr\/wp-json\/wp\/v2\/comments?post=77976"}],"version-history":[{"count":0,"href":"https:\/\/horecacenter.com\/fr\/wp-json\/wp\/v2\/product\/77976\/revisions"}],"wp:featuredmedia":[{"embeddable":true,"href":"https:\/\/horecacenter.com\/fr\/wp-json\/wp\/v2\/media\/77977"}],"wp:attachment":[{"href":"https:\/\/horecacenter.com\/fr\/wp-json\/wp\/v2\/media?parent=77976"}],"wp:term":[{"taxonomy":"product_brand","embeddable":true,"href":"https:\/\/horecacenter.com\/fr\/wp-json\/wp\/v2\/product_brand?post=77976"},{"taxonomy":"product_cat","embeddable":true,"href":"https:\/\/horecacenter.com\/fr\/wp-json\/wp\/v2\/product_cat?post=77976"},{"taxonomy":"product_tag","embeddable":true,"href":"https:\/\/horecacenter.com\/fr\/wp-json\/wp\/v2\/product_tag?post=77976"}],"curies":[{"name":"wp","href":"https:\/\/api.w.org\/{rel}","templated":true}]}}