{"id":78010,"date":"2020-10-26T16:26:07","date_gmt":"2020-10-26T16:26:07","guid":{"rendered":"https:\/\/horecacenter.com\/?post_type=product&#038;p=78010"},"modified":"2025-10-15T11:26:54","modified_gmt":"2025-10-15T11:26:54","slug":"led-bulb-ampoule-filament-9-5-cm","status":"publish","type":"product","link":"https:\/\/horecacenter.com\/fr\/produit\/led-bulb-ampoule-filament-9-5-cm\/","title":{"rendered":"LED Bulb &#8211; Ampoule Filament &#8211; \u00d89,50 cm"},"content":{"rendered":"<p><span style=\"color: #000000;\">Une ampoule LED avec le look vintage d&rsquo;une lampe \u00e0 incandescence ou \u00e0 filament. Voici la LED Bulb. Le verre ambr\u00e9 de la lampe et les filaments visibles donneront \u00e0 toutes les lampes une apparence unique. Avec sa lumi\u00e8re blanche chaude, elle contribuera \u00e0 des soir\u00e9es agr\u00e9ables dans un int\u00e9rieur confortable avec vos amis ou en famille. Les filaments de carbone forment une spirale d\u00e9corative. LED Bulb est \u00e9galement dimmable. Le caract\u00e8re \u00e9conome en \u00e9nergie de la lampe garantit une consommation d&rsquo;\u00e9nergie r\u00e9duite.<\/span><\/p>\n<p><span style=\"color: #000000;\"><strong>Caract\u00e9ristiques uniques du produit :<\/strong><\/span><\/p>\n<ul>\n<li><span style=\"color: #000000;\">Type d&rsquo;ampoule : E27 \/ Led.<\/span><\/li>\n<li><span style=\"color: #000000;\">Consommation \u00e9nerg\u00e9tique : 5W \/ 230V \/ A.<\/span><\/li>\n<li><span style=\"color: #000000;\">Flux lumineux de 260 lumen.<\/span><\/li>\n<li><span style=\"color: #000000;\">Dispose d&rsquo;une lumi\u00e8re blanche tr\u00e8s chaude (2200K).<\/span><\/li>\n<li><span style=\"color: #000000;\">Ampoule \u00e0 intensit\u00e9 variable.<\/span><\/li>\n<li><span style=\"color: #000000;\">Dimmable : Oui.<\/span><\/li>\n<li><span style=\"color: #000000;\">Hauteur r\u00e9glable : Non R\u00e9glable En Hauteur.<\/span><\/li>\n<li><span style=\"color: #000000;\">Orientable : Non Orientable.<\/span><\/li>\n<li><span style=\"color: #000000;\">Capteur : Sans D\u00e9tecteur.<\/span><\/li>\n<li><span style=\"color: #000000;\">Contr\u00f4le : Commande Par Interrupteur Mural.<\/span><\/li>\n<li><span style=\"color: #000000;\">Type d&rsquo;alimentation : Adapteur\/R\u00e9seau \u00c9lectrique.<\/span><\/li>\n<li><span style=\"color: #000000;\">Forme : Rond.<\/span><\/li>\n<li><span style=\"color: #000000;\">Groupe de produit : Ampoules filaments.<\/span><\/li>\n<li><span style=\"color: #000000;\">Douille : E27.<\/span><\/li>\n<li><span style=\"color: #000000;\">Ampoule type : Led.<\/span><\/li>\n<li><span style=\"color: #000000;\">Puissance : 1 x 5 W.<\/span><\/li>\n<li><span style=\"color: #000000;\">Voltage : 230 V.<\/span><\/li>\n<li><span style=\"color: #000000;\">Lumen : 1 x 260 Lm.<\/span><\/li>\n<li><span style=\"color: #000000;\">Temp\u00e9rature de couleur : 2.200 K.<\/span><\/li>\n<li><span style=\"color: #000000;\">Ampoule dur\u00e9e de vie : 30.000 heures.<\/span><\/li>\n<li><span style=\"color: #000000;\">L&rsquo;angle de rayonnement : 360 \u00b0.<\/span><\/li>\n<li><span style=\"color: #000000;\">Color Rendering Index (CRI) : 80.<\/span><\/li>\n<li><span style=\"color: #000000;\">\u00c9tiquette \u00e9nerg\u00e9tique : A\u200b\u200b\u200b\u200b\u200b\u200b\u200b.<\/span><\/li>\n<\/ul>\n<p><span style=\"color: #000000;\"><strong>VENTE MINIMUM DE 4 PI\u00c8CES.<\/strong><\/span><\/p>\n","protected":false},"excerpt":{"rendered":"<p>Une ampoule LED avec le look vintage d&rsquo;une lampe \u00e0 incandescence ou \u00e0 filament. Voici la LED Bulb. Le verre<\/p>\n","protected":false},"featured_media":78011,"comment_status":"open","ping_status":"closed","template":"","meta":[],"product_brand":[],"product_cat":[10180],"product_tag":[10610,10663,10664,10665,10533,10535,10540],"class_list":{"0":"post-78010","1":"product","2":"type-product","3":"status-publish","4":"has-post-thumbnail","6":"product_cat-eclairage-industriel","7":"product_tag-meubles-horeca","8":"product_tag-meubles-de-restaurant","9":"product_tag-restaurant-furniture","10":"product_tag-restaurant-m-bel","11":"product_tag-horeca-meubelen","12":"product_tag-horeca-m-bel","13":"product_tag-horeca-furniture","14":"pa_product-color-color-ambre-fr","15":"pa_product-material-verre-material-fr","16":"pa_product-usage-usage-interieur-fr","18":"first","19":"onbackorder","20":"taxable","21":"shipping-taxable","22":"purchasable","23":"product-type-simple"},"_links":{"self":[{"href":"https:\/\/horecacenter.com\/fr\/wp-json\/wp\/v2\/product\/78010","targetHints":{"allow":["GET"]}}],"collection":[{"href":"https:\/\/horecacenter.com\/fr\/wp-json\/wp\/v2\/product"}],"about":[{"href":"https:\/\/horecacenter.com\/fr\/wp-json\/wp\/v2\/types\/product"}],"replies":[{"embeddable":true,"href":"https:\/\/horecacenter.com\/fr\/wp-json\/wp\/v2\/comments?post=78010"}],"version-history":[{"count":0,"href":"https:\/\/horecacenter.com\/fr\/wp-json\/wp\/v2\/product\/78010\/revisions"}],"wp:featuredmedia":[{"embeddable":true,"href":"https:\/\/horecacenter.com\/fr\/wp-json\/wp\/v2\/media\/78011"}],"wp:attachment":[{"href":"https:\/\/horecacenter.com\/fr\/wp-json\/wp\/v2\/media?parent=78010"}],"wp:term":[{"taxonomy":"product_brand","embeddable":true,"href":"https:\/\/horecacenter.com\/fr\/wp-json\/wp\/v2\/product_brand?post=78010"},{"taxonomy":"product_cat","embeddable":true,"href":"https:\/\/horecacenter.com\/fr\/wp-json\/wp\/v2\/product_cat?post=78010"},{"taxonomy":"product_tag","embeddable":true,"href":"https:\/\/horecacenter.com\/fr\/wp-json\/wp\/v2\/product_tag?post=78010"}],"curies":[{"name":"wp","href":"https:\/\/api.w.org\/{rel}","templated":true}]}}