{"id":78026,"date":"2020-10-26T16:53:07","date_gmt":"2020-10-26T16:53:07","guid":{"rendered":"https:\/\/horecacenter.com\/?post_type=product&#038;p=78026"},"modified":"2025-10-15T11:31:01","modified_gmt":"2025-10-15T11:31:01","slug":"led-bulb-ampoule-filament-12-5-cm","status":"publish","type":"product","link":"https:\/\/horecacenter.com\/fr\/produit\/led-bulb-ampoule-filament-12-5-cm\/","title":{"rendered":"LED Bulb &#8211; Ampoule Filament &#8211; \u00d812,50 cm"},"content":{"rendered":"<p><span style=\"color: #000000;\">L&rsquo;apparence d&rsquo;une ampoule ancienne dans une veste moderne. LED Bulb est facilement reconnaissable gr\u00e2ce \u00e0 son verre ambr\u00e9 et \u00e0 son filament. Cela donne \u00e0 la lampe un look r\u00e9tro unique et vous offrira une lumi\u00e8re \u00e0 couper le souffle. Mais LED Bulb n&rsquo;est pas seulement populaire pour son design vintage r\u00e9tro. Avec sa lumi\u00e8re blanche chaude, elle attirera l&rsquo;attention. Cette ampoule LED s&rsquo;adaptera parfaitement \u00e0 une suspension laissant apparaitre l&rsquo;ampoule. Avec la fonction LED dimmable, Bulb s&rsquo;occupera de l&rsquo;atmosph\u00e8re dans la maison.<\/span><\/p>\n<p><span style=\"color: #000000;\"><strong>Caract\u00e9ristiques uniques du produit :<\/strong><\/span><\/p>\n<ul>\n<li><span style=\"color: #000000;\">Type d&rsquo;ampoule : E27 \/ Led.<\/span><\/li>\n<li><span style=\"color: #000000;\">Consommation \u00e9nerg\u00e9tique : 5W \/ 230V \/ A.<\/span><\/li>\n<li><span style=\"color: #000000;\">Flux lumineux de 260 lumen.<\/span><\/li>\n<li><span style=\"color: #000000;\">Dispose d&rsquo;une lumi\u00e8re blanche tr\u00e8s chaude (2200K).<\/span><\/li>\n<li><span style=\"color: #000000;\">Ampoule \u00e0 intensit\u00e9 variable.<\/span><\/li>\n<li><span style=\"color: #000000;\">Forme : Ronde.<\/span><\/li>\n<li><span style=\"color: #000000;\">Dimmable : Oui.<\/span><\/li>\n<li><span style=\"color: #000000;\">Hauteur r\u00e9glable : Non R\u00e9glable En Hauteur.<\/span><\/li>\n<li><span style=\"color: #000000;\">Orientable : Non Orientable.<\/span><\/li>\n<li><span style=\"color: #000000;\">Capteur : Sans D\u00e9tecteur.<\/span><\/li>\n<li><span style=\"color: #000000;\">Contr\u00f4le :\u00a0 Commande Par Interrupteur Mural.<\/span><\/li>\n<li><span style=\"color: #000000;\">Type d&rsquo;alimentation : Adapteur\/R\u00e9seau \u00c9lectrique.<\/span><\/li>\n<li><span style=\"color: #000000;\">Groupe de produit : Ampoules filaments.<\/span><\/li>\n<li><span style=\"color: #000000;\">Nom : LED Bulb.<\/span><\/li>\n<li><span style=\"color: #000000;\">Ampoule incluse : Oui.<\/span><\/li>\n<li><span style=\"color: #000000;\">Source lumineuse dimmable : Oui.<\/span><\/li>\n<li><span style=\"color: #000000;\">Douille : E27.<\/span><\/li>\n<li><span style=\"color: #000000;\">Ampoule type : Led.<\/span><\/li>\n<li><span style=\"color: #000000;\">Puissance : 1 x 5 W.<\/span><\/li>\n<li><span style=\"color: #000000;\">Voltage : 230 V.<\/span><\/li>\n<li><span style=\"color: #000000;\">Lumen : 1 x 260 Lm.<\/span><\/li>\n<li><span style=\"color: #000000;\">Temp\u00e9rature de couleur : 2.200 K.<\/span><\/li>\n<li><span style=\"color: #000000;\">Dur\u00e9e de vie de l&rsquo;ampoule : 30.000 heures.<\/span><\/li>\n<li><span style=\"color: #000000;\">L&rsquo;angle de rayonnement : 360 \u00b0.<\/span><\/li>\n<li><span style=\"color: #000000;\">Color Rendering Index (CRI) : 80.<\/span><\/li>\n<li><span style=\"color: #000000;\">\u00c9tiquette \u00e9nerg\u00e9tique : A\u200b\u200b\u200b\u200b\u200b\u200b\u200b.<\/span><\/li>\n<\/ul>\n<p><span style=\"color: #000000;\"><strong>VENTE MINIMUM DE 4 PI\u00c8CES.<\/strong><\/span><\/p>\n","protected":false},"excerpt":{"rendered":"<p>L&rsquo;apparence d&rsquo;une ampoule ancienne dans une veste moderne. LED Bulb est facilement reconnaissable gr\u00e2ce \u00e0 son verre ambr\u00e9 et \u00e0<\/p>\n","protected":false},"featured_media":78027,"comment_status":"open","ping_status":"closed","template":"","meta":[],"product_brand":[],"product_cat":[10180],"product_tag":[10533,10535,10540,10610,10663,10664,10665],"class_list":{"0":"post-78026","1":"product","2":"type-product","3":"status-publish","4":"has-post-thumbnail","6":"product_cat-eclairage-industriel","7":"product_tag-horeca-meubelen","8":"product_tag-horeca-m-bel","9":"product_tag-horeca-furniture","10":"product_tag-meubles-horeca","11":"product_tag-meubles-de-restaurant","12":"product_tag-restaurant-furniture","13":"product_tag-restaurant-m-bel","14":"pa_product-color-color-ambre-fr","15":"pa_product-material-verre-material-fr","16":"pa_product-usage-usage-interieur-fr","18":"first","19":"onbackorder","20":"taxable","21":"shipping-taxable","22":"purchasable","23":"product-type-simple"},"_links":{"self":[{"href":"https:\/\/horecacenter.com\/fr\/wp-json\/wp\/v2\/product\/78026","targetHints":{"allow":["GET"]}}],"collection":[{"href":"https:\/\/horecacenter.com\/fr\/wp-json\/wp\/v2\/product"}],"about":[{"href":"https:\/\/horecacenter.com\/fr\/wp-json\/wp\/v2\/types\/product"}],"replies":[{"embeddable":true,"href":"https:\/\/horecacenter.com\/fr\/wp-json\/wp\/v2\/comments?post=78026"}],"version-history":[{"count":0,"href":"https:\/\/horecacenter.com\/fr\/wp-json\/wp\/v2\/product\/78026\/revisions"}],"wp:featuredmedia":[{"embeddable":true,"href":"https:\/\/horecacenter.com\/fr\/wp-json\/wp\/v2\/media\/78027"}],"wp:attachment":[{"href":"https:\/\/horecacenter.com\/fr\/wp-json\/wp\/v2\/media?parent=78026"}],"wp:term":[{"taxonomy":"product_brand","embeddable":true,"href":"https:\/\/horecacenter.com\/fr\/wp-json\/wp\/v2\/product_brand?post=78026"},{"taxonomy":"product_cat","embeddable":true,"href":"https:\/\/horecacenter.com\/fr\/wp-json\/wp\/v2\/product_cat?post=78026"},{"taxonomy":"product_tag","embeddable":true,"href":"https:\/\/horecacenter.com\/fr\/wp-json\/wp\/v2\/product_tag?post=78026"}],"curies":[{"name":"wp","href":"https:\/\/api.w.org\/{rel}","templated":true}]}}