{"id":78052,"date":"2020-10-27T12:25:46","date_gmt":"2020-10-27T12:25:46","guid":{"rendered":"https:\/\/horecacenter.com\/?post_type=product&#038;p=78052"},"modified":"2024-06-07T06:45:29","modified_gmt":"2024-06-07T06:45:29","slug":"eldrick-lampe-pendentif-acier-noir-cinque","status":"publish","type":"product","link":"https:\/\/horecacenter.com\/fr\/produit\/eldrick-lampe-pendentif-acier-noir-cinque\/","title":{"rendered":"Eldrick Lampe Pendentif Acier Noir Cinque"},"content":{"rendered":"<p><span style=\"color: #000000\"><strong>Informations g\u00e9n\u00e9rales :<\/strong><\/span><\/p>\n<ul>\n<li><span style=\"color: #000000\">Th\u00e8me : Vintage.<\/span><\/li>\n<li><span style=\"color: #000000\">Type de douille : E27.<\/span><\/li>\n<li><span style=\"color: #000000\">Type d&rsquo;illuminant : E27.<\/span><\/li>\n<li><span style=\"color: #000000\">Puissance : 5X40W.<\/span><\/li>\n<li><span style=\"color: #000000\">Tension secteur : 220-240V, 50 \/ 60Hz.<\/span><\/li>\n<li><span style=\"color: #000000\">Type de commutateur : sans interrupteur.<\/span><\/li>\n<li><span style=\"color: #000000\">Illuminant : EXCLUSIF.<\/span><\/li>\n<li><span style=\"color: #000000\">Convient pour : A ++ &#8211; E.<\/span><\/li>\n<\/ul>\n<p><span style=\"color: #000000\"><strong>Bo\u00eete simple <\/strong>: Hauteur: 230 mm, longueur: 1020 mm, profondeur: 210 mm.<\/span><\/p>\n<p><span style=\"color: #000000\"><strong>Masterbox <\/strong>: Hauteur: 230 mm, longueur: 1020 mm, profondeur: 210 mm.<\/span><\/p>\n<p><span style=\"color: #000000\"><strong>VENTE MINIMUM DE 4 PI\u00c8CES.<\/strong><\/span><\/p>\n","protected":false},"excerpt":{"rendered":"<p>Informations g\u00e9n\u00e9rales : Th\u00e8me : Vintage. Type de douille : E27. Type d&rsquo;illuminant : E27. Puissance : 5X40W. Tension secteur<\/p>\n","protected":false},"featured_media":78053,"comment_status":"open","ping_status":"closed","template":"","meta":[],"product_brand":[],"product_cat":[10180],"product_tag":[10533,10535,10540,10610,10663,10664,10665],"class_list":{"0":"post-78052","1":"product","2":"type-product","3":"status-publish","4":"has-post-thumbnail","6":"product_cat-eclairage-industriel","7":"product_tag-horeca-meubelen","8":"product_tag-horeca-m-bel","9":"product_tag-horeca-furniture","10":"product_tag-meubles-horeca","11":"product_tag-meubles-de-restaurant","12":"product_tag-restaurant-furniture","13":"product_tag-restaurant-m-bel","14":"pa_product-color-color-noir-fr","15":"pa_product-material-acier-material-fr","16":"pa_product-usage-usage-interieur-fr","18":"first","19":"onbackorder","20":"taxable","21":"shipping-taxable","22":"purchasable","23":"product-type-simple"},"_links":{"self":[{"href":"https:\/\/horecacenter.com\/fr\/wp-json\/wp\/v2\/product\/78052","targetHints":{"allow":["GET"]}}],"collection":[{"href":"https:\/\/horecacenter.com\/fr\/wp-json\/wp\/v2\/product"}],"about":[{"href":"https:\/\/horecacenter.com\/fr\/wp-json\/wp\/v2\/types\/product"}],"replies":[{"embeddable":true,"href":"https:\/\/horecacenter.com\/fr\/wp-json\/wp\/v2\/comments?post=78052"}],"version-history":[{"count":0,"href":"https:\/\/horecacenter.com\/fr\/wp-json\/wp\/v2\/product\/78052\/revisions"}],"wp:featuredmedia":[{"embeddable":true,"href":"https:\/\/horecacenter.com\/fr\/wp-json\/wp\/v2\/media\/78053"}],"wp:attachment":[{"href":"https:\/\/horecacenter.com\/fr\/wp-json\/wp\/v2\/media?parent=78052"}],"wp:term":[{"taxonomy":"product_brand","embeddable":true,"href":"https:\/\/horecacenter.com\/fr\/wp-json\/wp\/v2\/product_brand?post=78052"},{"taxonomy":"product_cat","embeddable":true,"href":"https:\/\/horecacenter.com\/fr\/wp-json\/wp\/v2\/product_cat?post=78052"},{"taxonomy":"product_tag","embeddable":true,"href":"https:\/\/horecacenter.com\/fr\/wp-json\/wp\/v2\/product_tag?post=78052"}],"curies":[{"name":"wp","href":"https:\/\/api.w.org\/{rel}","templated":true}]}}