{"id":78080,"date":"2020-11-04T08:33:40","date_gmt":"2020-11-04T08:33:40","guid":{"rendered":"https:\/\/horecacenter.com\/?post_type=product&#038;p=78080"},"modified":"2026-01-02T14:07:49","modified_gmt":"2026-01-02T14:07:49","slug":"banquette-de-cafe-restaurant-et-horeca-troje","status":"publish","type":"product","link":"https:\/\/horecacenter.com\/fr\/produit\/banquette-de-cafe-restaurant-et-horeca-troje\/","title":{"rendered":"Banquette de Restaurant &#8211; TROJE &#8211; Simili Cuir Or"},"content":{"rendered":"<p><span style=\"color: #000000;\">Notre collection Vintage offre un look \u00e9l\u00e9gant et robuste.<\/span><br \/>\n<span style=\"color: #000000;\">Gr\u00e2ce \u00e0 ses pieds \u00e9troits et ses lignes distinctes, cette collection offre l&rsquo;atmosph\u00e8re et le confort n\u00e9cessaires dans votre int\u00e9rieur.<\/span><\/p>\n<p><span style=\"color: #000000;\">La conception d&rsquo;un projet est cruciale. Nos conseillers professionnels sont \u00e0 l&rsquo;\u00e9coute de vos souhaits et attentes pour vous aider au mieux dans la conception de votre int\u00e9rieur.<\/span><br \/>\n<span style=\"color: #000000;\">Les mod\u00e8les du\u00a0showroom vous aident \u00e0 trouver l&rsquo;inspiration pour l&rsquo;int\u00e9rieur.<\/span><br \/>\n<span style=\"color: #000000;\">Nos conseillers se feront un plaisir de vous donner le temps de discuter de tout dans les moindres d\u00e9tails. Veuillez prendre rendez-vous au +32 3685 73 03.<\/span><\/p>\n<p><span style=\"color: #000000;\">Attention ! Les dimensions des banquettes sont susceptibles de varier de 1 \u00e0 2 cm selon le mat\u00e9riel utilis\u00e9.<\/span><\/p>\n","protected":false},"excerpt":{"rendered":"<p>Notre collection Vintage offre un look \u00e9l\u00e9gant et robuste. Gr\u00e2ce \u00e0 ses pieds \u00e9troits et ses lignes distinctes, cette collection<\/p>\n","protected":false},"featured_media":147043,"comment_status":"open","ping_status":"closed","template":"","meta":[],"product_brand":[],"product_cat":[10168,15846],"product_tag":[10533,10534,10535,10540,10549],"class_list":{"0":"post-78080","1":"product","2":"type-product","3":"status-publish","4":"has-post-thumbnail","6":"product_cat-vintage-banquettes","7":"product_cat-banquettes-troje","8":"product_tag-horeca-meubelen","9":"product_tag-meuble-horeca","10":"product_tag-horeca-m-bel","11":"product_tag-horeca-furniture","12":"product_tag-nightlock-bank","13":"pa_dimension-180cm-fr","14":"pa_dimension-200cm-fr","15":"pa_dimension-120cm-fr","16":"pa_dimension-140cm-fr","17":"pa_dimension-150cm-fr","18":"pa_dimension-160cm-fr","19":"pa_product-color-color-or-fr","20":"pa_product-frame-color-noir-framecolor-fr","21":"pa_product-more-colors-oui-fr","22":"pa_product-more-dimensions-oui-fr","23":"pa_product-seat-height-cm-45-seat-height-cm-fr","24":"pa_product-upholstery-upholstery-simili-cuir-fr","25":"pa_product-usage-usage-interieur-fr","27":"first","28":"onbackorder","29":"sale","30":"taxable","31":"shipping-taxable","32":"purchasable","33":"product-type-variable","34":"hc-var-dimension"},"_links":{"self":[{"href":"https:\/\/horecacenter.com\/fr\/wp-json\/wp\/v2\/product\/78080","targetHints":{"allow":["GET"]}}],"collection":[{"href":"https:\/\/horecacenter.com\/fr\/wp-json\/wp\/v2\/product"}],"about":[{"href":"https:\/\/horecacenter.com\/fr\/wp-json\/wp\/v2\/types\/product"}],"replies":[{"embeddable":true,"href":"https:\/\/horecacenter.com\/fr\/wp-json\/wp\/v2\/comments?post=78080"}],"version-history":[{"count":1,"href":"https:\/\/horecacenter.com\/fr\/wp-json\/wp\/v2\/product\/78080\/revisions"}],"predecessor-version":[{"id":175111,"href":"https:\/\/horecacenter.com\/fr\/wp-json\/wp\/v2\/product\/78080\/revisions\/175111"}],"wp:featuredmedia":[{"embeddable":true,"href":"https:\/\/horecacenter.com\/fr\/wp-json\/wp\/v2\/media\/147043"}],"wp:attachment":[{"href":"https:\/\/horecacenter.com\/fr\/wp-json\/wp\/v2\/media?parent=78080"}],"wp:term":[{"taxonomy":"product_brand","embeddable":true,"href":"https:\/\/horecacenter.com\/fr\/wp-json\/wp\/v2\/product_brand?post=78080"},{"taxonomy":"product_cat","embeddable":true,"href":"https:\/\/horecacenter.com\/fr\/wp-json\/wp\/v2\/product_cat?post=78080"},{"taxonomy":"product_tag","embeddable":true,"href":"https:\/\/horecacenter.com\/fr\/wp-json\/wp\/v2\/product_tag?post=78080"}],"curies":[{"name":"wp","href":"https:\/\/api.w.org\/{rel}","templated":true}]}}