{"id":78613,"date":"2020-12-29T16:00:40","date_gmt":"2020-12-29T16:00:40","guid":{"rendered":"https:\/\/horecacenter.com\/?post_type=product&#038;p=78613"},"modified":"2025-12-31T08:18:06","modified_gmt":"2025-12-31T08:18:06","slug":"plateau-de-table-de-cafe-restaurant-et-horeca-dublin-k2-5-cm-depaisseur","status":"publish","type":"product","link":"https:\/\/horecacenter.com\/fr\/produit\/plateau-de-table-de-cafe-restaurant-et-horeca-dublin-k2-5-cm-depaisseur\/","title":{"rendered":"Plateau de Table Pour Restaurant &#8211; DUBLIN K2 &#8211; 5 cm D&rsquo;\u00e9paisseur"},"content":{"rendered":"<p><i class=\"fas fa-check-circle description-icon-green\" aria-hidden=\"true\"><\/i><span style=\"color: #339966;\"> Les plateaux de table ne sont pas pr\u00e9-perc\u00e9s.<\/span><br \/>\n<i class=\"fas fa-check-circle description-icon-green\" aria-hidden=\"true\"><\/i><span style=\"color: #ff6600;\"> Les vis sont incluses si les plateaux de table sont command\u00e9s avec les pieds de table.<\/span><\/p>\n","protected":false},"excerpt":{"rendered":"<p>Les plateaux de table ne sont pas pr\u00e9-perc\u00e9s. Les vis sont incluses si les plateaux de table sont command\u00e9s avec<\/p>\n","protected":false},"featured_media":78617,"comment_status":"open","ping_status":"closed","template":"","meta":[],"product_brand":[],"product_cat":[9832,9816],"product_tag":[10535,10540,10651,10664,10665,11007,11008,11009,11010,11011,11012,11014,10533,10534],"class_list":{"0":"post-78613","1":"product","2":"type-product","3":"status-publish","4":"has-post-thumbnail","6":"product_cat-dublin-dessus-de-table-50mm-paisseur","7":"product_cat-dessus-de-table","8":"product_tag-horeca-m-bel","9":"product_tag-horeca-furniture","10":"product_tag-horeca-inrichting","11":"product_tag-restaurant-furniture","12":"product_tag-restaurant-m-bel","13":"product_tag-tafelblad","14":"product_tag-table-top","15":"product_tag-tabelle","16":"product_tag-plateau-de-table","17":"product_tag-meuble-restaurant","18":"product_tag-tischplatte","19":"product_tag-restaurant-inrichtingen","20":"product_tag-horeca-meubelen","21":"product_tag-meuble-horeca","22":"pa_dimension-60x60-cm-fr","23":"pa_dimension-70x70-cm-fr","24":"pa_dimension-70x120-cm-fr","25":"pa_dimension-100x200-cm-fr","26":"pa_product-color-color-aspect-bois-fr","27":"pa_product-more-colors-oui-fr","28":"pa_product-usage-usage-interieur-fr","30":"first","31":"instock","32":"sale","33":"taxable","34":"shipping-taxable","35":"purchasable","36":"product-type-variable","37":"hc-var-dimension"},"_links":{"self":[{"href":"https:\/\/horecacenter.com\/fr\/wp-json\/wp\/v2\/product\/78613","targetHints":{"allow":["GET"]}}],"collection":[{"href":"https:\/\/horecacenter.com\/fr\/wp-json\/wp\/v2\/product"}],"about":[{"href":"https:\/\/horecacenter.com\/fr\/wp-json\/wp\/v2\/types\/product"}],"replies":[{"embeddable":true,"href":"https:\/\/horecacenter.com\/fr\/wp-json\/wp\/v2\/comments?post=78613"}],"version-history":[{"count":1,"href":"https:\/\/horecacenter.com\/fr\/wp-json\/wp\/v2\/product\/78613\/revisions"}],"predecessor-version":[{"id":173837,"href":"https:\/\/horecacenter.com\/fr\/wp-json\/wp\/v2\/product\/78613\/revisions\/173837"}],"wp:featuredmedia":[{"embeddable":true,"href":"https:\/\/horecacenter.com\/fr\/wp-json\/wp\/v2\/media\/78617"}],"wp:attachment":[{"href":"https:\/\/horecacenter.com\/fr\/wp-json\/wp\/v2\/media?parent=78613"}],"wp:term":[{"taxonomy":"product_brand","embeddable":true,"href":"https:\/\/horecacenter.com\/fr\/wp-json\/wp\/v2\/product_brand?post=78613"},{"taxonomy":"product_cat","embeddable":true,"href":"https:\/\/horecacenter.com\/fr\/wp-json\/wp\/v2\/product_cat?post=78613"},{"taxonomy":"product_tag","embeddable":true,"href":"https:\/\/horecacenter.com\/fr\/wp-json\/wp\/v2\/product_tag?post=78613"}],"curies":[{"name":"wp","href":"https:\/\/api.w.org\/{rel}","templated":true}]}}