{"id":78657,"date":"2020-12-30T08:06:11","date_gmt":"2020-12-30T08:06:11","guid":{"rendered":"https:\/\/horecacenter.com\/?post_type=product&#038;p=78657"},"modified":"2026-05-12T18:00:40","modified_gmt":"2026-05-12T18:00:40","slug":"plateau-de-table-de-cafe-restaurant-et-horeca-dublin-k3-5-cm-depaisseur","status":"publish","type":"product","link":"https:\/\/horecacenter.com\/fr\/produit\/plateau-de-table-de-cafe-restaurant-et-horeca-dublin-k3-5-cm-depaisseur\/","title":{"rendered":"Plateau de Table Pour Restaurant &#8211; DUBLIN K3 &#8211; 5 cm D&rsquo;\u00e9paisseur"},"content":{"rendered":"<p><i class=\"fas fa-check-circle description-icon-green\" aria-hidden=\"true\"><\/i><span style=\"color: #339966;\"> Les plateaux de table ne sont pas pr\u00e9-perc\u00e9s.<\/span><br \/>\n<i class=\"fas fa-check-circle description-icon-green\" aria-hidden=\"true\"><\/i><span style=\"color: #ff6600;\"> Les vis sont incluses si les plateaux de table sont command\u00e9s avec les pieds de table.<\/span><\/p>\n","protected":false},"excerpt":{"rendered":"<p>Les plateaux de table ne sont pas pr\u00e9-perc\u00e9s. Les vis sont incluses si les plateaux de table sont command\u00e9s avec<\/p>\n","protected":false},"featured_media":78669,"comment_status":"open","ping_status":"closed","template":"","meta":[],"product_brand":[],"product_cat":[9832,9816],"product_tag":[10665,11007,11008,11009,11010,10533,11011,10534,11012,10535,11014,10540,10651,10664],"class_list":{"0":"post-78657","1":"product","2":"type-product","3":"status-publish","4":"has-post-thumbnail","6":"product_cat-dublin-dessus-de-table-50mm-paisseur","7":"product_cat-dessus-de-table","8":"product_tag-restaurant-m-bel","9":"product_tag-tafelblad","10":"product_tag-table-top","11":"product_tag-tabelle","12":"product_tag-plateau-de-table","13":"product_tag-horeca-meubelen","14":"product_tag-meuble-restaurant","15":"product_tag-meuble-horeca","16":"product_tag-tischplatte","17":"product_tag-horeca-m-bel","18":"product_tag-restaurant-inrichtingen","19":"product_tag-horeca-furniture","20":"product_tag-horeca-inrichting","21":"product_tag-restaurant-furniture","22":"pa_dimension-60x70-cm-fr","23":"pa_dimension-100x180-cm-fr","24":"pa_dimension-50x50-cm-fr","25":"pa_dimension-100x200-cm-fr","26":"pa_dimension-50x60-cm-fr","27":"pa_dimension-100x220-cm-fr","28":"pa_dimension-50x70-cm-fr","29":"pa_dimension-60x60-cm-fr","30":"pa_dimension-70x70-cm-fr","31":"pa_dimension-70x120-cm-fr","32":"pa_dimension-r60o-cm-fr","33":"pa_dimension-r70o-cm-fr","34":"pa_dimension-70x140-cm-fr","35":"pa_product-color-color-aspect-bois-fr","36":"pa_product-more-colors-oui-fr","37":"pa_product-usage-usage-interieur-fr","39":"first","40":"instock","41":"sale","42":"taxable","43":"shipping-taxable","44":"purchasable","45":"product-type-variable","46":"hc-var-dimension"},"_links":{"self":[{"href":"https:\/\/horecacenter.com\/fr\/wp-json\/wp\/v2\/product\/78657","targetHints":{"allow":["GET"]}}],"collection":[{"href":"https:\/\/horecacenter.com\/fr\/wp-json\/wp\/v2\/product"}],"about":[{"href":"https:\/\/horecacenter.com\/fr\/wp-json\/wp\/v2\/types\/product"}],"replies":[{"embeddable":true,"href":"https:\/\/horecacenter.com\/fr\/wp-json\/wp\/v2\/comments?post=78657"}],"version-history":[{"count":1,"href":"https:\/\/horecacenter.com\/fr\/wp-json\/wp\/v2\/product\/78657\/revisions"}],"predecessor-version":[{"id":173835,"href":"https:\/\/horecacenter.com\/fr\/wp-json\/wp\/v2\/product\/78657\/revisions\/173835"}],"wp:featuredmedia":[{"embeddable":true,"href":"https:\/\/horecacenter.com\/fr\/wp-json\/wp\/v2\/media\/78669"}],"wp:attachment":[{"href":"https:\/\/horecacenter.com\/fr\/wp-json\/wp\/v2\/media?parent=78657"}],"wp:term":[{"taxonomy":"product_brand","embeddable":true,"href":"https:\/\/horecacenter.com\/fr\/wp-json\/wp\/v2\/product_brand?post=78657"},{"taxonomy":"product_cat","embeddable":true,"href":"https:\/\/horecacenter.com\/fr\/wp-json\/wp\/v2\/product_cat?post=78657"},{"taxonomy":"product_tag","embeddable":true,"href":"https:\/\/horecacenter.com\/fr\/wp-json\/wp\/v2\/product_tag?post=78657"}],"curies":[{"name":"wp","href":"https:\/\/api.w.org\/{rel}","templated":true}]}}