{"id":78883,"date":"2020-12-30T13:11:27","date_gmt":"2020-12-30T13:11:27","guid":{"rendered":"https:\/\/horecacenter.com\/?post_type=product&#038;p=78883"},"modified":"2026-03-24T12:26:29","modified_gmt":"2026-03-24T12:26:29","slug":"plateau-de-table-de-cafe-restaurant-et-horeca-paris-gr006-3-cm-depaisseur","status":"publish","type":"product","link":"https:\/\/horecacenter.com\/fr\/produit\/plateau-de-table-de-cafe-restaurant-et-horeca-paris-gr006-3-cm-depaisseur\/","title":{"rendered":"Plateau de Table Pour Restaurant &#8211; PARIS GR006 &#8211; 3 cm D&rsquo;\u00e9paisseur"},"content":{"rendered":"<p><i class=\"fas fa-check-circle description-icon-green\" aria-hidden=\"true\"><\/i><span style=\"color: #339966;\"> Les plateaux de table ne sont pas pr\u00e9-perc\u00e9s.<\/span><br \/>\n<i class=\"fas fa-check-circle description-icon-green\" aria-hidden=\"true\"><\/i><span style=\"color: #ff6600;\"> Les vis sont incluses si les plateaux de table sont command\u00e9s avec les pieds de table.<\/span><\/p>\n","protected":false},"excerpt":{"rendered":"<p>Les plateaux de table ne sont pas pr\u00e9-perc\u00e9s. Les vis sont incluses si les plateaux de table sont command\u00e9s avec<\/p>\n","protected":false},"featured_media":141363,"comment_status":"open","ping_status":"closed","template":"","meta":[],"product_brand":[],"product_cat":[17652],"product_tag":[11010,11011,11012,11014,10533,10534,10535,10540,10651,10664,10665,11007,11008,11009],"class_list":{"0":"post-78883","1":"product","2":"type-product","3":"status-publish","4":"has-post-thumbnail","6":"product_cat-outlet-fr","7":"product_tag-plateau-de-table","8":"product_tag-meuble-restaurant","9":"product_tag-tischplatte","10":"product_tag-restaurant-inrichtingen","11":"product_tag-horeca-meubelen","12":"product_tag-meuble-horeca","13":"product_tag-horeca-m-bel","14":"product_tag-horeca-furniture","15":"product_tag-horeca-inrichting","16":"product_tag-restaurant-furniture","17":"product_tag-restaurant-m-bel","18":"product_tag-tafelblad","19":"product_tag-table-top","20":"product_tag-tabelle","21":"pa_product-color-color-vintage-fr","22":"pa_product-usage-usage-interieur-fr","24":"first","25":"instock","26":"sale","27":"taxable","28":"shipping-taxable","29":"purchasable","30":"product-type-simple"},"_links":{"self":[{"href":"https:\/\/horecacenter.com\/fr\/wp-json\/wp\/v2\/product\/78883","targetHints":{"allow":["GET"]}}],"collection":[{"href":"https:\/\/horecacenter.com\/fr\/wp-json\/wp\/v2\/product"}],"about":[{"href":"https:\/\/horecacenter.com\/fr\/wp-json\/wp\/v2\/types\/product"}],"replies":[{"embeddable":true,"href":"https:\/\/horecacenter.com\/fr\/wp-json\/wp\/v2\/comments?post=78883"}],"version-history":[{"count":1,"href":"https:\/\/horecacenter.com\/fr\/wp-json\/wp\/v2\/product\/78883\/revisions"}],"predecessor-version":[{"id":173823,"href":"https:\/\/horecacenter.com\/fr\/wp-json\/wp\/v2\/product\/78883\/revisions\/173823"}],"wp:featuredmedia":[{"embeddable":true,"href":"https:\/\/horecacenter.com\/fr\/wp-json\/wp\/v2\/media\/141363"}],"wp:attachment":[{"href":"https:\/\/horecacenter.com\/fr\/wp-json\/wp\/v2\/media?parent=78883"}],"wp:term":[{"taxonomy":"product_brand","embeddable":true,"href":"https:\/\/horecacenter.com\/fr\/wp-json\/wp\/v2\/product_brand?post=78883"},{"taxonomy":"product_cat","embeddable":true,"href":"https:\/\/horecacenter.com\/fr\/wp-json\/wp\/v2\/product_cat?post=78883"},{"taxonomy":"product_tag","embeddable":true,"href":"https:\/\/horecacenter.com\/fr\/wp-json\/wp\/v2\/product_tag?post=78883"}],"curies":[{"name":"wp","href":"https:\/\/api.w.org\/{rel}","templated":true}]}}