{"id":79121,"date":"2020-12-31T10:29:27","date_gmt":"2020-12-31T10:29:27","guid":{"rendered":"https:\/\/horecacenter.com\/?post_type=product&#038;p=79121"},"modified":"2026-04-07T12:15:45","modified_gmt":"2026-04-07T12:15:45","slug":"plateau-de-table-de-cafe-restaurant-et-horeca-noir-werzalit-3-cm-depaisseur","status":"publish","type":"product","link":"https:\/\/horecacenter.com\/fr\/produit\/plateau-de-table-de-cafe-restaurant-et-horeca-noir-werzalit-3-cm-depaisseur\/","title":{"rendered":"Plateau de Table Pour Restaurant &#8211; WERZALIT NOIR &#8211; 3 cm D&rsquo;\u00e9paisseur"},"content":{"rendered":"<p><span style=\"color: #000000;\">Convient \u00e0 la terrasse, r\u00e9sistant \u00e0 la pluie.<\/span><\/p>\n<p><i class=\"fas fa-check-circle description-icon-green\" aria-hidden=\"true\"><\/i><span style=\"color: #339966;\"> Les plateaux de table ne sont pas pr\u00e9-perc\u00e9s.<\/span><br \/>\n<i class=\"fas fa-check-circle description-icon-green\" aria-hidden=\"true\"><\/i><span style=\"color: #ff6600;\"> Les vis sont incluses si les plateaux de table sont command\u00e9s avec les pieds de table.<\/span><\/p>\n","protected":false},"excerpt":{"rendered":"<p>Convient \u00e0 la terrasse, r\u00e9sistant \u00e0 la pluie. Les plateaux de table ne sont pas pr\u00e9-perc\u00e9s. Les vis sont incluses<\/p>\n","protected":false},"featured_media":79128,"comment_status":"open","ping_status":"closed","template":"","meta":[],"product_brand":[],"product_cat":[9816,17069,9836],"product_tag":[10533,11011,10534,11012,10535,11014,10540,10651,10664,10665,11007,11008,11009,11010],"class_list":{"0":"post-79121","1":"product","2":"type-product","3":"status-publish","4":"has-post-thumbnail","6":"product_cat-dessus-de-table","7":"product_cat-plateaux-de-table-de-terrasse-werzalit","8":"product_cat-dessus-de-tables-de-terrasse-werzalit-epaisseur-30-mm-exterieur","9":"product_tag-horeca-meubelen","10":"product_tag-meuble-restaurant","11":"product_tag-meuble-horeca","12":"product_tag-tischplatte","13":"product_tag-horeca-m-bel","14":"product_tag-restaurant-inrichtingen","15":"product_tag-horeca-furniture","16":"product_tag-horeca-inrichting","17":"product_tag-restaurant-furniture","18":"product_tag-restaurant-m-bel","19":"product_tag-tafelblad","20":"product_tag-table-top","21":"product_tag-tabelle","22":"product_tag-plateau-de-table","23":"pa_dimension-r60o-cm-fr","24":"pa_dimension-r70o-cm-fr","25":"pa_dimension-80x120-cm-fr","26":"pa_dimension-60x60-cm-fr","27":"pa_dimension-70x70-cm-fr","28":"pa_dimension-70x120-cm-fr","29":"pa_frame-empilable-frame-fr","30":"pa_product-color-color-noir-fr","31":"pa_product-more-colors-oui-fr","32":"pa_product-more-dimensions-oui-fr","33":"pa_product-usage-usage-interieur-fr","34":"pa_product-usage-usage-exterieur-fr","36":"first","37":"instock","38":"sale","39":"featured","40":"taxable","41":"shipping-taxable","42":"purchasable","43":"product-type-variable","44":"hc-var-dimension"},"_links":{"self":[{"href":"https:\/\/horecacenter.com\/fr\/wp-json\/wp\/v2\/product\/79121","targetHints":{"allow":["GET"]}}],"collection":[{"href":"https:\/\/horecacenter.com\/fr\/wp-json\/wp\/v2\/product"}],"about":[{"href":"https:\/\/horecacenter.com\/fr\/wp-json\/wp\/v2\/types\/product"}],"replies":[{"embeddable":true,"href":"https:\/\/horecacenter.com\/fr\/wp-json\/wp\/v2\/comments?post=79121"}],"version-history":[{"count":1,"href":"https:\/\/horecacenter.com\/fr\/wp-json\/wp\/v2\/product\/79121\/revisions"}],"predecessor-version":[{"id":173796,"href":"https:\/\/horecacenter.com\/fr\/wp-json\/wp\/v2\/product\/79121\/revisions\/173796"}],"wp:featuredmedia":[{"embeddable":true,"href":"https:\/\/horecacenter.com\/fr\/wp-json\/wp\/v2\/media\/79128"}],"wp:attachment":[{"href":"https:\/\/horecacenter.com\/fr\/wp-json\/wp\/v2\/media?parent=79121"}],"wp:term":[{"taxonomy":"product_brand","embeddable":true,"href":"https:\/\/horecacenter.com\/fr\/wp-json\/wp\/v2\/product_brand?post=79121"},{"taxonomy":"product_cat","embeddable":true,"href":"https:\/\/horecacenter.com\/fr\/wp-json\/wp\/v2\/product_cat?post=79121"},{"taxonomy":"product_tag","embeddable":true,"href":"https:\/\/horecacenter.com\/fr\/wp-json\/wp\/v2\/product_tag?post=79121"}],"curies":[{"name":"wp","href":"https:\/\/api.w.org\/{rel}","templated":true}]}}