{"id":79919,"date":"2021-02-16T09:28:29","date_gmt":"2021-02-16T09:28:29","guid":{"rendered":"https:\/\/horecacenter.com\/?post_type=product&#038;p=79919"},"modified":"2026-03-19T07:30:37","modified_gmt":"2026-03-19T07:30:37","slug":"table-de-cafe-restaurant-et-horeca-dublin-k54-60x60-cm-avec-base","status":"publish","type":"product","link":"https:\/\/horecacenter.com\/fr\/produit\/table-de-cafe-restaurant-et-horeca-dublin-k54-60x60-cm-avec-base\/","title":{"rendered":"Table de Restaurant Avec Pied &#8211; DUBLIN K56 &#8211; 60&#215;60 cm"},"content":{"rendered":"<p><i class=\"fas fa-check-circle description-icon-green\" aria-hidden=\"true\"><\/i><span style=\"color: #ff6600;\"> Les tables ne sont pas assembl\u00e9es.<\/span><br \/>\n<i class=\"fas fa-check-circle description-icon-green\" aria-hidden=\"true\"><\/i><span style=\"color: #339966;\"> Les plateaux de table ne sont pas pr\u00e9-perc\u00e9s.<\/span><br \/>\n<i class=\"fas fa-check-circle description-icon-green\" aria-hidden=\"true\"><\/i><span style=\"color: #ff6600;\"> Les vis sont incluses si les plateaux de table sont command\u00e9s avec les pieds de table.<\/span><br \/>\n<i class=\"fas fa-check-circle description-icon-green\" aria-hidden=\"true\"><\/i><span style=\"color: #339966;\"> Le mat\u00e9riel n\u00e9cessaire pour l\u2019assemblage est inclus dans la bo\u00eete.<\/span><\/p>\n","protected":false},"excerpt":{"rendered":"<p>Les tables ne sont pas assembl\u00e9es. Les plateaux de table ne sont pas pr\u00e9-perc\u00e9s. Les vis sont incluses si les<\/p>\n","protected":false},"featured_media":79920,"comment_status":"open","ping_status":"closed","template":"","meta":[],"product_brand":[],"product_cat":[10324],"product_tag":[10749,10533,10750,10535,10927,10540,10610,10663,10664,10727,10729,10730,10731,10732,10733,10745,10746,10748],"class_list":{"0":"post-79919","1":"product","2":"type-product","3":"status-publish","4":"has-post-thumbnail","6":"product_cat-dublin-k54-assortiment-de-table","7":"product_tag-restaurant-tabellen","8":"product_tag-horeca-meubelen","9":"product_tag-horeca-tabellen","10":"product_tag-horeca-m-bel","11":"product_tag-restaurant-inrichting","12":"product_tag-horeca-furniture","13":"product_tag-meubles-horeca","14":"product_tag-meubles-de-restaurant","15":"product_tag-restaurant-furniture","16":"product_tag-tafels-3","17":"product_tag-horeca-tafels","18":"product_tag-tables-5","19":"product_tag-tables-horeca","20":"product_tag-horeca-tables","21":"product_tag-tische-3","22":"product_tag-restaurant-tafels","23":"product_tag-tables-de-restaurant","24":"product_tag-restaurant-tables","25":"pa_product-frame-color-noir-framecolor-fr","26":"pa_product-more-colors-oui-fr","27":"pa_product-more-dimensions-oui-fr","28":"pa_product-seats-2-seats-fr","29":"pa_product-tabletop-color-aspect-bois-tabletop-color-fr","30":"pa_product-usage-usage-interieur-fr","31":"pa_table-height-cm-74-cm-fr","33":"first","34":"instock","35":"sale","36":"taxable","37":"shipping-taxable","38":"purchasable","39":"product-type-simple"},"_links":{"self":[{"href":"https:\/\/horecacenter.com\/fr\/wp-json\/wp\/v2\/product\/79919","targetHints":{"allow":["GET"]}}],"collection":[{"href":"https:\/\/horecacenter.com\/fr\/wp-json\/wp\/v2\/product"}],"about":[{"href":"https:\/\/horecacenter.com\/fr\/wp-json\/wp\/v2\/types\/product"}],"replies":[{"embeddable":true,"href":"https:\/\/horecacenter.com\/fr\/wp-json\/wp\/v2\/comments?post=79919"}],"version-history":[{"count":3,"href":"https:\/\/horecacenter.com\/fr\/wp-json\/wp\/v2\/product\/79919\/revisions"}],"predecessor-version":[{"id":190284,"href":"https:\/\/horecacenter.com\/fr\/wp-json\/wp\/v2\/product\/79919\/revisions\/190284"}],"wp:featuredmedia":[{"embeddable":true,"href":"https:\/\/horecacenter.com\/fr\/wp-json\/wp\/v2\/media\/79920"}],"wp:attachment":[{"href":"https:\/\/horecacenter.com\/fr\/wp-json\/wp\/v2\/media?parent=79919"}],"wp:term":[{"taxonomy":"product_brand","embeddable":true,"href":"https:\/\/horecacenter.com\/fr\/wp-json\/wp\/v2\/product_brand?post=79919"},{"taxonomy":"product_cat","embeddable":true,"href":"https:\/\/horecacenter.com\/fr\/wp-json\/wp\/v2\/product_cat?post=79919"},{"taxonomy":"product_tag","embeddable":true,"href":"https:\/\/horecacenter.com\/fr\/wp-json\/wp\/v2\/product_tag?post=79919"}],"curies":[{"name":"wp","href":"https:\/\/api.w.org\/{rel}","templated":true}]}}