{"id":80599,"date":"2021-04-02T09:37:03","date_gmt":"2021-04-02T09:37:03","guid":{"rendered":"https:\/\/horecacenter.com\/?post_type=product&#038;p=80599"},"modified":"2025-12-31T08:30:12","modified_gmt":"2025-12-31T08:30:12","slug":"plateau-de-table-de-cafe-restaurant-et-horeca-dublin-wenge-5-cm-depaisseur","status":"publish","type":"product","link":"https:\/\/horecacenter.com\/fr\/produit\/plateau-de-table-de-cafe-restaurant-et-horeca-dublin-wenge-5-cm-depaisseur\/","title":{"rendered":"Plateau de Table Pour Restaurant &#8211; DUBLIN WENG\u00c9 &#8211; 5 cm D&rsquo;\u00e9paisseur"},"content":{"rendered":"<p><i class=\"fas fa-check-circle description-icon-green\" aria-hidden=\"true\"><\/i><span style=\"color: #339966;\"> Les plateaux de table ne sont pas pr\u00e9-perc\u00e9s.<\/span><br \/>\n<i class=\"fas fa-check-circle description-icon-green\" aria-hidden=\"true\"><\/i><span style=\"color: #ff6600;\"> Les vis sont incluses si les plateaux de table sont command\u00e9s avec les pieds de table.<\/span><\/p>\n","protected":false},"excerpt":{"rendered":"<p>Les plateaux de table ne sont pas pr\u00e9-perc\u00e9s. Les vis sont incluses si les plateaux de table sont command\u00e9s avec<\/p>\n","protected":false},"featured_media":80607,"comment_status":"open","ping_status":"closed","template":"","meta":[],"product_brand":[],"product_cat":[9832],"product_tag":[11008,10533,11010,10534,11013,10535,10540,10664,10665,10728,10787,11006,11007],"class_list":{"0":"post-80599","1":"product","2":"type-product","3":"status-publish","4":"has-post-thumbnail","6":"product_cat-dublin-dessus-de-table-50mm-paisseur","7":"product_tag-table-top","8":"product_tag-horeca-meubelen","9":"product_tag-plateau-de-table","10":"product_tag-meuble-horeca","11":"product_tag-tisch","12":"product_tag-horeca-m-bel","13":"product_tag-horeca-furniture","14":"product_tag-restaurant-furniture","15":"product_tag-restaurant-m-bel","16":"product_tag-werzalit","17":"product_tag-table-2","18":"product_tag-tafel","19":"product_tag-tafelblad","20":"pa_dimension-80x80-cm-fr","21":"pa_dimension-60x60-cm-fr","22":"pa_dimension-70x70-cm-fr","23":"pa_dimension-70x120-cm-fr","24":"pa_dimension-r60o-cm-fr","25":"pa_dimension-r70o-cm-fr","26":"pa_product-color-color-wenge-fr","27":"pa_product-more-colors-oui-fr","28":"pa_product-usage-usage-interieur-fr","30":"first","31":"instock","32":"sale","33":"taxable","34":"shipping-taxable","35":"purchasable","36":"product-type-variable","37":"hc-var-dimension"},"_links":{"self":[{"href":"https:\/\/horecacenter.com\/fr\/wp-json\/wp\/v2\/product\/80599","targetHints":{"allow":["GET"]}}],"collection":[{"href":"https:\/\/horecacenter.com\/fr\/wp-json\/wp\/v2\/product"}],"about":[{"href":"https:\/\/horecacenter.com\/fr\/wp-json\/wp\/v2\/types\/product"}],"replies":[{"embeddable":true,"href":"https:\/\/horecacenter.com\/fr\/wp-json\/wp\/v2\/comments?post=80599"}],"version-history":[{"count":1,"href":"https:\/\/horecacenter.com\/fr\/wp-json\/wp\/v2\/product\/80599\/revisions"}],"predecessor-version":[{"id":173968,"href":"https:\/\/horecacenter.com\/fr\/wp-json\/wp\/v2\/product\/80599\/revisions\/173968"}],"wp:featuredmedia":[{"embeddable":true,"href":"https:\/\/horecacenter.com\/fr\/wp-json\/wp\/v2\/media\/80607"}],"wp:attachment":[{"href":"https:\/\/horecacenter.com\/fr\/wp-json\/wp\/v2\/media?parent=80599"}],"wp:term":[{"taxonomy":"product_brand","embeddable":true,"href":"https:\/\/horecacenter.com\/fr\/wp-json\/wp\/v2\/product_brand?post=80599"},{"taxonomy":"product_cat","embeddable":true,"href":"https:\/\/horecacenter.com\/fr\/wp-json\/wp\/v2\/product_cat?post=80599"},{"taxonomy":"product_tag","embeddable":true,"href":"https:\/\/horecacenter.com\/fr\/wp-json\/wp\/v2\/product_tag?post=80599"}],"curies":[{"name":"wp","href":"https:\/\/api.w.org\/{rel}","templated":true}]}}