{"id":80656,"date":"2021-04-09T14:59:04","date_gmt":"2021-04-09T14:59:04","guid":{"rendered":"https:\/\/horecacenter.com\/?post_type=product&#038;p=80656"},"modified":"2026-03-24T07:15:17","modified_gmt":"2026-03-24T07:15:17","slug":"chaise-de-terrasse-empilable-avec-accoudoir-de-cafe-restaurant-et-horeca-lorena","status":"publish","type":"product","link":"https:\/\/horecacenter.com\/fr\/produit\/chaise-de-terrasse-empilable-avec-accoudoir-de-cafe-restaurant-et-horeca-lorena\/","title":{"rendered":"Chaise de Terrasse LORENA &#8211; Avec Accoudoirs &#8211; Empilable &#8211; Plastique Noir"},"content":{"rendered":"<p>Cette <strong>chaise de terrasse en plastique noir avec accoudoirs<\/strong> est fabriqu\u00e9e en polypropyl\u00e8ne inject\u00e9 assist\u00e9 au gaz et renforc\u00e9e en fibre de verre. Cette combinaison assure une grande r\u00e9sistance tout en restant l\u00e9g\u00e8re. Elle est id\u00e9ale pour un usage horeca intensif sur terrasses, restaurants et caf\u00e9s.<\/p>\n<p><strong>Design Moderne avec Confort Suppl\u00e9mentaire<\/strong><\/p>\n<p>La <strong>Chaise Terrasse LORENA \u2013 Accoudoirs \u2013 Empilable \u2013 Plastique Noir<\/strong> associe un design minimaliste \u00e0 un confort optimal gr\u00e2ce \u00e0 ses accoudoirs int\u00e9gr\u00e9s. L\u2019assise ergonomique assure une excellente exp\u00e9rience d\u2019assise. Sa couleur noire apporte une touche \u00e9l\u00e9gante et professionnelle. Cette chaise est con\u00e7ue pour les environnements horeca dynamiques o\u00f9 fonctionnalit\u00e9 et esth\u00e9tique sont essentielles. Gr\u00e2ce \u00e0 sa fonction empilable, elle permet un rangement rapide et un gain de place important. Parfaite pour les terrasses professionnelles. L\u2019entretien est simple : un chiffon humide ou un rin\u00e7age \u00e0 l\u2019eau suffit. La surface lisse limite l\u2019accumulation de salet\u00e9 et garantit une hygi\u00e8ne optimale. \u00c9vitez les produits agressifs pour pr\u00e9server la qualit\u00e9 du mat\u00e9riau.<\/p>\n<p>Minimum de commande 20 pcs. Contactez-nous pour une commande inf\u00e9rieure. Selon stock, une livraison en plus petite quantit\u00e9 est possible. Contactez-nous via <strong>T\u00e9l\u00e9phone<\/strong>, <strong>WhatsApp<\/strong> ou <strong>e-mail<\/strong> ou visitez notre showroom.<\/p>\n","protected":false},"excerpt":{"rendered":"<p>Cette chaise de terrasse en plastique noir avec accoudoirs est fabriqu\u00e9e en polypropyl\u00e8ne inject\u00e9 assist\u00e9 au gaz et renforc\u00e9e en<\/p>\n","protected":false},"featured_media":80617,"comment_status":"open","ping_status":"closed","template":"","meta":[],"product_brand":[],"product_cat":[9784,9776,10044],"product_tag":[10540,10655,10579,10656,10585,10588,10589,10593,10610,10651,10652,10533,10653,10535,10654],"class_list":{"0":"post-80656","1":"product","2":"type-product","3":"status-publish","4":"has-post-thumbnail","6":"product_cat-chaises-de-terrasse","7":"product_cat-chaises-en-plastique","8":"product_cat-chaises-empilable","9":"product_tag-horeca-furniture","10":"product_tag-chair-2","11":"product_tag-horeca-stoelen","12":"product_tag-chaise","13":"product_tag-chaises-horeca","14":"product_tag-restaurant-chairs","15":"product_tag-horeca-chairs","16":"product_tag-horeca-st-hle","17":"product_tag-meubles-horeca","18":"product_tag-horeca-inrichting","19":"product_tag-stoel","20":"product_tag-horeca-meubelen","21":"product_tag-stuhl","22":"product_tag-horeca-m-bel","23":"product_tag-restaurant-st-hle","24":"pa_armrest-armrest-oui-fr","25":"pa_product-color-color-noir-fr","26":"pa_product-frame-color-noir-framecolor-fr","27":"pa_product-material-material-synthetique","28":"pa_product-more-colors-oui-fr","29":"pa_product-seat-height-cm-46-seat-height-cm-fr","30":"pa_product-seat-width-cm-41-seat-width-cm-fr","31":"pa_product-seats-1-seats-fr","32":"pa_product-usage-usage-interieur-fr","33":"pa_product-usage-usage-exterieur-fr","35":"first","36":"instock","37":"sale","38":"taxable","39":"shipping-taxable","40":"purchasable","41":"product-type-simple"},"_links":{"self":[{"href":"https:\/\/horecacenter.com\/fr\/wp-json\/wp\/v2\/product\/80656","targetHints":{"allow":["GET"]}}],"collection":[{"href":"https:\/\/horecacenter.com\/fr\/wp-json\/wp\/v2\/product"}],"about":[{"href":"https:\/\/horecacenter.com\/fr\/wp-json\/wp\/v2\/types\/product"}],"replies":[{"embeddable":true,"href":"https:\/\/horecacenter.com\/fr\/wp-json\/wp\/v2\/comments?post=80656"}],"version-history":[{"count":4,"href":"https:\/\/horecacenter.com\/fr\/wp-json\/wp\/v2\/product\/80656\/revisions"}],"predecessor-version":[{"id":190791,"href":"https:\/\/horecacenter.com\/fr\/wp-json\/wp\/v2\/product\/80656\/revisions\/190791"}],"wp:featuredmedia":[{"embeddable":true,"href":"https:\/\/horecacenter.com\/fr\/wp-json\/wp\/v2\/media\/80617"}],"wp:attachment":[{"href":"https:\/\/horecacenter.com\/fr\/wp-json\/wp\/v2\/media?parent=80656"}],"wp:term":[{"taxonomy":"product_brand","embeddable":true,"href":"https:\/\/horecacenter.com\/fr\/wp-json\/wp\/v2\/product_brand?post=80656"},{"taxonomy":"product_cat","embeddable":true,"href":"https:\/\/horecacenter.com\/fr\/wp-json\/wp\/v2\/product_cat?post=80656"},{"taxonomy":"product_tag","embeddable":true,"href":"https:\/\/horecacenter.com\/fr\/wp-json\/wp\/v2\/product_tag?post=80656"}],"curies":[{"name":"wp","href":"https:\/\/api.w.org\/{rel}","templated":true}]}}