{"id":80908,"date":"2021-05-03T15:18:50","date_gmt":"2021-05-03T15:18:50","guid":{"rendered":"https:\/\/horecacenter.com\/?post_type=product&#038;p=80908"},"modified":"2025-12-31T08:26:39","modified_gmt":"2025-12-31T08:26:39","slug":"plateau-de-table-de-cafe-restaurant-et-horeca-werzalit-palazzo-3-cm-depaisseur","status":"publish","type":"product","link":"https:\/\/horecacenter.com\/fr\/produit\/plateau-de-table-de-cafe-restaurant-et-horeca-werzalit-palazzo-3-cm-depaisseur\/","title":{"rendered":"Plateau de Table Pour Restaurant &#8211; WERZALIT PALAZZO &#8211; 3 cm D&rsquo;\u00e9paisseur"},"content":{"rendered":"<p><span style=\"color: #000000;\">Convient \u00e0 la terrasse, r\u00e9sistant \u00e0 la pluie.<\/span><\/p>\n<p><i class=\"fas fa-check-circle description-icon-green\" aria-hidden=\"true\"><\/i><span style=\"color: #339966;\"> Les plateaux de table ne sont pas pr\u00e9-perc\u00e9s.<\/span><br \/>\n<i class=\"fas fa-check-circle description-icon-green\" aria-hidden=\"true\"><\/i><span style=\"color: #ff6600;\"> Les vis sont incluses si les plateaux de table sont command\u00e9s avec les pieds de table.<\/span><\/p>\n","protected":false},"excerpt":{"rendered":"<p>Convient \u00e0 la terrasse, r\u00e9sistant \u00e0 la pluie. Les plateaux de table ne sont pas pr\u00e9-perc\u00e9s. Les vis sont incluses<\/p>\n","protected":false},"featured_media":80915,"comment_status":"open","ping_status":"closed","template":"","meta":[],"product_brand":[],"product_cat":[9836,17069,9816],"product_tag":[11012,10664,11013,10665,11014,10728,10787,11006,11007,10533,11008,10534,11009,10535,11010,10540,11011,10651],"class_list":{"0":"post-80908","1":"product","2":"type-product","3":"status-publish","4":"has-post-thumbnail","6":"product_cat-dessus-de-tables-de-terrasse-werzalit-epaisseur-30-mm-exterieur","7":"product_cat-plateaux-de-table-de-terrasse-werzalit","8":"product_cat-dessus-de-table","9":"product_tag-tischplatte","10":"product_tag-restaurant-furniture","11":"product_tag-tisch","12":"product_tag-restaurant-m-bel","13":"product_tag-restaurant-inrichtingen","14":"product_tag-werzalit","15":"product_tag-table-2","16":"product_tag-tafel","17":"product_tag-tafelblad","18":"product_tag-horeca-meubelen","19":"product_tag-table-top","20":"product_tag-meuble-horeca","21":"product_tag-tabelle","22":"product_tag-horeca-m-bel","23":"product_tag-plateau-de-table","24":"product_tag-horeca-furniture","25":"product_tag-meuble-restaurant","26":"product_tag-horeca-inrichting","27":"pa_dimension-70x120-cm-fr","28":"pa_dimension-60x60-cm-fr","29":"pa_dimension-70x70-cm-fr","30":"pa_frame-empilable-frame-fr","31":"pa_product-color-color-noir-fr","32":"pa_product-color-color-multicolore-fr","33":"pa_product-more-colors-oui-fr","34":"pa_product-more-dimensions-oui-fr","35":"pa_product-usage-usage-interieur-fr","36":"pa_product-usage-usage-exterieur-fr","38":"first","39":"instock","40":"sale","41":"taxable","42":"shipping-taxable","43":"purchasable","44":"product-type-variable","45":"hc-var-dimension"},"_links":{"self":[{"href":"https:\/\/horecacenter.com\/fr\/wp-json\/wp\/v2\/product\/80908","targetHints":{"allow":["GET"]}}],"collection":[{"href":"https:\/\/horecacenter.com\/fr\/wp-json\/wp\/v2\/product"}],"about":[{"href":"https:\/\/horecacenter.com\/fr\/wp-json\/wp\/v2\/types\/product"}],"replies":[{"embeddable":true,"href":"https:\/\/horecacenter.com\/fr\/wp-json\/wp\/v2\/comments?post=80908"}],"version-history":[{"count":1,"href":"https:\/\/horecacenter.com\/fr\/wp-json\/wp\/v2\/product\/80908\/revisions"}],"predecessor-version":[{"id":173939,"href":"https:\/\/horecacenter.com\/fr\/wp-json\/wp\/v2\/product\/80908\/revisions\/173939"}],"wp:featuredmedia":[{"embeddable":true,"href":"https:\/\/horecacenter.com\/fr\/wp-json\/wp\/v2\/media\/80915"}],"wp:attachment":[{"href":"https:\/\/horecacenter.com\/fr\/wp-json\/wp\/v2\/media?parent=80908"}],"wp:term":[{"taxonomy":"product_brand","embeddable":true,"href":"https:\/\/horecacenter.com\/fr\/wp-json\/wp\/v2\/product_brand?post=80908"},{"taxonomy":"product_cat","embeddable":true,"href":"https:\/\/horecacenter.com\/fr\/wp-json\/wp\/v2\/product_cat?post=80908"},{"taxonomy":"product_tag","embeddable":true,"href":"https:\/\/horecacenter.com\/fr\/wp-json\/wp\/v2\/product_tag?post=80908"}],"curies":[{"name":"wp","href":"https:\/\/api.w.org\/{rel}","templated":true}]}}