{"id":81400,"date":"2021-10-21T10:38:26","date_gmt":"2021-10-21T10:38:26","guid":{"rendered":"https:\/\/horecacenter.com\/?post_type=product&#038;p=81400"},"modified":"2025-12-31T09:50:03","modified_gmt":"2025-12-31T09:50:03","slug":"base-de-table-industrielle-de-cafe-restaurant-et-horeca-acier-140-78-cm-hauteur-72-5-cm-noir","status":"publish","type":"product","link":"https:\/\/horecacenter.com\/fr\/produit\/base-de-table-industrielle-de-cafe-restaurant-et-horeca-acier-140-78-cm-hauteur-72-5-cm-noir\/","title":{"rendered":"Pied de Table Industriel Pour Restaurant &#8211; 140&#215;78 Hauteur 72,50 cm &#8211; Acier"},"content":{"rendered":"<ul>\n<li><span style=\"color: #000000;\">Convient aux plateaux de table jusqu&rsquo;\u00e0 220 cm.<\/span><\/li>\n<li><span style=\"color: #000000;\">Jambi\u00e8res r\u00e9glables.<\/span><\/li>\n<li><span style=\"color: #000000;\">Protection du sol et pied de r\u00e9glage sous le pied.<\/span><\/li>\n<li><span style=\"color: #000000;\">Livr\u00e9 dans un emballage plat.<\/span><\/li>\n<li><span style=\"color: #000000;\">1 an de garantie d&rsquo;usine.<\/span><\/li>\n<li><span style=\"color: #000000;\">Les pieds de table ne sont pas assembl\u00e9es.<\/span><\/li>\n<li><span style=\"color: #000000;\">Le mat\u00e9riel n\u00e9cessaire pour l\u2019assemblage est inclus dans la bo\u00eete.<\/span><\/li>\n<\/ul>\n<p><span style=\"color: #000000;\"><strong>Convient pour une utilisation avec tous nos plateaux de table d&rsquo;int\u00e9rieur.<\/strong><\/span><\/p>\n","protected":false},"excerpt":{"rendered":"<p>Convient aux plateaux de table jusqu&rsquo;\u00e0 220 cm. Jambi\u00e8res r\u00e9glables. Protection du sol et pied de r\u00e9glage sous le pied.<\/p>\n","protected":false},"featured_media":81401,"comment_status":"open","ping_status":"closed","template":"","meta":[],"product_brand":[],"product_cat":[9812],"product_tag":[10666,10667,10744,10535,10869,10540,11938,10610,12013,10651,10660,10663,10664,10665],"class_list":{"0":"post-81400","1":"product","2":"type-product","3":"status-publish","4":"has-post-thumbnail","6":"product_cat-pieds-de-table","7":"product_tag-table-base","8":"product_tag-tischbasis","9":"product_tag-tafel-onderstel","10":"product_tag-horeca-m-bel","11":"product_tag-zwarte-onderstel","12":"product_tag-horeca-furniture","13":"product_tag-basis","14":"product_tag-meubles-horeca","15":"product_tag-onderstel","16":"product_tag-horeca-inrichting","17":"product_tag-restaurant-meubelen","18":"product_tag-meubles-de-restaurant","19":"product_tag-restaurant-furniture","20":"product_tag-restaurant-m-bel","21":"pa_product-color-color-noir-fr","22":"pa_product-diameter-tube-cm-8x8-diameter-tube-cm-fr","23":"pa_product-dimensions-bottom-pl-140x78-dimensions-bottom-plate-cm-fr","24":"pa_product-material-acier-material-fr","25":"pa_product-more-dimensions-oui-fr","26":"pa_product-usage-usage-interieur-fr","27":"pa_table-base-height-cm-7250-cm-fr","29":"first","30":"instock","31":"sale","32":"taxable","33":"shipping-taxable","34":"purchasable","35":"product-type-simple"},"_links":{"self":[{"href":"https:\/\/horecacenter.com\/fr\/wp-json\/wp\/v2\/product\/81400","targetHints":{"allow":["GET"]}}],"collection":[{"href":"https:\/\/horecacenter.com\/fr\/wp-json\/wp\/v2\/product"}],"about":[{"href":"https:\/\/horecacenter.com\/fr\/wp-json\/wp\/v2\/types\/product"}],"replies":[{"embeddable":true,"href":"https:\/\/horecacenter.com\/fr\/wp-json\/wp\/v2\/comments?post=81400"}],"version-history":[{"count":1,"href":"https:\/\/horecacenter.com\/fr\/wp-json\/wp\/v2\/product\/81400\/revisions"}],"predecessor-version":[{"id":174223,"href":"https:\/\/horecacenter.com\/fr\/wp-json\/wp\/v2\/product\/81400\/revisions\/174223"}],"wp:featuredmedia":[{"embeddable":true,"href":"https:\/\/horecacenter.com\/fr\/wp-json\/wp\/v2\/media\/81401"}],"wp:attachment":[{"href":"https:\/\/horecacenter.com\/fr\/wp-json\/wp\/v2\/media?parent=81400"}],"wp:term":[{"taxonomy":"product_brand","embeddable":true,"href":"https:\/\/horecacenter.com\/fr\/wp-json\/wp\/v2\/product_brand?post=81400"},{"taxonomy":"product_cat","embeddable":true,"href":"https:\/\/horecacenter.com\/fr\/wp-json\/wp\/v2\/product_cat?post=81400"},{"taxonomy":"product_tag","embeddable":true,"href":"https:\/\/horecacenter.com\/fr\/wp-json\/wp\/v2\/product_tag?post=81400"}],"curies":[{"name":"wp","href":"https:\/\/api.w.org\/{rel}","templated":true}]}}