{"id":81468,"date":"2021-10-26T09:37:39","date_gmt":"2021-10-26T09:37:39","guid":{"rendered":"https:\/\/horecacenter.com\/?post_type=product&#038;p=81468"},"modified":"2026-01-02T14:34:10","modified_gmt":"2026-01-02T14:34:10","slug":"banc-de-train-luna-taupe-2","status":"publish","type":"product","link":"https:\/\/horecacenter.com\/fr\/produit\/banc-de-train-luna-taupe-2\/","title":{"rendered":"Banc De Train &#8211; LUNA ECO &#8211; Noir"},"content":{"rendered":"<p><span style=\"color: #000000;\">Le canap\u00e9 Luna est un canap\u00e9 tr\u00e8s confortable et convivial qui convient \u00e0 toutes les entreprises de restauration. Recouvert de cuir synth\u00e9tique de premi\u00e8re qualit\u00e9 et facile d\u2019entretien. Il convient \u00e0 tous les \u00e9tablissements de restauration et avec sa largeur de 120 cm offre un espace pour deux personnes. Fourni avec une base en MDF noir et un clou de glissement en plastique standard en bas. L\u2019espace total requis pour cet ensemble de bancs de train est de 400 cm. <\/span><\/p>\n<p><span style=\"color: #000000;\">Attention ! Les dimensions des banquettes sont susceptibles de varier de 1 \u00e0 2 cm selon le mat\u00e9riel utilis\u00e9.<\/span><\/p>\n<p><strong><span style=\"color: #000000;\">L&rsquo;ensemble sur l&rsquo;image se compose des produits suivants\u202f:<br \/>\n<\/span><\/strong><span style=\"color: #000000;\">4x Banquettes <span style=\"color: #0000ff;\"><a style=\"color: #0000ff;\" href=\"https:\/\/horecacenter.com\/fr\/produit\/banquette-de-cafe-restaurant-et-horeca-luna-noir\/\">LUNA-BLACK<\/a><\/span><\/span><br \/>\n<span style=\"color: #000000;\">2x Tables <span style=\"color: #0000ff;\"><a style=\"color: #0000ff;\" href=\"https:\/\/horecacenter.com\/fr\/produit\/table-de-cafe-restaurant-et-horeca-dublin-k1-70x120-cm-avec-base\/\">DUBLIN-K1-70X120+B-341<\/a><\/span><\/span><\/p>\n<p><span style=\"color: #008000;\"><strong><br \/>\nPRIX \u200b\u200bSUR DEMANDE !<\/strong><\/span><\/p>\n","protected":false},"excerpt":{"rendered":"<p>Le canap\u00e9 Luna est un canap\u00e9 tr\u00e8s confortable et convivial qui convient \u00e0 toutes les entreprises de restauration. Recouvert de<\/p>\n","protected":false},"featured_media":81469,"comment_status":"open","ping_status":"closed","template":"","meta":[],"product_brand":[],"product_cat":[9844],"product_tag":[10533,10534,10535,10540,10549],"class_list":{"0":"post-81468","1":"product","2":"type-product","3":"status-publish","4":"has-post-thumbnail","6":"product_cat-banquettes-luna","7":"product_tag-horeca-meubelen","8":"product_tag-meuble-horeca","9":"product_tag-horeca-m-bel","10":"product_tag-horeca-furniture","11":"product_tag-nightlock-bank","12":"pa_product-color-color-noir-fr","13":"pa_product-frame-color-wenge-frame-color-fr","14":"pa_product-more-colors-oui-fr","15":"pa_product-seats-8-seats-fr","16":"pa_product-upholstery-upholstery-simili-cuir-fr","17":"pa_product-usage-usage-interieur-fr","19":"first","20":"onbackorder","21":"taxable","22":"shipping-taxable","23":"purchasable","24":"product-type-simple"},"_links":{"self":[{"href":"https:\/\/horecacenter.com\/fr\/wp-json\/wp\/v2\/product\/81468","targetHints":{"allow":["GET"]}}],"collection":[{"href":"https:\/\/horecacenter.com\/fr\/wp-json\/wp\/v2\/product"}],"about":[{"href":"https:\/\/horecacenter.com\/fr\/wp-json\/wp\/v2\/types\/product"}],"replies":[{"embeddable":true,"href":"https:\/\/horecacenter.com\/fr\/wp-json\/wp\/v2\/comments?post=81468"}],"version-history":[{"count":1,"href":"https:\/\/horecacenter.com\/fr\/wp-json\/wp\/v2\/product\/81468\/revisions"}],"predecessor-version":[{"id":175224,"href":"https:\/\/horecacenter.com\/fr\/wp-json\/wp\/v2\/product\/81468\/revisions\/175224"}],"wp:featuredmedia":[{"embeddable":true,"href":"https:\/\/horecacenter.com\/fr\/wp-json\/wp\/v2\/media\/81469"}],"wp:attachment":[{"href":"https:\/\/horecacenter.com\/fr\/wp-json\/wp\/v2\/media?parent=81468"}],"wp:term":[{"taxonomy":"product_brand","embeddable":true,"href":"https:\/\/horecacenter.com\/fr\/wp-json\/wp\/v2\/product_brand?post=81468"},{"taxonomy":"product_cat","embeddable":true,"href":"https:\/\/horecacenter.com\/fr\/wp-json\/wp\/v2\/product_cat?post=81468"},{"taxonomy":"product_tag","embeddable":true,"href":"https:\/\/horecacenter.com\/fr\/wp-json\/wp\/v2\/product_tag?post=81468"}],"curies":[{"name":"wp","href":"https:\/\/api.w.org\/{rel}","templated":true}]}}