{"id":81928,"date":"2021-12-17T07:23:36","date_gmt":"2021-12-17T07:23:36","guid":{"rendered":"https:\/\/horecacenter.com\/?post_type=product&#038;p=81928"},"modified":"2026-04-07T12:30:11","modified_gmt":"2026-04-07T12:30:11","slug":"chaise-en-velours-de-cafe-restaurant-et-horeca-fiona","status":"publish","type":"product","link":"https:\/\/horecacenter.com\/fr\/produit\/chaise-en-velours-de-cafe-restaurant-et-horeca-fiona\/","title":{"rendered":"Chaise de Restaurant Avec Accoudoirs &#8211; FIONA &#8211; Velours Sable"},"content":{"rendered":"<p>Ce fauteuil horeca est recouvert de <strong>velours couleur sable<\/strong>, un tissu luxueux reconnu pour sa douceur et son \u00e9l\u00e9gance. Le velours apporte une ambiance chaleureuse et raffin\u00e9e aux restaurants, caf\u00e9s et h\u00f4tels.<\/p>\n<p><strong>Fauteuil Horeca Moderne et Confortable<\/strong><\/p>\n<p>Le <strong>Fauteuil Horeca FIONA \u2013 Velours Sable<\/strong> combine un design moderne avec des accoudoirs int\u00e9gr\u00e9s et une assise ergonomique. Les clients profitent ainsi d\u2019un excellent confort. La couleur sable cr\u00e9e une atmosph\u00e8re \u00e9l\u00e9gante et lumineuse dans les restaurants, brasseries et h\u00f4tels. Le pi\u00e8tement m\u00e9tallique noir assure stabilit\u00e9 et contraste moderne. Pour l\u2019entretien, nettoyez le velours avec une brosse douce ou un chiffon l\u00e9g\u00e8rement humide. \u00c9vitez les produits agressifs afin de pr\u00e9server la texture et la couleur. Vous ouvrez un restaurant ou modernisez votre \u00e9tablissement ? Contactez-nous par <strong>T\u00e9l\u00e9phone<\/strong>, <strong>WhatsApp<\/strong> ou <strong>e-mail<\/strong> ou visitez notre showroom pour un accompagnement professionnel.<\/p>\n<p><span style=\"color: #000000;\"><strong>Informations suppl\u00e9mentaires :<\/strong><\/span><\/p>\n<ul>\n<li><span style=\"color: #000000;\">Les chaises ne sont pas assembl\u00e9es et sont toujours emball\u00e9es par 2 dans des bo\u00eetes en carton.<\/span><\/li>\n<li><span style=\"color: #000000;\">Le si\u00e8ge est viss\u00e9 au ch\u00e2ssis au moyen de 4 vis.<\/span><\/li>\n<li><span style=\"color: #000000;\">Le mat\u00e9riel n\u00e9cessaire pour l&rsquo;assemblage est inclus dans la bo\u00eete.<\/span><\/li>\n<li><span style=\"color: #000000;\"> Les chaises sont faciles \u00e0 assembler.<\/span><\/li>\n<\/ul>\n","protected":false},"excerpt":{"rendered":"<p>Ce fauteuil horeca est recouvert de velours couleur sable, un tissu luxueux reconnu pour sa douceur et son \u00e9l\u00e9gance. Le<\/p>\n","protected":false},"featured_media":126167,"comment_status":"open","ping_status":"closed","template":"","meta":[],"product_brand":[],"product_cat":[17402,17399],"product_tag":[10586,10652,10653,10655,10656,11985,10578,10581,10582],"class_list":{"0":"post-81928","1":"product","2":"type-product","3":"status-publish","4":"has-post-thumbnail","6":"product_cat-chaises-en-metal-tissu-vintage","7":"product_cat-chaises-en-metal-tissu","8":"product_tag-chairs-2","9":"product_tag-stoel","10":"product_tag-stuhl","11":"product_tag-chair-2","12":"product_tag-chaise","13":"product_tag-thuis-meubelen","14":"product_tag-stoelen-2","15":"product_tag-industrieel-stoelen","16":"product_tag-chaises-2","17":"pa_armrest-armrest-oui-fr","18":"pa_frame-non-empilable-frame-fr","19":"pa_product-arm-height-cm-68-arm-height-cm-fr","20":"pa_product-color-color-sable-fr","21":"pa_product-color-color-beige-fr","22":"pa_product-frame-color-noir-framecolor-fr","23":"pa_product-material-cadre-en-metal-material-fr","24":"pa_product-more-colors-oui-fr","25":"pa_product-seat-depth-cm-42-seat-depth-cm-fr","26":"pa_product-seat-height-cm-48-seat-height-cm-fr","27":"pa_product-seat-width-cm-40-seat-width-cm-fr","28":"pa_product-seats-1-seats-fr","29":"pa_product-upholstery-upholstery-velours-fr","30":"pa_product-usage-usage-interieur-fr","32":"first","33":"instock","34":"sale","35":"taxable","36":"shipping-taxable","37":"purchasable","38":"product-type-simple"},"_links":{"self":[{"href":"https:\/\/horecacenter.com\/fr\/wp-json\/wp\/v2\/product\/81928","targetHints":{"allow":["GET"]}}],"collection":[{"href":"https:\/\/horecacenter.com\/fr\/wp-json\/wp\/v2\/product"}],"about":[{"href":"https:\/\/horecacenter.com\/fr\/wp-json\/wp\/v2\/types\/product"}],"replies":[{"embeddable":true,"href":"https:\/\/horecacenter.com\/fr\/wp-json\/wp\/v2\/comments?post=81928"}],"version-history":[{"count":2,"href":"https:\/\/horecacenter.com\/fr\/wp-json\/wp\/v2\/product\/81928\/revisions"}],"predecessor-version":[{"id":188464,"href":"https:\/\/horecacenter.com\/fr\/wp-json\/wp\/v2\/product\/81928\/revisions\/188464"}],"wp:featuredmedia":[{"embeddable":true,"href":"https:\/\/horecacenter.com\/fr\/wp-json\/wp\/v2\/media\/126167"}],"wp:attachment":[{"href":"https:\/\/horecacenter.com\/fr\/wp-json\/wp\/v2\/media?parent=81928"}],"wp:term":[{"taxonomy":"product_brand","embeddable":true,"href":"https:\/\/horecacenter.com\/fr\/wp-json\/wp\/v2\/product_brand?post=81928"},{"taxonomy":"product_cat","embeddable":true,"href":"https:\/\/horecacenter.com\/fr\/wp-json\/wp\/v2\/product_cat?post=81928"},{"taxonomy":"product_tag","embeddable":true,"href":"https:\/\/horecacenter.com\/fr\/wp-json\/wp\/v2\/product_tag?post=81928"}],"curies":[{"name":"wp","href":"https:\/\/api.w.org\/{rel}","templated":true}]}}