{"id":83218,"date":"2022-04-12T12:59:17","date_gmt":"2022-04-12T12:59:17","guid":{"rendered":"https:\/\/horecacenter.com\/?post_type=product&#038;p=83218"},"modified":"2025-12-31T09:36:49","modified_gmt":"2025-12-31T09:36:49","slug":"plateau-de-table-de-cafe-restaurant-et-horeca-werzalit-indian-shesman-3-cm-depaisseur-2","status":"publish","type":"product","link":"https:\/\/horecacenter.com\/fr\/produit\/plateau-de-table-de-cafe-restaurant-et-horeca-werzalit-indian-shesman-3-cm-depaisseur-2\/","title":{"rendered":"Plateau de Table Rond Avec Cerclage Laiton Pour Caf\u00e9, Restaurant et Horeca &#8211; WERZALIT INDIAN SHESMAN &#8211; 3 cm D&rsquo;\u00e9paisseur"},"content":{"rendered":"<p><span style=\"color: #000000\">Convient \u00e0 la terrasse, r\u00e9sistant \u00e0 la pluie.<\/span><\/p>\n<p><i class=\"fas fa-check-circle description-icon-green\" aria-hidden=\"true\"><\/i><span style=\"color: #339966\"> Les plateaux de table ne sont pas pr\u00e9-perc\u00e9s.<\/span><br \/>\n<i class=\"fas fa-check-circle description-icon-green\" aria-hidden=\"true\"><\/i><span style=\"color: #ff6600\"> Les vis sont incluses si les plateaux de table sont command\u00e9s avec les pieds de table.<\/span><\/p>\n","protected":false},"excerpt":{"rendered":"<p>Convient \u00e0 la terrasse, r\u00e9sistant \u00e0 la pluie. Les plateaux de table ne sont pas pr\u00e9-perc\u00e9s. Les vis sont incluses<\/p>\n","protected":false},"featured_media":83221,"comment_status":"open","ping_status":"closed","template":"","meta":[],"product_brand":[],"product_cat":[9836,17073],"product_tag":[10540,10651,10664,10665,10927,11007,11008,11009,10533,11010,10534,11011,10535,11012],"class_list":{"0":"post-83218","1":"product","2":"type-product","3":"status-publish","4":"has-post-thumbnail","6":"product_cat-dessus-de-tables-de-terrasse-werzalit-epaisseur-30-mm-exterieur","7":"product_cat-plateaux-de-table-de-terrasse-avec-laiton-chrome","8":"product_tag-horeca-furniture","9":"product_tag-horeca-inrichting","10":"product_tag-restaurant-furniture","11":"product_tag-restaurant-m-bel","12":"product_tag-restaurant-inrichting","13":"product_tag-tafelblad","14":"product_tag-table-top","15":"product_tag-tabelle","16":"product_tag-horeca-meubelen","17":"product_tag-plateau-de-table","18":"product_tag-meuble-horeca","19":"product_tag-meuble-restaurant","20":"product_tag-horeca-m-bel","21":"product_tag-tischplatte","22":"pa_dimension-r60o-cm-fr","23":"pa_dimension-r70o-cm-fr","24":"pa_frame-empilable-frame-fr","25":"pa_product-color-color-aspect-bois-fr","26":"pa_product-more-colors-oui-fr","27":"pa_product-more-dimensions-oui-fr","28":"pa_product-usage-usage-interieur-fr","29":"pa_product-usage-usage-exterieur-fr","31":"first","32":"instock","33":"sale","34":"taxable","35":"shipping-taxable","36":"purchasable","37":"product-type-variable","38":"hc-var-dimension"},"_links":{"self":[{"href":"https:\/\/horecacenter.com\/fr\/wp-json\/wp\/v2\/product\/83218","targetHints":{"allow":["GET"]}}],"collection":[{"href":"https:\/\/horecacenter.com\/fr\/wp-json\/wp\/v2\/product"}],"about":[{"href":"https:\/\/horecacenter.com\/fr\/wp-json\/wp\/v2\/types\/product"}],"replies":[{"embeddable":true,"href":"https:\/\/horecacenter.com\/fr\/wp-json\/wp\/v2\/comments?post=83218"}],"version-history":[{"count":1,"href":"https:\/\/horecacenter.com\/fr\/wp-json\/wp\/v2\/product\/83218\/revisions"}],"predecessor-version":[{"id":174168,"href":"https:\/\/horecacenter.com\/fr\/wp-json\/wp\/v2\/product\/83218\/revisions\/174168"}],"wp:featuredmedia":[{"embeddable":true,"href":"https:\/\/horecacenter.com\/fr\/wp-json\/wp\/v2\/media\/83221"}],"wp:attachment":[{"href":"https:\/\/horecacenter.com\/fr\/wp-json\/wp\/v2\/media?parent=83218"}],"wp:term":[{"taxonomy":"product_brand","embeddable":true,"href":"https:\/\/horecacenter.com\/fr\/wp-json\/wp\/v2\/product_brand?post=83218"},{"taxonomy":"product_cat","embeddable":true,"href":"https:\/\/horecacenter.com\/fr\/wp-json\/wp\/v2\/product_cat?post=83218"},{"taxonomy":"product_tag","embeddable":true,"href":"https:\/\/horecacenter.com\/fr\/wp-json\/wp\/v2\/product_tag?post=83218"}],"curies":[{"name":"wp","href":"https:\/\/api.w.org\/{rel}","templated":true}]}}