{"id":83290,"date":"2022-04-27T13:50:37","date_gmt":"2022-04-27T13:50:37","guid":{"rendered":"https:\/\/horecacenter.com\/?post_type=product&#038;p=83290"},"modified":"2025-12-04T08:39:36","modified_gmt":"2025-12-04T08:39:36","slug":"table-de-terrasse-pliante-de-cafe-restaurant-et-horeca-gl302-60x60-cm","status":"publish","type":"product","link":"https:\/\/horecacenter.com\/fr\/produit\/table-de-terrasse-pliante-de-cafe-restaurant-et-horeca-gl302-60x60-cm\/","title":{"rendered":"Table Pour Terrasse de Restaurant Pliable  &#8211; Gl302 &#8211; 60&#215;60 cm"},"content":{"rendered":"<p><span style=\"color: #000000;\">Cette table pliable Bolero en rotin est id\u00e9al pour les terrasses et les petits espaces. <\/span><\/p>\n<p><span style=\"color: #000000;\">Rangement rapide gr\u00e2ce \u00e0 un syst\u00e8me de pliage. Tr\u00e8s polyvalent. <\/span><\/p>\n<p><span style=\"color: #000000;\">La table est enti\u00e8rement assembl\u00e9e et livr\u00e9e pr\u00eate \u00e0 l&#8217;emploi.<\/span><\/p>\n","protected":false},"excerpt":{"rendered":"<p>Cette table pliable Bolero en rotin est id\u00e9al pour les terrasses et les petits espaces. Rangement rapide gr\u00e2ce \u00e0 un<\/p>\n","protected":false},"featured_media":146651,"comment_status":"open","ping_status":"closed","template":"","meta":[],"product_brand":[],"product_cat":[10360,17652],"product_tag":[10584,10585,10593,10610,10651,10652,10533,10653,10535,10654,10540,10656,10579,10580],"class_list":{"0":"post-83290","1":"product","2":"type-product","3":"status-publish","4":"has-post-thumbnail","6":"product_cat-tables-pliantes","7":"product_cat-outlet-fr","8":"product_tag-chaises-de-restaurant","9":"product_tag-chaises-horeca","10":"product_tag-horeca-st-hle","11":"product_tag-meubles-horeca","12":"product_tag-horeca-inrichting","13":"product_tag-stoel","14":"product_tag-horeca-meubelen","15":"product_tag-stuhl","16":"product_tag-horeca-m-bel","17":"product_tag-restaurant-st-hle","18":"product_tag-horeca-furniture","19":"product_tag-chaise","20":"product_tag-horeca-stoelen","21":"product_tag-restaurant-stoelen","22":"pa_frame-non-empilable-frame-fr","23":"pa_product-frame-color-noir-framecolor-fr","24":"pa_product-more-colors-oui-fr","25":"pa_product-more-dimensions-oui-fr","26":"pa_product-tabletop-color-noir-tabletop-color-fr","27":"pa_product-usage-usage-interieur-fr","28":"pa_product-usage-usage-exterieur-fr","30":"first","31":"instock","32":"sale","33":"taxable","34":"shipping-taxable","35":"purchasable","36":"product-type-simple"},"_links":{"self":[{"href":"https:\/\/horecacenter.com\/fr\/wp-json\/wp\/v2\/product\/83290","targetHints":{"allow":["GET"]}}],"collection":[{"href":"https:\/\/horecacenter.com\/fr\/wp-json\/wp\/v2\/product"}],"about":[{"href":"https:\/\/horecacenter.com\/fr\/wp-json\/wp\/v2\/types\/product"}],"replies":[{"embeddable":true,"href":"https:\/\/horecacenter.com\/fr\/wp-json\/wp\/v2\/comments?post=83290"}],"version-history":[{"count":1,"href":"https:\/\/horecacenter.com\/fr\/wp-json\/wp\/v2\/product\/83290\/revisions"}],"predecessor-version":[{"id":169979,"href":"https:\/\/horecacenter.com\/fr\/wp-json\/wp\/v2\/product\/83290\/revisions\/169979"}],"wp:featuredmedia":[{"embeddable":true,"href":"https:\/\/horecacenter.com\/fr\/wp-json\/wp\/v2\/media\/146651"}],"wp:attachment":[{"href":"https:\/\/horecacenter.com\/fr\/wp-json\/wp\/v2\/media?parent=83290"}],"wp:term":[{"taxonomy":"product_brand","embeddable":true,"href":"https:\/\/horecacenter.com\/fr\/wp-json\/wp\/v2\/product_brand?post=83290"},{"taxonomy":"product_cat","embeddable":true,"href":"https:\/\/horecacenter.com\/fr\/wp-json\/wp\/v2\/product_cat?post=83290"},{"taxonomy":"product_tag","embeddable":true,"href":"https:\/\/horecacenter.com\/fr\/wp-json\/wp\/v2\/product_tag?post=83290"}],"curies":[{"name":"wp","href":"https:\/\/api.w.org\/{rel}","templated":true}]}}