{"id":84611,"date":"2022-06-23T13:47:09","date_gmt":"2022-06-23T13:47:09","guid":{"rendered":"https:\/\/horecacenter.com\/?post_type=product&#038;p=84611"},"modified":"2026-03-19T07:45:36","modified_gmt":"2026-03-19T07:45:36","slug":"table-avec-base-pliable-de-cafe-restaurant-et-horeca-dublin-k54-70x70-cm-a-srd","status":"publish","type":"product","link":"https:\/\/horecacenter.com\/fr\/produit\/table-avec-base-pliable-de-cafe-restaurant-et-horeca-dublin-k54-70x70-cm-a-srd\/","title":{"rendered":"Table de Restaurant Avec Pied Pliable &#8211; DUBLIN K54 &#8211; 70&#215;70 cm"},"content":{"rendered":"<p><i class=\"fas fa-check-circle description-icon-green\" aria-hidden=\"true\"><\/i><span style=\"color: #ff6600;\"> Les tables ne sont pas assembl\u00e9es.<\/span><br \/>\n<i class=\"fas fa-check-circle description-icon-green\" aria-hidden=\"true\"><\/i><span style=\"color: #339966;\"> Les plateaux de table ne sont pas pr\u00e9-perc\u00e9s.<\/span><br \/>\n<i class=\"fas fa-check-circle description-icon-green\" aria-hidden=\"true\"><\/i><span style=\"color: #ff6600;\"> Les vis sont incluses si les plateaux de table sont command\u00e9s avec les pieds de table.<\/span><br \/>\n<i class=\"fas fa-check-circle description-icon-green\" aria-hidden=\"true\"><\/i><span style=\"color: #339966;\"> Le mat\u00e9riel n\u00e9cessaire pour l\u2019assemblage est inclus dans la bo\u00eete.<\/span><\/p>\n","protected":false},"excerpt":{"rendered":"<p>Les tables ne sont pas assembl\u00e9es. Les plateaux de table ne sont pas pr\u00e9-perc\u00e9s. Les vis sont incluses si les<\/p>\n","protected":false},"featured_media":84612,"comment_status":"open","ping_status":"closed","template":"","meta":[],"product_brand":[],"product_cat":[10328,10420],"product_tag":[10727,10729,10730,10731,10733,10737,10533,10535,10540,10610,10660,10663,10664,10665],"class_list":{"0":"post-84611","1":"product","2":"type-product","3":"status-publish","4":"has-post-thumbnail","6":"product_cat-dublin-k56-assortiment-de-table","7":"product_cat-tables-pliantes-fr","8":"product_tag-tafels-3","9":"product_tag-horeca-tafels","10":"product_tag-tables-5","11":"product_tag-tables-horeca","12":"product_tag-tische-3","13":"product_tag-horeca-tische","14":"product_tag-horeca-meubelen","15":"product_tag-horeca-m-bel","16":"product_tag-horeca-furniture","17":"product_tag-meubles-horeca","18":"product_tag-restaurant-meubelen","19":"product_tag-meubles-de-restaurant","20":"product_tag-restaurant-furniture","21":"product_tag-restaurant-m-bel","22":"pa_product-frame-color-noir-framecolor-fr","23":"pa_product-more-colors-oui-fr","24":"pa_product-more-dimensions-oui-fr","25":"pa_product-seats-2-seats-fr","26":"pa_product-tabletop-color-aspect-bois-tabletop-color-fr","27":"pa_product-usage-usage-interieur-fr","28":"pa_table-height-cm-74-cm-fr","30":"first","31":"instock","32":"sale","33":"taxable","34":"shipping-taxable","35":"purchasable","36":"product-type-simple"},"_links":{"self":[{"href":"https:\/\/horecacenter.com\/fr\/wp-json\/wp\/v2\/product\/84611","targetHints":{"allow":["GET"]}}],"collection":[{"href":"https:\/\/horecacenter.com\/fr\/wp-json\/wp\/v2\/product"}],"about":[{"href":"https:\/\/horecacenter.com\/fr\/wp-json\/wp\/v2\/types\/product"}],"replies":[{"embeddable":true,"href":"https:\/\/horecacenter.com\/fr\/wp-json\/wp\/v2\/comments?post=84611"}],"version-history":[{"count":1,"href":"https:\/\/horecacenter.com\/fr\/wp-json\/wp\/v2\/product\/84611\/revisions"}],"predecessor-version":[{"id":174283,"href":"https:\/\/horecacenter.com\/fr\/wp-json\/wp\/v2\/product\/84611\/revisions\/174283"}],"wp:featuredmedia":[{"embeddable":true,"href":"https:\/\/horecacenter.com\/fr\/wp-json\/wp\/v2\/media\/84612"}],"wp:attachment":[{"href":"https:\/\/horecacenter.com\/fr\/wp-json\/wp\/v2\/media?parent=84611"}],"wp:term":[{"taxonomy":"product_brand","embeddable":true,"href":"https:\/\/horecacenter.com\/fr\/wp-json\/wp\/v2\/product_brand?post=84611"},{"taxonomy":"product_cat","embeddable":true,"href":"https:\/\/horecacenter.com\/fr\/wp-json\/wp\/v2\/product_cat?post=84611"},{"taxonomy":"product_tag","embeddable":true,"href":"https:\/\/horecacenter.com\/fr\/wp-json\/wp\/v2\/product_tag?post=84611"}],"curies":[{"name":"wp","href":"https:\/\/api.w.org\/{rel}","templated":true}]}}