{"id":86353,"date":"2022-11-04T12:02:26","date_gmt":"2022-11-04T12:02:26","guid":{"rendered":"https:\/\/horecacenter.com\/?post_type=product&#038;p=86353"},"modified":"2025-12-31T11:55:27","modified_gmt":"2025-12-31T11:55:27","slug":"plateau-de-table-de-cafe-restaurant-et-horeca-faux-marbre-5-cm-depaisseur","status":"publish","type":"product","link":"https:\/\/horecacenter.com\/fr\/produit\/plateau-de-table-de-cafe-restaurant-et-horeca-faux-marbre-5-cm-depaisseur\/","title":{"rendered":"Plateau de Table Pour Restaurant &#8211; FAUX MARBRE BLANC &#8211; 3 cm D&rsquo;\u00e9paisseur"},"content":{"rendered":"<p><span style=\"color: #000000;\">La fausse pierre translucide est une collection de mat\u00e9riaux en feuille \u00e9l\u00e9gants et attrayants qui servent de marbre artificiel. Par cons\u00e9quent, la pierre fritt\u00e9e devient de plus en plus populaire dans la conception de meubles. Le plateau de table en pierre fritt\u00e9e blanc et multicolore offre un effet marbre raffin\u00e9 qui d\u00e9gage luxe et style. La combinaison d\u2019un bord \u00e9l\u00e9gant en acier inoxydable et d\u2019un sous-plateau en contreplaqu\u00e9 robuste rend ce plateau non seulement esth\u00e9tique, mais aussi durable et stable.<\/span><\/p>\n<p><span style=\"color: #000000;\">Id\u00e9al pour une utilisation en int\u00e9rieur, ce plateau est disponible en plusieurs tailles, ce qui le rend adapt\u00e9 \u00e0 diverses applications h\u00f4teli\u00e8res, des caf\u00e9s chaleureux aux restaurants \u00e9l\u00e9gants. Le mat\u00e9riau facile \u00e0 entretenir et l&rsquo;apparence naturelle garantissent un design intemporel qui attire les clients et rehausse votre int\u00e9rieur avec une touche haut de gamme. Un investissement judicieux pour toute entreprise h\u00f4teli\u00e8re souhaitant allier confort et \u00e9l\u00e9gance.<\/span><\/p>\n<p><span style=\"color: #000000;\">La pierre fritt\u00e9e <strong>n&rsquo;est pas de la vraie roche<\/strong>. Le plateau de la table est en pierre fritt\u00e9e et a un bel aspect marbr\u00e9. Il est r\u00e9sistant \u00e0 l&rsquo;eau et aux taches et facile \u00e0 nettoyer. Le mat\u00e9riau est r\u00e9sistant aux rayures.<\/span><\/p>\n<p><span style=\"color: #ff0000;\"><strong>Veuillez noter que ce n&rsquo;est pas du vrai marbre !<\/strong><\/span><\/p>\n<p><i class=\"fas fa-check-circle description-icon-green\" aria-hidden=\"true\"><\/i><span style=\"color: #339966;\"> Les plateaux de table ne sont pas pr\u00e9-perc\u00e9s.<\/span><br \/>\n<i class=\"fas fa-check-circle description-icon-green\" aria-hidden=\"true\"><\/i><span style=\"color: #ff6600;\"> Les vis sont incluses si les plateaux de table sont command\u00e9s avec les pieds de table.<\/span><\/p>\n","protected":false},"excerpt":{"rendered":"<p>La fausse pierre translucide est une collection de mat\u00e9riaux en feuille \u00e9l\u00e9gants et attrayants qui servent de marbre artificiel. Par<\/p>\n","protected":false},"featured_media":86357,"comment_status":"open","ping_status":"closed","template":"","meta":[],"product_brand":[],"product_cat":[10428],"product_tag":[10540,10651,10660,11008,11009,11010,11012,11042,12514,12515],"class_list":{"0":"post-86353","1":"product","2":"type-product","3":"status-publish","4":"has-post-thumbnail","6":"product_cat-faux-marbre-dessus-de-table-30-mm-epaisseur-interieur","7":"product_tag-horeca-furniture","8":"product_tag-horeca-inrichting","9":"product_tag-restaurant-meubelen","10":"product_tag-table-top","11":"product_tag-tabelle","12":"product_tag-plateau-de-table","13":"product_tag-tischplatte","14":"product_tag-restaurant","15":"product_tag-horeca","16":"product_tag-tafelbladen-2","17":"pa_dimension-60x60-cm-fr","18":"pa_dimension-70x70-cm-fr","19":"pa_product-color-color-blanc-fr","20":"pa_product-color-color-multicolore-fr","21":"pa_product-more-colors-oui-fr","22":"pa_product-usage-usage-interieur-fr","24":"first","25":"instock","26":"sale","27":"taxable","28":"shipping-taxable","29":"purchasable","30":"product-type-variable","31":"hc-var-dimension"},"_links":{"self":[{"href":"https:\/\/horecacenter.com\/fr\/wp-json\/wp\/v2\/product\/86353","targetHints":{"allow":["GET"]}}],"collection":[{"href":"https:\/\/horecacenter.com\/fr\/wp-json\/wp\/v2\/product"}],"about":[{"href":"https:\/\/horecacenter.com\/fr\/wp-json\/wp\/v2\/types\/product"}],"replies":[{"embeddable":true,"href":"https:\/\/horecacenter.com\/fr\/wp-json\/wp\/v2\/comments?post=86353"}],"version-history":[{"count":1,"href":"https:\/\/horecacenter.com\/fr\/wp-json\/wp\/v2\/product\/86353\/revisions"}],"predecessor-version":[{"id":174865,"href":"https:\/\/horecacenter.com\/fr\/wp-json\/wp\/v2\/product\/86353\/revisions\/174865"}],"wp:featuredmedia":[{"embeddable":true,"href":"https:\/\/horecacenter.com\/fr\/wp-json\/wp\/v2\/media\/86357"}],"wp:attachment":[{"href":"https:\/\/horecacenter.com\/fr\/wp-json\/wp\/v2\/media?parent=86353"}],"wp:term":[{"taxonomy":"product_brand","embeddable":true,"href":"https:\/\/horecacenter.com\/fr\/wp-json\/wp\/v2\/product_brand?post=86353"},{"taxonomy":"product_cat","embeddable":true,"href":"https:\/\/horecacenter.com\/fr\/wp-json\/wp\/v2\/product_cat?post=86353"},{"taxonomy":"product_tag","embeddable":true,"href":"https:\/\/horecacenter.com\/fr\/wp-json\/wp\/v2\/product_tag?post=86353"}],"curies":[{"name":"wp","href":"https:\/\/api.w.org\/{rel}","templated":true}]}}