{"id":86725,"date":"2022-11-26T09:09:26","date_gmt":"2022-11-26T09:09:26","guid":{"rendered":"https:\/\/horecacenter.com\/?post_type=product&#038;p=86725"},"modified":"2026-04-07T12:15:40","modified_gmt":"2026-04-07T12:15:40","slug":"chaise-de-cafe-restaurant-et-horeca-en-velours-tera","status":"publish","type":"product","link":"https:\/\/horecacenter.com\/fr\/produit\/chaise-de-cafe-restaurant-et-horeca-en-velours-tera\/","title":{"rendered":"Chaise de Restaurant Avec Accoudoirs &#8211; TERA &#8211; Velours Cognac"},"content":{"rendered":"<p>Cette chaise avec accoudoirs est recouverte de <strong>velours cognac<\/strong>, un tissu luxueux reconnu pour sa douceur et son \u00e9l\u00e9gance. Le velours cr\u00e9e une atmosph\u00e8re chaleureuse dans les restaurants, caf\u00e9s et h\u00f4tels.<\/p>\n<p><strong>Chaise Horeca \u00c9l\u00e9gant et Confortable<\/strong><\/p>\n<p>La <strong>Chaise<\/strong><strong>\u00a0Horeca TERA \u2013 Velours Cognac<\/strong> combine un design moderne avec une assise ergonomique et des accoudoirs int\u00e9gr\u00e9s. Les clients profitent ainsi d\u2019un confort optimal. La couleur cognac apporte une ambiance \u00e9l\u00e9gante et accueillante aux restaurants et h\u00f4tels. Le pi\u00e8tement m\u00e9tallique noir assure stabilit\u00e9 et style contemporain. Pour l\u2019entretien, nettoyez le velours avec une brosse douce ou un chiffon l\u00e9g\u00e8rement humide. \u00c9vitez les produits agressifs afin de pr\u00e9server la texture et la couleur. Vous ouvrez un restaurant ou r\u00e9novez votre \u00e9tablissement ? Contactez-nous par <strong>T\u00e9l\u00e9phone<\/strong>, <strong>WhatsApp<\/strong> ou <strong>e-mail<\/strong> ou visitez notre showroom.<\/p>\n<p><span style=\"color: #000000;\"><strong>Informations suppl\u00e9mentaires :<\/strong><\/span><\/p>\n<ul>\n<li><span style=\"color: #000000;\">Les chaises ne sont pas assembl\u00e9es et sont toujours emball\u00e9es par 2 dans des bo\u00eetes en carton.<\/span><\/li>\n<li><span style=\"color: #000000;\">Le si\u00e8ge est viss\u00e9 au ch\u00e2ssis au moyen de 4 vis.<\/span><\/li>\n<li><span style=\"color: #000000;\">Le mat\u00e9riel n\u00e9cessaire pour l&rsquo;assemblage est inclus dans la bo\u00eete.<\/span><\/li>\n<li><span style=\"color: #000000;\"> Les chaises sont faciles \u00e0 assembler.<\/span><\/li>\n<\/ul>\n","protected":false},"excerpt":{"rendered":"<p>Cette chaise avec accoudoirs est recouverte de velours cognac, un tissu luxueux reconnu pour sa douceur et son \u00e9l\u00e9gance. Le<\/p>\n","protected":false},"featured_media":126081,"comment_status":"open","ping_status":"closed","template":"","meta":[],"product_brand":[],"product_cat":[17402,17399],"product_tag":[10653,10578,10580,10581,10582,10584,10586,10588,10592,10652],"class_list":{"0":"post-86725","1":"product","2":"type-product","3":"status-publish","4":"has-post-thumbnail","6":"product_cat-chaises-en-metal-tissu-vintage","7":"product_cat-chaises-en-metal-tissu","8":"product_tag-stuhl","9":"product_tag-stoelen-2","10":"product_tag-restaurant-stoelen","11":"product_tag-industrieel-stoelen","12":"product_tag-chaises-2","13":"product_tag-chaises-de-restaurant","14":"product_tag-chairs-2","15":"product_tag-restaurant-chairs","16":"product_tag-restaurantst-hle","17":"product_tag-stoel","18":"pa_armrest-armrest-oui-fr","19":"pa_frame-non-empilable-frame-fr","20":"pa_product-arm-height-cm-63-arm-height-cm-fr","21":"pa_product-color-color-cognac-fr","22":"pa_product-frame-color-noir-framecolor-fr","23":"pa_product-material-cadre-en-metal-material-fr","24":"pa_product-more-colors-oui-fr","25":"pa_product-seat-depth-cm-45-seat-depth-cm-fr","26":"pa_product-seat-height-cm-48-seat-height-cm-fr","27":"pa_product-seat-width-cm-40-seat-width-cm-fr","28":"pa_product-seats-1-seats-fr","29":"pa_product-upholstery-upholstery-velours-fr","30":"pa_product-usage-usage-interieur-fr","32":"first","33":"instock","34":"sale","35":"taxable","36":"shipping-taxable","37":"purchasable","38":"product-type-simple"},"_links":{"self":[{"href":"https:\/\/horecacenter.com\/fr\/wp-json\/wp\/v2\/product\/86725","targetHints":{"allow":["GET"]}}],"collection":[{"href":"https:\/\/horecacenter.com\/fr\/wp-json\/wp\/v2\/product"}],"about":[{"href":"https:\/\/horecacenter.com\/fr\/wp-json\/wp\/v2\/types\/product"}],"replies":[{"embeddable":true,"href":"https:\/\/horecacenter.com\/fr\/wp-json\/wp\/v2\/comments?post=86725"}],"version-history":[{"count":3,"href":"https:\/\/horecacenter.com\/fr\/wp-json\/wp\/v2\/product\/86725\/revisions"}],"predecessor-version":[{"id":188216,"href":"https:\/\/horecacenter.com\/fr\/wp-json\/wp\/v2\/product\/86725\/revisions\/188216"}],"wp:featuredmedia":[{"embeddable":true,"href":"https:\/\/horecacenter.com\/fr\/wp-json\/wp\/v2\/media\/126081"}],"wp:attachment":[{"href":"https:\/\/horecacenter.com\/fr\/wp-json\/wp\/v2\/media?parent=86725"}],"wp:term":[{"taxonomy":"product_brand","embeddable":true,"href":"https:\/\/horecacenter.com\/fr\/wp-json\/wp\/v2\/product_brand?post=86725"},{"taxonomy":"product_cat","embeddable":true,"href":"https:\/\/horecacenter.com\/fr\/wp-json\/wp\/v2\/product_cat?post=86725"},{"taxonomy":"product_tag","embeddable":true,"href":"https:\/\/horecacenter.com\/fr\/wp-json\/wp\/v2\/product_tag?post=86725"}],"curies":[{"name":"wp","href":"https:\/\/api.w.org\/{rel}","templated":true}]}}