{"id":87064,"date":"2023-01-06T07:11:42","date_gmt":"2023-01-06T07:11:42","guid":{"rendered":"https:\/\/horecacenter.com\/?post_type=product&#038;p=87064"},"modified":"2026-03-24T10:03:50","modified_gmt":"2026-03-24T10:03:50","slug":"table-de-terrasse-ronde-avec-anneau-pliable-de-cafe-restaurant-et-horeca-werzalit-rouge-60-cm","status":"publish","type":"product","link":"https:\/\/horecacenter.com\/fr\/produit\/table-de-terrasse-ronde-avec-anneau-pliable-de-cafe-restaurant-et-horeca-werzalit-rouge-60-cm\/","title":{"rendered":"Table Ronde Pliable Avec Cerclage Chrome Pour Terrasse de Restaurant &#8211; WERZALIT ROUGE &#8211; \u00d860 cm"},"content":{"rendered":"<p>Convient \u00e0 la terrasse, r\u00e9sistant \u00e0 la pluie.<\/p>\n<p><i class=\"fas fa-check-circle description-icon-green\" aria-hidden=\"true\"><\/i><span style=\"color: #ff6600;\"> Les tables ne sont pas assembl\u00e9es.<\/span><br \/>\n<i class=\"fas fa-check-circle description-icon-green\" aria-hidden=\"true\"><\/i><span style=\"color: #339966;\"> Les plateaux de table ne sont pas pr\u00e9-perc\u00e9s.<\/span><br \/>\n<i class=\"fas fa-check-circle description-icon-green\" aria-hidden=\"true\"><\/i><span style=\"color: #ff6600;\"> Les vis sont incluses si les plateaux de table sont command\u00e9s avec les pieds de table.<\/span><br \/>\n<i class=\"fas fa-check-circle description-icon-green\" aria-hidden=\"true\"><\/i><span style=\"color: #339966;\"> Le mat\u00e9riel n\u00e9cessaire pour l\u2019assemblage est inclus dans la bo\u00eete.<\/span><\/p>\n","protected":false},"excerpt":{"rendered":"<p>Convient \u00e0 la terrasse, r\u00e9sistant \u00e0 la pluie. Les tables ne sont pas assembl\u00e9es. Les plateaux de table ne sont<\/p>\n","protected":false},"featured_media":185515,"comment_status":"open","ping_status":"closed","template":"","meta":[],"product_brand":[],"product_cat":[10440,10360,9924],"product_tag":[10731,10540,10732,10610,10733,10660,10736,10663,10737,10664,10738,10665,10727,10728,10729,10533,10730,10535],"class_list":{"0":"post-87064","1":"product","2":"type-product","3":"status-publish","4":"has-post-thumbnail","6":"product_cat-werzalit-tables-rondes-avec-assortiment-de-bagues-en-argent-or","7":"product_cat-tables-pliantes","8":"product_cat-werzalit-table-ronde-avec-assortiment-de-bagues-en-argent","9":"product_tag-tables-horeca","10":"product_tag-horeca-furniture","11":"product_tag-horeca-tables","12":"product_tag-meubles-horeca","13":"product_tag-tische-3","14":"product_tag-restaurant-meubelen","15":"product_tag-terrassentisch-2","16":"product_tag-meubles-de-restaurant","17":"product_tag-horeca-tische","18":"product_tag-restaurant-furniture","19":"product_tag-terrastafels-2","20":"product_tag-restaurant-m-bel","21":"product_tag-tafels-3","22":"product_tag-werzalit","23":"product_tag-horeca-tafels","24":"product_tag-horeca-meubelen","25":"product_tag-tables-5","26":"product_tag-horeca-m-bel","27":"pa_frame-non-empilable-frame-fr","28":"pa_product-frame-color-noir-framecolor-fr","29":"pa_product-more-colors-oui-fr","30":"pa_product-more-dimensions-oui-fr","31":"pa_product-seats-2-seats-fr","32":"pa_product-tabletop-color-rouge-tabletop-color-fr","33":"pa_product-usage-usage-interieur-fr","34":"pa_product-usage-usage-exterieur-fr","35":"pa_table-height-cm-75-cm-fr","37":"first","38":"instock","39":"sale","40":"taxable","41":"shipping-taxable","42":"purchasable","43":"product-type-simple"},"_links":{"self":[{"href":"https:\/\/horecacenter.com\/fr\/wp-json\/wp\/v2\/product\/87064","targetHints":{"allow":["GET"]}}],"collection":[{"href":"https:\/\/horecacenter.com\/fr\/wp-json\/wp\/v2\/product"}],"about":[{"href":"https:\/\/horecacenter.com\/fr\/wp-json\/wp\/v2\/types\/product"}],"replies":[{"embeddable":true,"href":"https:\/\/horecacenter.com\/fr\/wp-json\/wp\/v2\/comments?post=87064"}],"version-history":[{"count":3,"href":"https:\/\/horecacenter.com\/fr\/wp-json\/wp\/v2\/product\/87064\/revisions"}],"predecessor-version":[{"id":190939,"href":"https:\/\/horecacenter.com\/fr\/wp-json\/wp\/v2\/product\/87064\/revisions\/190939"}],"wp:featuredmedia":[{"embeddable":true,"href":"https:\/\/horecacenter.com\/fr\/wp-json\/wp\/v2\/media\/185515"}],"wp:attachment":[{"href":"https:\/\/horecacenter.com\/fr\/wp-json\/wp\/v2\/media?parent=87064"}],"wp:term":[{"taxonomy":"product_brand","embeddable":true,"href":"https:\/\/horecacenter.com\/fr\/wp-json\/wp\/v2\/product_brand?post=87064"},{"taxonomy":"product_cat","embeddable":true,"href":"https:\/\/horecacenter.com\/fr\/wp-json\/wp\/v2\/product_cat?post=87064"},{"taxonomy":"product_tag","embeddable":true,"href":"https:\/\/horecacenter.com\/fr\/wp-json\/wp\/v2\/product_tag?post=87064"}],"curies":[{"name":"wp","href":"https:\/\/api.w.org\/{rel}","templated":true}]}}