{"id":88122,"date":"2023-03-02T12:59:47","date_gmt":"2023-03-02T12:59:47","guid":{"rendered":"https:\/\/horecacenter.com\/?post_type=product&#038;p=88122"},"modified":"2025-12-31T12:48:28","modified_gmt":"2025-12-31T12:48:28","slug":"plateau-de-table-ronde-de-cafe-restaurant-et-horeca-faux-marbre-3-cm-depaisseur-noir","status":"publish","type":"product","link":"https:\/\/horecacenter.com\/fr\/produit\/plateau-de-table-ronde-de-cafe-restaurant-et-horeca-faux-marbre-3-cm-depaisseur-noir\/","title":{"rendered":"Plateau de Table Ronde Pour Restaurant &#8211; FAUX MARBRE NOIR &#8211; 3 cm D&rsquo;\u00e9paisseur"},"content":{"rendered":"<p><span style=\"color: #000000;\">La fausse pierre translucide est une collection de mat\u00e9riaux en feuille \u00e9l\u00e9gants et attrayants qui servent de marbre artificiel. Par cons\u00e9quent, la pierre fritt\u00e9e devient de plus en plus populaire dans la conception de meubles. Le plateau de table en pierre fritt\u00e9e dans une luxueuse finition noire et multicolore allie une apparence naturelle \u00e0 une durabilit\u00e9 robuste. Les veines subtiles dans le design ajoutent un effet marbr\u00e9 raffin\u00e9, tandis que le bord en acier inoxydable apporte une touche moderne et luxueuse. La sous-couche en contreplaqu\u00e9 offre une solidit\u00e9 suppl\u00e9mentaire, rendant ce plateau non seulement \u00e9l\u00e9gant mais \u00e9galement tr\u00e8s pratique pour un usage quotidien.<\/span><\/p>\n<p><span style=\"color: #000000;\">Parfait pour une utilisation en int\u00e9rieur, ce plateau est disponible en plusieurs tailles, ce qui le rend id\u00e9al pour divers environnements h\u00f4teliers tels que caf\u00e9s, restaurants et bars. Sublimez votre int\u00e9rieur avec ces plateaux de table durables et faciles \u00e0 entretenir, et cr\u00e9ez une ambiance accueillante qui impressionnera vos clients et les incitera \u00e0 prolonger leur s\u00e9jour.<\/span><\/p>\n<p><span style=\"color: #000000;\">La pierre fritt\u00e9e <strong>n&rsquo;est pas de la vraie roche<\/strong>. Le plateau de la table est en pierre fritt\u00e9e et a un bel aspect marbr\u00e9. Il est r\u00e9sistant \u00e0 l&rsquo;eau et aux taches et facile \u00e0 nettoyer. Le mat\u00e9riau est r\u00e9sistant aux rayures.<\/span><\/p>\n<p><span style=\"color: #ff0000;\"><strong>Veuillez noter que ce n&rsquo;est pas du vrai marbre !<\/strong><\/span><\/p>\n<p><i class=\"fas fa-check-circle description-icon-green\" aria-hidden=\"true\"><\/i><span style=\"color: #339966;\"> Les plateaux de table ne sont pas pr\u00e9-perc\u00e9s.<\/span><br \/>\n<i class=\"fas fa-check-circle description-icon-green\" aria-hidden=\"true\"><\/i><span style=\"color: #ff6600;\"> Les vis sont incluses si les plateaux de table sont command\u00e9s avec les pieds de table.<\/span><\/p>\n","protected":false},"excerpt":{"rendered":"<p>La fausse pierre translucide est une collection de mat\u00e9riaux en feuille \u00e9l\u00e9gants et attrayants qui servent de marbre artificiel. Par<\/p>\n","protected":false},"featured_media":88127,"comment_status":"open","ping_status":"closed","template":"","meta":[],"product_brand":[],"product_cat":[10428],"product_tag":[10535,10540,10651,10660,10664,10665,12514],"class_list":{"0":"post-88122","1":"product","2":"type-product","3":"status-publish","4":"has-post-thumbnail","6":"product_cat-faux-marbre-dessus-de-table-30-mm-epaisseur-interieur","7":"product_tag-horeca-m-bel","8":"product_tag-horeca-furniture","9":"product_tag-horeca-inrichting","10":"product_tag-restaurant-meubelen","11":"product_tag-restaurant-furniture","12":"product_tag-restaurant-m-bel","13":"product_tag-horeca","14":"pa_dimension-r60o-cm-fr","15":"pa_dimension-r70o-cm-fr","16":"pa_product-color-color-noir-fr","17":"pa_product-color-color-multicolore-fr","18":"pa_product-more-colors-oui-fr","19":"pa_product-usage-usage-interieur-fr","21":"first","22":"instock","23":"sale","24":"taxable","25":"shipping-taxable","26":"purchasable","27":"product-type-variable","28":"hc-var-dimension"},"_links":{"self":[{"href":"https:\/\/horecacenter.com\/fr\/wp-json\/wp\/v2\/product\/88122","targetHints":{"allow":["GET"]}}],"collection":[{"href":"https:\/\/horecacenter.com\/fr\/wp-json\/wp\/v2\/product"}],"about":[{"href":"https:\/\/horecacenter.com\/fr\/wp-json\/wp\/v2\/types\/product"}],"replies":[{"embeddable":true,"href":"https:\/\/horecacenter.com\/fr\/wp-json\/wp\/v2\/comments?post=88122"}],"version-history":[{"count":1,"href":"https:\/\/horecacenter.com\/fr\/wp-json\/wp\/v2\/product\/88122\/revisions"}],"predecessor-version":[{"id":174795,"href":"https:\/\/horecacenter.com\/fr\/wp-json\/wp\/v2\/product\/88122\/revisions\/174795"}],"wp:featuredmedia":[{"embeddable":true,"href":"https:\/\/horecacenter.com\/fr\/wp-json\/wp\/v2\/media\/88127"}],"wp:attachment":[{"href":"https:\/\/horecacenter.com\/fr\/wp-json\/wp\/v2\/media?parent=88122"}],"wp:term":[{"taxonomy":"product_brand","embeddable":true,"href":"https:\/\/horecacenter.com\/fr\/wp-json\/wp\/v2\/product_brand?post=88122"},{"taxonomy":"product_cat","embeddable":true,"href":"https:\/\/horecacenter.com\/fr\/wp-json\/wp\/v2\/product_cat?post=88122"},{"taxonomy":"product_tag","embeddable":true,"href":"https:\/\/horecacenter.com\/fr\/wp-json\/wp\/v2\/product_tag?post=88122"}],"curies":[{"name":"wp","href":"https:\/\/api.w.org\/{rel}","templated":true}]}}