{"id":88256,"date":"2023-03-07T14:35:12","date_gmt":"2023-03-07T14:35:12","guid":{"rendered":"https:\/\/horecacenter.com\/?post_type=product&#038;p=88256"},"modified":"2026-01-02T08:05:34","modified_gmt":"2026-01-02T08:05:34","slug":"pied-de-table-haute-de-cafe-restaurant-et-horeca-avec-repose-pieds-acier-inoxydable-et-fer-45x45-hauteur-108-cm-or-b-339hf-gold","status":"publish","type":"product","link":"https:\/\/horecacenter.com\/fr\/produit\/pied-de-table-haute-de-cafe-restaurant-et-horeca-avec-repose-pieds-acier-inoxydable-et-fer-45x45-hauteur-108-cm-or-b-339hf-gold\/","title":{"rendered":"Pied de Table Haute Pour Restaurant Avec Repose-Pieds &#8211; 45&#215;45 Hauteur 108 cm &#8211; Acier"},"content":{"rendered":"<ul>\n<li><span style=\"color: #000000;\">Base de table r\u00e9glable<\/span><\/li>\n<li><span style=\"color: #000000;\">Jambi\u00e8res r\u00e9glables<\/span><\/li>\n<li><span style=\"color: #000000;\">Protection au sol et pied r\u00e9glable sous le pied<\/span><\/li>\n<li><span style=\"color: #000000;\">Livr\u00e9 en emballage plat<\/span><\/li>\n<li><span style=\"color: #000000;\">Garantie d&rsquo;usine de 1 an<\/span><\/li>\n<li><span style=\"color: #000000;\">Les pieds de table ne sont pas assembl\u00e9es.<\/span><\/li>\n<li><span style=\"color: #000000;\">Le mat\u00e9riel n\u00e9cessaire pour l\u2019assemblage est inclus dans la bo\u00eete.<\/span><\/li>\n<\/ul>\n<p><span style=\"color: #000000;\"><strong>Convient aux plateaux de dimensions suivantes :<\/strong><\/span><\/p>\n<ul>\n<li><span style=\"color: #000000;\">60&#215;60 cm<\/span><\/li>\n<li><span style=\"color: #000000;\">70&#215;70 cm<\/span><\/li>\n<li><span style=\"color: #000000;\">80&#215;80 cm<\/span><\/li>\n<li><span style=\"color: #000000;\">\u00d8 70 cm<\/span><\/li>\n<li><span style=\"color: #000000;\">\u00d8 80 cm<\/span><\/li>\n<\/ul>\n<p><span style=\"color: #000000;\"><strong>Convient pour une utilisation avec tous nos plateaux de table d&rsquo;int\u00e9rieur.<\/strong><\/span><\/p>\n","protected":false},"excerpt":{"rendered":"<p>Base de table r\u00e9glable Jambi\u00e8res r\u00e9glables Protection au sol et pied r\u00e9glable sous le pied Livr\u00e9 en emballage plat Garantie<\/p>\n","protected":false},"featured_media":88257,"comment_status":"open","ping_status":"closed","template":"","meta":[],"product_brand":[],"product_cat":[9812,10276],"product_tag":[10663,10664,10665,10667,10533,10535,10540,10610,10660],"class_list":{"0":"post-88256","1":"product","2":"type-product","3":"status-publish","4":"has-post-thumbnail","6":"product_cat-pieds-de-table","7":"product_cat-tables-hautes-mange-debout","8":"product_tag-meubles-de-restaurant","9":"product_tag-restaurant-furniture","10":"product_tag-restaurant-m-bel","11":"product_tag-tischbasis","12":"product_tag-horeca-meubelen","13":"product_tag-horeca-m-bel","14":"product_tag-horeca-furniture","15":"product_tag-meubles-horeca","16":"product_tag-restaurant-meubelen","17":"pa_product-color-color-or-fr","18":"pa_product-diameter-tube-cm-8x8-diameter-tube-cm-fr","19":"pa_product-dimensions-bottom-pl-45x45-dimensions-bottom-plate-cm-fr","20":"pa_product-material-acier-material-fr","21":"pa_product-more-colors-oui-fr","22":"pa_product-more-dimensions-oui-fr","23":"pa_product-usage-usage-interieur-fr","24":"pa_table-base-height-cm-108-cm-fr","25":"pa_top-frame-cm-top-frame-30x30-cm-fr","27":"first","28":"instock","29":"sale","30":"taxable","31":"shipping-taxable","32":"purchasable","33":"product-type-simple"},"_links":{"self":[{"href":"https:\/\/horecacenter.com\/fr\/wp-json\/wp\/v2\/product\/88256","targetHints":{"allow":["GET"]}}],"collection":[{"href":"https:\/\/horecacenter.com\/fr\/wp-json\/wp\/v2\/product"}],"about":[{"href":"https:\/\/horecacenter.com\/fr\/wp-json\/wp\/v2\/types\/product"}],"replies":[{"embeddable":true,"href":"https:\/\/horecacenter.com\/fr\/wp-json\/wp\/v2\/comments?post=88256"}],"version-history":[{"count":1,"href":"https:\/\/horecacenter.com\/fr\/wp-json\/wp\/v2\/product\/88256\/revisions"}],"predecessor-version":[{"id":174958,"href":"https:\/\/horecacenter.com\/fr\/wp-json\/wp\/v2\/product\/88256\/revisions\/174958"}],"wp:featuredmedia":[{"embeddable":true,"href":"https:\/\/horecacenter.com\/fr\/wp-json\/wp\/v2\/media\/88257"}],"wp:attachment":[{"href":"https:\/\/horecacenter.com\/fr\/wp-json\/wp\/v2\/media?parent=88256"}],"wp:term":[{"taxonomy":"product_brand","embeddable":true,"href":"https:\/\/horecacenter.com\/fr\/wp-json\/wp\/v2\/product_brand?post=88256"},{"taxonomy":"product_cat","embeddable":true,"href":"https:\/\/horecacenter.com\/fr\/wp-json\/wp\/v2\/product_cat?post=88256"},{"taxonomy":"product_tag","embeddable":true,"href":"https:\/\/horecacenter.com\/fr\/wp-json\/wp\/v2\/product_tag?post=88256"}],"curies":[{"name":"wp","href":"https:\/\/api.w.org\/{rel}","templated":true}]}}