{"id":88360,"date":"2023-04-04T10:13:24","date_gmt":"2023-04-04T10:13:24","guid":{"rendered":"https:\/\/horecacenter.com\/?post_type=product&#038;p=88360"},"modified":"2025-12-31T12:14:28","modified_gmt":"2025-12-31T12:14:28","slug":"plateau-de-table-de-cafe-restaurant-et-horeca-dublin-marbre-noir-5-cm-depaisseur","status":"publish","type":"product","link":"https:\/\/horecacenter.com\/fr\/produit\/plateau-de-table-de-cafe-restaurant-et-horeca-dublin-marbre-noir-5-cm-depaisseur\/","title":{"rendered":"Plateau de Table Pour Restaurant &#8211; DUBLIN MARBRE NOIR &#8211; 5 cm D&rsquo;\u00e9paisseur"},"content":{"rendered":"<p><i class=\"fas fa-check-circle description-icon-green\" aria-hidden=\"true\"><\/i><span style=\"color: #339966;\"> Les plateaux de table ne sont pas pr\u00e9-perc\u00e9s.<\/span><br \/>\n<i class=\"fas fa-check-circle description-icon-green\" aria-hidden=\"true\"><\/i><span style=\"color: #ff6600;\"> Les vis sont incluses si les plateaux de table sont command\u00e9s avec les pieds de table.<\/span><\/p>\n","protected":false},"excerpt":{"rendered":"<p>Les plateaux de table ne sont pas pr\u00e9-perc\u00e9s. Les vis sont incluses si les plateaux de table sont command\u00e9s avec<\/p>\n","protected":false},"featured_media":88365,"comment_status":"open","ping_status":"closed","template":"","meta":[],"product_brand":[],"product_cat":[9832],"product_tag":[10660,10664,10665,12515],"class_list":{"0":"post-88360","1":"product","2":"type-product","3":"status-publish","4":"has-post-thumbnail","6":"product_cat-dublin-dessus-de-table-50mm-paisseur","7":"product_tag-restaurant-meubelen","8":"product_tag-restaurant-furniture","9":"product_tag-restaurant-m-bel","10":"product_tag-tafelbladen-2","11":"pa_dimension-60x60-cm-fr","12":"pa_dimension-70x70-cm-fr","13":"pa_dimension-70x120-cm-fr","14":"pa_product-color-color-noir-fr","15":"pa_product-color-color-blanc-fr","16":"pa_product-more-colors-oui-fr","17":"pa_product-usage-usage-interieur-fr","19":"first","20":"instock","21":"sale","22":"taxable","23":"shipping-taxable","24":"purchasable","25":"product-type-variable","26":"hc-var-dimension"},"_links":{"self":[{"href":"https:\/\/horecacenter.com\/fr\/wp-json\/wp\/v2\/product\/88360","targetHints":{"allow":["GET"]}}],"collection":[{"href":"https:\/\/horecacenter.com\/fr\/wp-json\/wp\/v2\/product"}],"about":[{"href":"https:\/\/horecacenter.com\/fr\/wp-json\/wp\/v2\/types\/product"}],"replies":[{"embeddable":true,"href":"https:\/\/horecacenter.com\/fr\/wp-json\/wp\/v2\/comments?post=88360"}],"version-history":[{"count":1,"href":"https:\/\/horecacenter.com\/fr\/wp-json\/wp\/v2\/product\/88360\/revisions"}],"predecessor-version":[{"id":174911,"href":"https:\/\/horecacenter.com\/fr\/wp-json\/wp\/v2\/product\/88360\/revisions\/174911"}],"wp:featuredmedia":[{"embeddable":true,"href":"https:\/\/horecacenter.com\/fr\/wp-json\/wp\/v2\/media\/88365"}],"wp:attachment":[{"href":"https:\/\/horecacenter.com\/fr\/wp-json\/wp\/v2\/media?parent=88360"}],"wp:term":[{"taxonomy":"product_brand","embeddable":true,"href":"https:\/\/horecacenter.com\/fr\/wp-json\/wp\/v2\/product_brand?post=88360"},{"taxonomy":"product_cat","embeddable":true,"href":"https:\/\/horecacenter.com\/fr\/wp-json\/wp\/v2\/product_cat?post=88360"},{"taxonomy":"product_tag","embeddable":true,"href":"https:\/\/horecacenter.com\/fr\/wp-json\/wp\/v2\/product_tag?post=88360"}],"curies":[{"name":"wp","href":"https:\/\/api.w.org\/{rel}","templated":true}]}}