{"id":88449,"date":"2023-04-04T15:30:05","date_gmt":"2023-04-04T15:30:05","guid":{"rendered":"https:\/\/horecacenter.com\/?post_type=product&#038;p=88449"},"modified":"2026-04-09T08:00:03","modified_gmt":"2026-04-09T08:00:03","slug":"table-de-terrasse-ronde-en-bois-de-frene-pliable-de-cafe-restaurant-et-horeca-a-60-cm","status":"publish","type":"product","link":"https:\/\/horecacenter.com\/fr\/produit\/table-de-terrasse-ronde-en-bois-de-frene-pliable-de-cafe-restaurant-et-horeca-a-60-cm\/","title":{"rendered":"Table Pour Terrasse de Restaurant Ronde En Bois De Fr\u00eane Avec Pied Pliable &#8211; A &#8211; 60 cm"},"content":{"rendered":"<div id=\"article-detail-title\">\n<p><span style=\"color: #000000;\">Avec la table de terrasse A, vous pouvez transformer votre espace en une atmosph\u00e8re chaleureuse et confortable. <\/span><\/p>\n<p><span style=\"color: #000000;\">Gr\u00e2ce \u00e0 ses avantages, sa praticit\u00e9, sa commodit\u00e9 et son syst\u00e8me de pliage, la table peut \u00eatre rang\u00e9e de mani\u00e8re compacte et facile, et la capacit\u00e9 de la terrasse peut \u00eatre augment\u00e9e rapidement. <\/span><\/p>\n<p><span style=\"color: #000000;\">Les pieds antid\u00e9rapants rendent la table tr\u00e8s stable et stable.<\/span><\/p>\n<p><span style=\"color: #000000;\"><strong>Informations suppl\u00e9mentaires :<\/strong><\/span><\/p>\n<ul>\n<li><span style=\"color: #000000;\">Bois de fr\u00eane pr\u00e9-huil\u00e9.<\/span><\/li>\n<li><span style=\"color: #000000;\">Les tables ne sont pas assembl\u00e9es<\/span><\/li>\n<li><span style=\"color: #000000;\">Le mat\u00e9riel n\u00e9cessaire pour l\u2019assemblage est inclus dans la bo\u00eete.<\/span><\/li>\n<li><span style=\"color: #000000;\">Auto-assemblage facile.<\/span><\/li>\n<li><span style=\"color: #000000;\">Utiliser de l&rsquo;huile de bois pour l&rsquo;entretien p\u00e9riodique du plateau de table.<\/span><\/li>\n<\/ul>\n<\/div>\n","protected":false},"excerpt":{"rendered":"<p>Avec la table de terrasse A, vous pouvez transformer votre espace en une atmosph\u00e8re chaleureuse et confortable. Gr\u00e2ce \u00e0 ses<\/p>\n","protected":false},"featured_media":88450,"comment_status":"open","ping_status":"closed","template":"","meta":[],"product_brand":[],"product_cat":[9988,17652,10360],"product_tag":[12337,12815,10732,12508,12816,10736,12806,12817,10737,12807,12818,10745,12808,12819,10746,12809,12820,10748,12810,12821,10891,12811,10894,12812,10896,12813,10729,12336,12814,10731],"class_list":{"0":"post-88449","1":"product","2":"type-product","3":"status-publish","4":"has-post-thumbnail","6":"product_cat-assortiment-de-table-de-tpl-frene","7":"product_cat-outlet-fr","8":"product_cat-tables-pliantes","9":"product_tag-table-de-terrasse-en-bois-de-fr-ne","10":"product_tag-ash-wood-terrace-table","11":"product_tag-horeca-tables","12":"product_tag-restaurant-tische","13":"product_tag-foldable","14":"product_tag-terrassentisch-2","15":"product_tag-inklapbaar-tafel","16":"product_tag-cafe-terrace","17":"product_tag-horeca-tische","18":"product_tag-inklapbaar","19":"product_tag-klappbarer-tisch","20":"product_tag-restaurant-tafels","21":"product_tag-cafe-terras","22":"product_tag-terrassentisch-aus-escheholz","23":"product_tag-tables-de-restaurant","24":"product_tag-horeca-design","25":"product_tag-klappbar","26":"product_tag-restaurant-tables","27":"product_tag-table-pliable","28":"product_tag-cafe-terrasse","29":"product_tag-terrastafel","30":"product_tag-pliables","31":"product_tag-table-de-terrasse-2","32":"product_tag-terrasse-de-caf","33":"product_tag-terrace-table-2","34":"product_tag-design-horeca","35":"product_tag-horeca-tafels","36":"product_tag-essenhouten-terrastafel","37":"product_tag-foldable-table","38":"product_tag-tables-horeca","39":"pa_frame-non-empilable-frame-fr","40":"pa_product-frame-color-argent-frame-color-fr","41":"pa_product-more-dimensions-oui-fr","42":"pa_product-tabletop-color-aspect-bois-tabletop-color-fr","43":"pa_product-usage-usage-interieur-fr","44":"pa_product-usage-usage-exterieur-fr","46":"first","47":"outofstock","48":"sale","49":"taxable","50":"shipping-taxable","51":"purchasable","52":"product-type-simple"},"_links":{"self":[{"href":"https:\/\/horecacenter.com\/fr\/wp-json\/wp\/v2\/product\/88449","targetHints":{"allow":["GET"]}}],"collection":[{"href":"https:\/\/horecacenter.com\/fr\/wp-json\/wp\/v2\/product"}],"about":[{"href":"https:\/\/horecacenter.com\/fr\/wp-json\/wp\/v2\/types\/product"}],"replies":[{"embeddable":true,"href":"https:\/\/horecacenter.com\/fr\/wp-json\/wp\/v2\/comments?post=88449"}],"version-history":[{"count":1,"href":"https:\/\/horecacenter.com\/fr\/wp-json\/wp\/v2\/product\/88449\/revisions"}],"predecessor-version":[{"id":169965,"href":"https:\/\/horecacenter.com\/fr\/wp-json\/wp\/v2\/product\/88449\/revisions\/169965"}],"wp:featuredmedia":[{"embeddable":true,"href":"https:\/\/horecacenter.com\/fr\/wp-json\/wp\/v2\/media\/88450"}],"wp:attachment":[{"href":"https:\/\/horecacenter.com\/fr\/wp-json\/wp\/v2\/media?parent=88449"}],"wp:term":[{"taxonomy":"product_brand","embeddable":true,"href":"https:\/\/horecacenter.com\/fr\/wp-json\/wp\/v2\/product_brand?post=88449"},{"taxonomy":"product_cat","embeddable":true,"href":"https:\/\/horecacenter.com\/fr\/wp-json\/wp\/v2\/product_cat?post=88449"},{"taxonomy":"product_tag","embeddable":true,"href":"https:\/\/horecacenter.com\/fr\/wp-json\/wp\/v2\/product_tag?post=88449"}],"curies":[{"name":"wp","href":"https:\/\/api.w.org\/{rel}","templated":true}]}}