{"id":88896,"date":"2023-05-15T09:26:01","date_gmt":"2023-05-15T09:26:01","guid":{"rendered":"https:\/\/horecacenter.com\/?post_type=product&#038;p=88896"},"modified":"2026-03-24T10:54:30","modified_gmt":"2026-03-24T10:54:30","slug":"table-de-terrasse-ronde-pliable-avec-cerclage-laiton-pour-cafe-restaurant-et-horeca-werzalit-golden-marble-60-cm-a-srd","status":"publish","type":"product","link":"https:\/\/horecacenter.com\/fr\/produit\/table-de-terrasse-ronde-pliable-avec-cerclage-laiton-pour-cafe-restaurant-et-horeca-werzalit-golden-marble-60-cm-a-srd\/","title":{"rendered":"Table Ronde Pliable Avec Cerclage Laiton Pour Terrasse de Restaurant &#8211; WERZALIT GOLDEN MARBLE &#8211; \u00d860 cm"},"content":{"rendered":"<p><span style=\"color: #000000;\">Convient \u00e0 la terrasse, r\u00e9sistant \u00e0 la pluie.<\/span><\/p>\n<p><i class=\"fas fa-check-circle description-icon-green\" aria-hidden=\"true\"><\/i><span style=\"color: #ff6600;\"> Les tables ne sont pas assembl\u00e9es.<\/span><br \/>\n<i class=\"fas fa-check-circle description-icon-green\" aria-hidden=\"true\"><\/i><span style=\"color: #339966;\"> Les plateaux de table ne sont pas pr\u00e9-perc\u00e9s.<\/span><br \/>\n<i class=\"fas fa-check-circle description-icon-green\" aria-hidden=\"true\"><\/i><span style=\"color: #ff6600;\"> Les vis sont incluses si les plateaux de table sont command\u00e9s avec les pieds de table.<\/span><br \/>\n<i class=\"fas fa-check-circle description-icon-green\" aria-hidden=\"true\"><\/i><span style=\"color: #339966;\"> Le mat\u00e9riel n\u00e9cessaire pour l\u2019assemblage est inclus dans la bo\u00eete.<\/span><\/p>\n","protected":false},"excerpt":{"rendered":"<p>Convient \u00e0 la terrasse, r\u00e9sistant \u00e0 la pluie. Les tables ne sont pas assembl\u00e9es. Les plateaux de table ne sont<\/p>\n","protected":false},"featured_media":185376,"comment_status":"open","ping_status":"closed","template":"","meta":[],"product_brand":[],"product_cat":[10440,10360,9924],"product_tag":[10540,10737,10660,10738,10664,10665,10727,10728,10729,10730,10731,10533,10732,10535,10733],"class_list":{"0":"post-88896","1":"product","2":"type-product","3":"status-publish","4":"has-post-thumbnail","6":"product_cat-werzalit-tables-rondes-avec-assortiment-de-bagues-en-argent-or","7":"product_cat-tables-pliantes","8":"product_cat-werzalit-table-ronde-avec-assortiment-de-bagues-en-argent","9":"product_tag-horeca-furniture","10":"product_tag-horeca-tische","11":"product_tag-restaurant-meubelen","12":"product_tag-terrastafels-2","13":"product_tag-restaurant-furniture","14":"product_tag-restaurant-m-bel","15":"product_tag-tafels-3","16":"product_tag-werzalit","17":"product_tag-horeca-tafels","18":"product_tag-tables-5","19":"product_tag-tables-horeca","20":"product_tag-horeca-meubelen","21":"product_tag-horeca-tables","22":"product_tag-horeca-m-bel","23":"product_tag-tische-3","24":"pa_frame-non-empilable-frame-fr","25":"pa_product-frame-color-noir-framecolor-fr","26":"pa_product-more-colors-oui-fr","27":"pa_product-more-dimensions-oui-fr","28":"pa_product-seats-2-seats-fr","29":"pa_product-tabletop-color-multicolore-tabletop-color-fr","30":"pa_product-tabletop-color-or-tabletop-color-fr","31":"pa_product-usage-usage-interieur-fr","32":"pa_product-usage-usage-exterieur-fr","34":"first","35":"instock","36":"sale","37":"taxable","38":"shipping-taxable","39":"purchasable","40":"product-type-simple"},"_links":{"self":[{"href":"https:\/\/horecacenter.com\/fr\/wp-json\/wp\/v2\/product\/88896","targetHints":{"allow":["GET"]}}],"collection":[{"href":"https:\/\/horecacenter.com\/fr\/wp-json\/wp\/v2\/product"}],"about":[{"href":"https:\/\/horecacenter.com\/fr\/wp-json\/wp\/v2\/types\/product"}],"replies":[{"embeddable":true,"href":"https:\/\/horecacenter.com\/fr\/wp-json\/wp\/v2\/comments?post=88896"}],"version-history":[{"count":4,"href":"https:\/\/horecacenter.com\/fr\/wp-json\/wp\/v2\/product\/88896\/revisions"}],"predecessor-version":[{"id":191004,"href":"https:\/\/horecacenter.com\/fr\/wp-json\/wp\/v2\/product\/88896\/revisions\/191004"}],"wp:featuredmedia":[{"embeddable":true,"href":"https:\/\/horecacenter.com\/fr\/wp-json\/wp\/v2\/media\/185376"}],"wp:attachment":[{"href":"https:\/\/horecacenter.com\/fr\/wp-json\/wp\/v2\/media?parent=88896"}],"wp:term":[{"taxonomy":"product_brand","embeddable":true,"href":"https:\/\/horecacenter.com\/fr\/wp-json\/wp\/v2\/product_brand?post=88896"},{"taxonomy":"product_cat","embeddable":true,"href":"https:\/\/horecacenter.com\/fr\/wp-json\/wp\/v2\/product_cat?post=88896"},{"taxonomy":"product_tag","embeddable":true,"href":"https:\/\/horecacenter.com\/fr\/wp-json\/wp\/v2\/product_tag?post=88896"}],"curies":[{"name":"wp","href":"https:\/\/api.w.org\/{rel}","templated":true}]}}