{"id":88928,"date":"2023-05-15T10:46:37","date_gmt":"2023-05-15T10:46:37","guid":{"rendered":"https:\/\/horecacenter.com\/?post_type=product&#038;p=88928"},"modified":"2026-03-25T06:38:29","modified_gmt":"2026-03-25T06:38:29","slug":"table-ronde-avec-cerclage-laiton-pour-cafe-restaurant-et-horeca-werzalit-golden-marble-60-cm-b-320-gold","status":"publish","type":"product","link":"https:\/\/horecacenter.com\/fr\/produit\/table-ronde-avec-cerclage-laiton-pour-cafe-restaurant-et-horeca-werzalit-golden-marble-60-cm-b-320-gold\/","title":{"rendered":"Table de Restaurant Ronde Avec Cerclage Laiton &#8211; WERZALIT GOLDEN MARBLE &#8211; \u00d860 cm"},"content":{"rendered":"<p><i class=\"fas fa-check-circle description-icon-green\" aria-hidden=\"true\"><\/i><span style=\"color: #ff6600;\"> Les tables ne sont pas assembl\u00e9es.<\/span><br \/>\n<i class=\"fas fa-check-circle description-icon-green\" aria-hidden=\"true\"><\/i><span style=\"color: #339966;\"> Les plateaux de table ne sont pas pr\u00e9-perc\u00e9s.<\/span><br \/>\n<i class=\"fas fa-check-circle description-icon-green\" aria-hidden=\"true\"><\/i><span style=\"color: #ff6600;\"> Les vis sont incluses si les plateaux de table sont command\u00e9s avec les pieds de table.<\/span><br \/>\n<i class=\"fas fa-check-circle description-icon-green\" aria-hidden=\"true\"><\/i><span style=\"color: #339966;\"> Le mat\u00e9riel n\u00e9cessaire pour l\u2019assemblage est inclus dans la bo\u00eete.<\/span><\/p>\n","protected":false},"excerpt":{"rendered":"<p>Les tables ne sont pas assembl\u00e9es. Les plateaux de table ne sont pas pr\u00e9-perc\u00e9s. Les vis sont incluses si les<\/p>\n","protected":false},"featured_media":88929,"comment_status":"open","ping_status":"closed","template":"","meta":[],"product_brand":[],"product_cat":[10440],"product_tag":[10733,10737,10738,10533,10535,10540,10660,10664,10665,10727,10728,10729,10730,10731,10732],"class_list":{"0":"post-88928","1":"product","2":"type-product","3":"status-publish","4":"has-post-thumbnail","6":"product_cat-werzalit-tables-rondes-avec-assortiment-de-bagues-en-argent-or","7":"product_tag-tische-3","8":"product_tag-horeca-tische","9":"product_tag-terrastafels-2","10":"product_tag-horeca-meubelen","11":"product_tag-horeca-m-bel","12":"product_tag-horeca-furniture","13":"product_tag-restaurant-meubelen","14":"product_tag-restaurant-furniture","15":"product_tag-restaurant-m-bel","16":"product_tag-tafels-3","17":"product_tag-werzalit","18":"product_tag-horeca-tafels","19":"product_tag-tables-5","20":"product_tag-tables-horeca","21":"product_tag-horeca-tables","22":"pa_product-frame-color-or-frame-color-fr","23":"pa_product-more-colors-oui-fr","24":"pa_product-more-dimensions-oui-fr","25":"pa_product-seats-2-seats-fr","26":"pa_product-tabletop-color-multicolore-tabletop-color-fr","27":"pa_product-tabletop-color-or-tabletop-color-fr","28":"pa_product-usage-usage-exterieur-fr","30":"first","31":"instock","32":"sale","33":"taxable","34":"shipping-taxable","35":"purchasable","36":"product-type-simple"},"_links":{"self":[{"href":"https:\/\/horecacenter.com\/fr\/wp-json\/wp\/v2\/product\/88928","targetHints":{"allow":["GET"]}}],"collection":[{"href":"https:\/\/horecacenter.com\/fr\/wp-json\/wp\/v2\/product"}],"about":[{"href":"https:\/\/horecacenter.com\/fr\/wp-json\/wp\/v2\/types\/product"}],"replies":[{"embeddable":true,"href":"https:\/\/horecacenter.com\/fr\/wp-json\/wp\/v2\/comments?post=88928"}],"version-history":[{"count":3,"href":"https:\/\/horecacenter.com\/fr\/wp-json\/wp\/v2\/product\/88928\/revisions"}],"predecessor-version":[{"id":191205,"href":"https:\/\/horecacenter.com\/fr\/wp-json\/wp\/v2\/product\/88928\/revisions\/191205"}],"wp:featuredmedia":[{"embeddable":true,"href":"https:\/\/horecacenter.com\/fr\/wp-json\/wp\/v2\/media\/88929"}],"wp:attachment":[{"href":"https:\/\/horecacenter.com\/fr\/wp-json\/wp\/v2\/media?parent=88928"}],"wp:term":[{"taxonomy":"product_brand","embeddable":true,"href":"https:\/\/horecacenter.com\/fr\/wp-json\/wp\/v2\/product_brand?post=88928"},{"taxonomy":"product_cat","embeddable":true,"href":"https:\/\/horecacenter.com\/fr\/wp-json\/wp\/v2\/product_cat?post=88928"},{"taxonomy":"product_tag","embeddable":true,"href":"https:\/\/horecacenter.com\/fr\/wp-json\/wp\/v2\/product_tag?post=88928"}],"curies":[{"name":"wp","href":"https:\/\/api.w.org\/{rel}","templated":true}]}}