{"id":89335,"date":"2023-07-19T09:35:51","date_gmt":"2023-07-19T09:35:51","guid":{"rendered":"https:\/\/horecacenter.com\/?post_type=product&#038;p=89335"},"modified":"2026-04-07T11:28:18","modified_gmt":"2026-04-07T11:28:18","slug":"chaise-en-velours-avec-accoudoirs-de-cafe-restaurant-et-horeca-flore","status":"publish","type":"product","link":"https:\/\/horecacenter.com\/fr\/produit\/chaise-en-velours-avec-accoudoirs-de-cafe-restaurant-et-horeca-flore\/","title":{"rendered":"Chaise de Restaurant Avec Accoudoirs &#8211; FLORE &#8211; Velours Rouille"},"content":{"rendered":"<p><strong>Tissu Luxor<\/strong> est un velours haut de gamme reconnu pour sa texture douce et son aspect chic. Il est compos\u00e9 d\u2019un m\u00e9lange de coton et de viscose qui cr\u00e9e une texture luxueuse.<\/p>\n<p><strong>Fauteuil Horeca \u00c9l\u00e9gant avec Confort<\/strong><\/p>\n<p>Le <strong>Fauteuil Horeca FLORE \u2013 Velours Rouille<\/strong> combine un design moderne avec une assise ergonomique et des accoudoirs confortables. Les clients profitent ainsi d\u2019une exp\u00e9rience d\u2019assise agr\u00e9able. Ce fauteuil en velours \u00e9l\u00e9gant est disponible dans des couleurs chaleureuses comme Luxor anthracite, rouille et hunter. Le velours apporte une atmosph\u00e8re raffin\u00e9e. Le pi\u00e8tement m\u00e9tallique noir assure un style moderne et robuste. Id\u00e9al pour les restaurants et caf\u00e9s souhaitant un int\u00e9rieur tendance. Offrez \u00e0 vos clients une assise confortable qui les invite \u00e0 rester plus longtemps. Parfait pour un usage intensif et facile \u00e0 int\u00e9grer dans diff\u00e9rents styles.<\/p>\n<p><span style=\"color: #000000;\"><strong>Informations suppl\u00e9mentaires :<\/strong><\/span><\/p>\n<ul>\n<li><span style=\"color: #000000;\">Les chaises ne sont pas assembl\u00e9es et sont toujours emball\u00e9es par 2 dans des bo\u00eetes en carton.<\/span><\/li>\n<li><span style=\"color: #000000;\">Le si\u00e8ge est viss\u00e9 au ch\u00e2ssis au moyen de 4 vis.<\/span><\/li>\n<li><span style=\"color: #000000;\">Le mat\u00e9riel n\u00e9cessaire pour l&rsquo;assemblage est inclus dans la bo\u00eete.<\/span><\/li>\n<li><span style=\"color: #000000;\"> Les chaises sont faciles \u00e0 assembler.<\/span><\/li>\n<\/ul>\n","protected":false},"excerpt":{"rendered":"<p>Tissu Luxor est un velours haut de gamme reconnu pour sa texture douce et son aspect chic. Il est compos\u00e9<\/p>\n","protected":false},"featured_media":126322,"comment_status":"open","ping_status":"closed","template":"","meta":[],"product_brand":[],"product_cat":[10052,17402,17399],"product_tag":[12459,12609,12957,10533,10535,10540,10580,10584,10588,10592,10610],"class_list":{"0":"post-89335","1":"product","2":"type-product","3":"status-publish","4":"has-post-thumbnail","6":"product_cat-chaise-avec-accoudoir","7":"product_cat-chaises-en-metal-tissu-vintage","8":"product_cat-chaises-en-metal-tissu","9":"product_tag-sessel-2","10":"product_tag-armchair","11":"product_tag-armstoel","12":"product_tag-horeca-meubelen","13":"product_tag-horeca-m-bel","14":"product_tag-horeca-furniture","15":"product_tag-restaurant-stoelen","16":"product_tag-chaises-de-restaurant","17":"product_tag-restaurant-chairs","18":"product_tag-restaurantst-hle","19":"product_tag-meubles-horeca","20":"pa_armrest-armrest-oui-fr","21":"pa_frame-non-empilable-frame-fr","22":"pa_leg-height-43-leg-height-fr","23":"pa_product-arm-height-cm-65-arm-height-cm-fr","24":"pa_product-backrest-cm-87-backrest-cm-fr-fr","25":"pa_product-color-color-rouille-fr","26":"pa_product-frame-color-noir-framecolor-fr","27":"pa_product-material-cadre-en-metal-material-fr","28":"pa_product-more-colors-oui-fr","29":"pa_product-seat-depth-cm-44-seat-depth-cm-fr","30":"pa_product-seat-height-cm-48-seat-height-cm-fr","31":"pa_product-seats-1-seats-fr","32":"pa_product-upholstery-upholstery-velours-fr","33":"pa_product-usage-usage-interieur-fr","35":"first","36":"instock","37":"sale","38":"taxable","39":"shipping-taxable","40":"purchasable","41":"product-type-simple"},"_links":{"self":[{"href":"https:\/\/horecacenter.com\/fr\/wp-json\/wp\/v2\/product\/89335","targetHints":{"allow":["GET"]}}],"collection":[{"href":"https:\/\/horecacenter.com\/fr\/wp-json\/wp\/v2\/product"}],"about":[{"href":"https:\/\/horecacenter.com\/fr\/wp-json\/wp\/v2\/types\/product"}],"replies":[{"embeddable":true,"href":"https:\/\/horecacenter.com\/fr\/wp-json\/wp\/v2\/comments?post=89335"}],"version-history":[{"count":4,"href":"https:\/\/horecacenter.com\/fr\/wp-json\/wp\/v2\/product\/89335\/revisions"}],"predecessor-version":[{"id":188963,"href":"https:\/\/horecacenter.com\/fr\/wp-json\/wp\/v2\/product\/89335\/revisions\/188963"}],"wp:featuredmedia":[{"embeddable":true,"href":"https:\/\/horecacenter.com\/fr\/wp-json\/wp\/v2\/media\/126322"}],"wp:attachment":[{"href":"https:\/\/horecacenter.com\/fr\/wp-json\/wp\/v2\/media?parent=89335"}],"wp:term":[{"taxonomy":"product_brand","embeddable":true,"href":"https:\/\/horecacenter.com\/fr\/wp-json\/wp\/v2\/product_brand?post=89335"},{"taxonomy":"product_cat","embeddable":true,"href":"https:\/\/horecacenter.com\/fr\/wp-json\/wp\/v2\/product_cat?post=89335"},{"taxonomy":"product_tag","embeddable":true,"href":"https:\/\/horecacenter.com\/fr\/wp-json\/wp\/v2\/product_tag?post=89335"}],"curies":[{"name":"wp","href":"https:\/\/api.w.org\/{rel}","templated":true}]}}