{"id":89556,"date":"2023-08-02T14:16:13","date_gmt":"2023-08-02T14:16:13","guid":{"rendered":"https:\/\/horecacenter.com\/?post_type=product&#038;p=89556"},"modified":"2025-11-24T09:55:31","modified_gmt":"2025-11-24T09:55:31","slug":"chaise-de-bar-en-metal-de-cafe-restaurant-et-horeca-perla-vintage","status":"publish","type":"product","link":"https:\/\/horecacenter.com\/fr\/produit\/chaise-de-bar-en-metal-de-cafe-restaurant-et-horeca-perla-vintage\/","title":{"rendered":"Chaise de Bar en M\u00e9tal Avec Accoudoirs Pour Restaurant &#8211; PERLA &#8211; Simili Cuir  Camel"},"content":{"rendered":"<p><span style=\"color: #000000;\">Notre collection Vintage offre un look \u00e9l\u00e9gant et robuste.<\/span><br \/>\n<span style=\"color: #000000;\">Gr\u00e2ce \u00e0 ses pieds \u00e9troits et ses lignes distinctes, cette collection offre l\u2019atmosph\u00e8re et le confort n\u00e9cessaires dans votre int\u00e9rieur.<\/span><br \/>\n<span style=\"color: #000000;\">Cette collection Luxury Vintage est disponible en diff\u00e9rentes couleurs.<\/span><\/p>\n<p><span style=\"color: #000000;\"><strong>Informations suppl\u00e9mentaires :<\/strong><\/span><\/p>\n<ul>\n<li><span style=\"color: #000000;\">Couleurs disponibles : Micro Cuir Bull Camel &amp; Anthracite.<\/span><\/li>\n<li><span style=\"color: #000000;\">Les chaises ne sont pas assembl\u00e9es et sont toujours emball\u00e9es par paires dans des bo\u00eetes en carton.<\/span><\/li>\n<li><span style=\"color: #000000;\">Le mat\u00e9riel n\u00e9cessaire pour l\u2019assemblage est inclus dans la bo\u00eete.<\/span><\/li>\n<\/ul>\n","protected":false},"excerpt":{"rendered":"<p>Notre collection Vintage offre un look \u00e9l\u00e9gant et robuste. Gr\u00e2ce \u00e0 ses pieds \u00e9troits et ses lignes distinctes, cette collection<\/p>\n","protected":false},"featured_media":89557,"comment_status":"open","ping_status":"closed","template":"","meta":[],"product_brand":[],"product_cat":[10272],"product_tag":[10540,17683,10533,10535],"class_list":{"0":"post-89556","1":"product","2":"type-product","3":"status-publish","4":"has-post-thumbnail","6":"product_cat-chaises-de-bar-en-m-tal","7":"product_tag-horeca-furniture","8":"product_tag-horeca-barstoelen","9":"product_tag-horeca-meubelen","10":"product_tag-horeca-m-bel","11":"pa_armrest-armrest-oui-fr","12":"pa_frame-non-empilable-frame-fr","13":"pa_product-arm-height-cm-76-arm-height-cm-fr","14":"pa_product-color-color-camel-fr","15":"pa_product-frame-color-noir-framecolor-fr","16":"pa_product-material-cadre-en-metal-material-fr","17":"pa_product-more-colors-oui-fr","18":"pa_product-more-dimensions-oui-fr","19":"pa_product-seat-depth-cm-40-seat-depth-cm-fr","20":"pa_product-seat-height-cm-80-seat-height-cm-fr","21":"pa_product-seat-width-cm-36-seat-width-cm-fr","22":"pa_product-seats-1-seats-fr","23":"pa_product-upholstery-upholstery-simili-cuir-fr","24":"pa_product-usage-usage-interieur-fr","26":"first","27":"instock","28":"sale","29":"taxable","30":"shipping-taxable","31":"purchasable","32":"product-type-simple"},"_links":{"self":[{"href":"https:\/\/horecacenter.com\/fr\/wp-json\/wp\/v2\/product\/89556","targetHints":{"allow":["GET"]}}],"collection":[{"href":"https:\/\/horecacenter.com\/fr\/wp-json\/wp\/v2\/product"}],"about":[{"href":"https:\/\/horecacenter.com\/fr\/wp-json\/wp\/v2\/types\/product"}],"replies":[{"embeddable":true,"href":"https:\/\/horecacenter.com\/fr\/wp-json\/wp\/v2\/comments?post=89556"}],"version-history":[{"count":2,"href":"https:\/\/horecacenter.com\/fr\/wp-json\/wp\/v2\/product\/89556\/revisions"}],"predecessor-version":[{"id":163757,"href":"https:\/\/horecacenter.com\/fr\/wp-json\/wp\/v2\/product\/89556\/revisions\/163757"}],"wp:featuredmedia":[{"embeddable":true,"href":"https:\/\/horecacenter.com\/fr\/wp-json\/wp\/v2\/media\/89557"}],"wp:attachment":[{"href":"https:\/\/horecacenter.com\/fr\/wp-json\/wp\/v2\/media?parent=89556"}],"wp:term":[{"taxonomy":"product_brand","embeddable":true,"href":"https:\/\/horecacenter.com\/fr\/wp-json\/wp\/v2\/product_brand?post=89556"},{"taxonomy":"product_cat","embeddable":true,"href":"https:\/\/horecacenter.com\/fr\/wp-json\/wp\/v2\/product_cat?post=89556"},{"taxonomy":"product_tag","embeddable":true,"href":"https:\/\/horecacenter.com\/fr\/wp-json\/wp\/v2\/product_tag?post=89556"}],"curies":[{"name":"wp","href":"https:\/\/api.w.org\/{rel}","templated":true}]}}