{"id":91188,"date":"2023-12-15T14:43:43","date_gmt":"2023-12-15T14:43:43","guid":{"rendered":"https:\/\/horecacenter.com\/?post_type=product&#038;p=91188"},"modified":"2026-04-07T11:28:38","modified_gmt":"2026-04-07T11:28:38","slug":"la-peinture-restaurant-et-horeca-358-100x100-cm","status":"publish","type":"product","link":"https:\/\/horecacenter.com\/fr\/produit\/la-peinture-restaurant-et-horeca-358-100x100-cm\/","title":{"rendered":"Peinture en 3D Sur M\u00e9tal de Restaurant &#8211; 358 &#8211; 100&#215;100 cm"},"content":{"rendered":"<p><span style=\"color: #000000;\">Enrichissez l&rsquo;atmosph\u00e8re de votre \u00e9tablissement de restauration avec nos tableaux artistiques. De l&rsquo;abstraction contemporaine aux paysages apaisants, chaque s\u00e9lection a \u00e9t\u00e9 soigneusement choisie pour donner \u00e0 votre restaurant, caf\u00e9 ou bar une identit\u00e9 visuelle unique. D\u00e9couvrez l\u2019harmonie parfaite entre art et ambiance avec nos tableaux soigneusement choisis.<\/span><\/p>\n","protected":false},"excerpt":{"rendered":"<p>Enrichissez l&rsquo;atmosph\u00e8re de votre \u00e9tablissement de restauration avec nos tableaux artistiques. De l&rsquo;abstraction contemporaine aux paysages apaisants, chaque s\u00e9lection a<\/p>\n","protected":false},"featured_media":91189,"comment_status":"open","ping_status":"closed","template":"","meta":[],"product_brand":[],"product_cat":[10496],"product_tag":[13250],"class_list":{"0":"post-91188","1":"product","2":"type-product","3":"status-publish","4":"has-post-thumbnail","6":"product_cat-tableaux-fr","7":"product_tag-cafe-deko","8":"pa_product-color-color-multicolore-fr","9":"pa_product-material-material-metal-fr","10":"pa_product-usage-usage-interieur-fr","12":"first","13":"instock","14":"sale","15":"taxable","16":"shipping-taxable","17":"purchasable","18":"product-type-simple"},"_links":{"self":[{"href":"https:\/\/horecacenter.com\/fr\/wp-json\/wp\/v2\/product\/91188","targetHints":{"allow":["GET"]}}],"collection":[{"href":"https:\/\/horecacenter.com\/fr\/wp-json\/wp\/v2\/product"}],"about":[{"href":"https:\/\/horecacenter.com\/fr\/wp-json\/wp\/v2\/types\/product"}],"replies":[{"embeddable":true,"href":"https:\/\/horecacenter.com\/fr\/wp-json\/wp\/v2\/comments?post=91188"}],"version-history":[{"count":0,"href":"https:\/\/horecacenter.com\/fr\/wp-json\/wp\/v2\/product\/91188\/revisions"}],"wp:featuredmedia":[{"embeddable":true,"href":"https:\/\/horecacenter.com\/fr\/wp-json\/wp\/v2\/media\/91189"}],"wp:attachment":[{"href":"https:\/\/horecacenter.com\/fr\/wp-json\/wp\/v2\/media?parent=91188"}],"wp:term":[{"taxonomy":"product_brand","embeddable":true,"href":"https:\/\/horecacenter.com\/fr\/wp-json\/wp\/v2\/product_brand?post=91188"},{"taxonomy":"product_cat","embeddable":true,"href":"https:\/\/horecacenter.com\/fr\/wp-json\/wp\/v2\/product_cat?post=91188"},{"taxonomy":"product_tag","embeddable":true,"href":"https:\/\/horecacenter.com\/fr\/wp-json\/wp\/v2\/product_tag?post=91188"}],"curies":[{"name":"wp","href":"https:\/\/api.w.org\/{rel}","templated":true}]}}