{"id":91811,"date":"2024-03-09T09:50:00","date_gmt":"2024-03-09T09:50:00","guid":{"rendered":"https:\/\/horecacenter.com\/?post_type=product&#038;p=91811"},"modified":"2026-03-24T10:10:38","modified_gmt":"2026-03-24T10:10:38","slug":"table-de-terrasse-ronde-avec-anneau-pliable-de-cafe-restaurant-et-horeca-werzalit-noir-70-cm","status":"publish","type":"product","link":"https:\/\/horecacenter.com\/fr\/produit\/table-de-terrasse-ronde-avec-anneau-pliable-de-cafe-restaurant-et-horeca-werzalit-noir-70-cm\/","title":{"rendered":"Table Ronde Pliable Avec Cerclage Chrome Pour Terrasse de Restaurant &#8211; WERZALIT NOIR &#8211; \u00d870 cm"},"content":{"rendered":"<p>Convient \u00e0 la terrasse, r\u00e9sistant \u00e0 la pluie.<\/p>\n<p><i class=\"fas fa-check-circle description-icon-green\" aria-hidden=\"true\"><\/i><span style=\"color: #ff6600;\"> Les tables ne sont pas assembl\u00e9es.<\/span><br \/>\n<i class=\"fas fa-check-circle description-icon-green\" aria-hidden=\"true\"><\/i><span style=\"color: #339966;\"> Les plateaux de table ne sont pas pr\u00e9-perc\u00e9s.<\/span><br \/>\n<i class=\"fas fa-check-circle description-icon-green\" aria-hidden=\"true\"><\/i><span style=\"color: #ff6600;\"> Les vis sont incluses si les plateaux de table sont command\u00e9s avec les pieds de table.<\/span><br \/>\n<i class=\"fas fa-check-circle description-icon-green\" aria-hidden=\"true\"><\/i><span style=\"color: #339966;\"> Le mat\u00e9riel n\u00e9cessaire pour l\u2019assemblage est inclus dans la bo\u00eete.<\/span><\/p>\n","protected":false},"excerpt":{"rendered":"<p>Convient \u00e0 la terrasse, r\u00e9sistant \u00e0 la pluie. Les tables ne sont pas assembl\u00e9es. Les plateaux de table ne sont<\/p>\n","protected":false},"featured_media":76423,"comment_status":"open","ping_status":"closed","template":"","meta":[],"product_brand":[],"product_cat":[10440,10360,9924],"product_tag":[],"class_list":{"0":"post-91811","1":"product","2":"type-product","3":"status-publish","4":"has-post-thumbnail","6":"product_cat-werzalit-tables-rondes-avec-assortiment-de-bagues-en-argent-or","7":"product_cat-tables-pliantes","8":"product_cat-werzalit-table-ronde-avec-assortiment-de-bagues-en-argent","9":"pa_frame-non-empilable-frame-fr","10":"pa_product-frame-color-noir-framecolor-fr","11":"pa_product-more-colors-oui-fr","12":"pa_product-more-dimensions-oui-fr","13":"pa_product-seats-2-seats-fr","14":"pa_product-tabletop-color-noir-tabletop-color-fr","15":"pa_product-usage-usage-interieur-fr","16":"pa_product-usage-usage-exterieur-fr","17":"pa_table-height-cm-75-cm-fr","19":"first","20":"instock","21":"sale","22":"taxable","23":"shipping-taxable","24":"purchasable","25":"product-type-simple"},"_links":{"self":[{"href":"https:\/\/horecacenter.com\/fr\/wp-json\/wp\/v2\/product\/91811","targetHints":{"allow":["GET"]}}],"collection":[{"href":"https:\/\/horecacenter.com\/fr\/wp-json\/wp\/v2\/product"}],"about":[{"href":"https:\/\/horecacenter.com\/fr\/wp-json\/wp\/v2\/types\/product"}],"replies":[{"embeddable":true,"href":"https:\/\/horecacenter.com\/fr\/wp-json\/wp\/v2\/comments?post=91811"}],"version-history":[{"count":2,"href":"https:\/\/horecacenter.com\/fr\/wp-json\/wp\/v2\/product\/91811\/revisions"}],"predecessor-version":[{"id":188048,"href":"https:\/\/horecacenter.com\/fr\/wp-json\/wp\/v2\/product\/91811\/revisions\/188048"}],"wp:featuredmedia":[{"embeddable":true,"href":"https:\/\/horecacenter.com\/fr\/wp-json\/wp\/v2\/media\/76423"}],"wp:attachment":[{"href":"https:\/\/horecacenter.com\/fr\/wp-json\/wp\/v2\/media?parent=91811"}],"wp:term":[{"taxonomy":"product_brand","embeddable":true,"href":"https:\/\/horecacenter.com\/fr\/wp-json\/wp\/v2\/product_brand?post=91811"},{"taxonomy":"product_cat","embeddable":true,"href":"https:\/\/horecacenter.com\/fr\/wp-json\/wp\/v2\/product_cat?post=91811"},{"taxonomy":"product_tag","embeddable":true,"href":"https:\/\/horecacenter.com\/fr\/wp-json\/wp\/v2\/product_tag?post=91811"}],"curies":[{"name":"wp","href":"https:\/\/api.w.org\/{rel}","templated":true}]}}