{"id":92024,"date":"2024-04-08T14:18:32","date_gmt":"2024-04-08T14:18:32","guid":{"rendered":"https:\/\/horecacenter.com\/?post_type=product&#038;p=92024"},"modified":"2026-03-24T13:07:33","modified_gmt":"2026-03-24T13:07:33","slug":"table-de-terrasse-de-cafe-restaurant-et-horeca-werzalit-porto-rosa-70-cm-a-442","status":"publish","type":"product","link":"https:\/\/horecacenter.com\/fr\/produit\/table-de-terrasse-de-cafe-restaurant-et-horeca-werzalit-porto-rosa-70-cm-a-442\/","title":{"rendered":"Table Pour Terrasse de Restaurant Ronde Avec Cerclage Chrome &#8211; WERZALIT PORTO ROSA &#8211; \u00d870 cm"},"content":{"rendered":"<p><i class=\"fas fa-check-circle description-icon-green\" aria-hidden=\"true\"><\/i><span style=\"color: #ff6600;\"> Les tables ne sont pas assembl\u00e9es.<\/span><br \/>\n<i class=\"fas fa-check-circle description-icon-green\" aria-hidden=\"true\"><\/i><span style=\"color: #339966;\"> Les plateaux de table ne sont pas pr\u00e9-perc\u00e9s.<\/span><br \/>\n<i class=\"fas fa-check-circle description-icon-green\" aria-hidden=\"true\"><\/i><span style=\"color: #ff6600;\"> Les vis sont incluses si les plateaux de table sont command\u00e9s avec les pieds de table.<\/span><br \/>\n<i class=\"fas fa-check-circle description-icon-green\" aria-hidden=\"true\"><\/i><span style=\"color: #339966;\"> Le mat\u00e9riel n\u00e9cessaire pour l\u2019assemblage est inclus dans la bo\u00eete.<\/span><\/p>\n","protected":false},"excerpt":{"rendered":"<p>Les tables ne sont pas assembl\u00e9es. Les plateaux de table ne sont pas pr\u00e9-perc\u00e9s. Les vis sont incluses si les<\/p>\n","protected":false},"featured_media":92025,"comment_status":"open","ping_status":"closed","template":"","meta":[],"product_brand":[],"product_cat":[10440,10012,9924],"product_tag":[13482,13472,13483,10738,13473,13484,13462,13474,13485,13463,13475,13486,13464,13476,13487,13465,13477,13466,13478,13467,13479,13468,13480,13470,13481,13471],"class_list":{"0":"post-92024","1":"product","2":"type-product","3":"status-publish","4":"has-post-thumbnail","6":"product_cat-werzalit-tables-rondes-avec-assortiment-de-bagues-en-argent-or","7":"product_cat-werzalit-porto-rosa-assortiment-de-table","8":"product_cat-werzalit-table-ronde-avec-assortiment-de-bagues-en-argent","9":"product_tag-nachhaltige-outdoor-tische","10":"product_tag-jardin","11":"product_tag-stilvolle","12":"product_tag-terrastafels-2","13":"product_tag-tables-de-terrasse-de-restaurant","14":"product_tag-klappbare-terrassentische","15":"product_tag-duurzame-buitentafels","16":"product_tag-weatherproof-terrace-tables","17":"product_tag-moderne-gartenm-bel","18":"product_tag-stijlvolle","19":"product_tag-sustainable-outdoor-tables","20":"product_tag-garten","21":"product_tag-opklapbare-terrastafels","22":"product_tag-stylish","23":"product_tag-restaurant-terrassentische","24":"product_tag-modern-tuinmeubilair","25":"product_tag-folding-terrace-tables","26":"product_tag-tuin","27":"product_tag-modern-garden-furniture","28":"product_tag-restaurant-terrastafels","29":"product_tag-garden","30":"product_tag-tables-de-terrasse-r-sistantes-aux-intemp-ries","31":"product_tag-restaurant-terrace-tables","32":"product_tag-tables-de-terrasse-pliantes-l-gantes","33":"product_tag-wetterfeste-terrassentische","34":"product_tag-mobilier-de-jardin-moderne","35":"pa_frame-non-empilable-frame-fr","36":"pa_product-frame-color-noir-framecolor-fr","37":"pa_product-more-colors-oui-fr","38":"pa_product-more-dimensions-oui-fr","39":"pa_product-seats-2-seats-fr","40":"pa_product-tabletop-color-brun-tabletop-color-fr","41":"pa_product-tabletop-color-multicolore-tabletop-color-fr","42":"pa_product-usage-usage-interieur-fr","43":"pa_product-usage-usage-exterieur-fr","44":"pa_table-height-cm-72-cm-fr","46":"first","47":"instock","48":"sale","49":"taxable","50":"shipping-taxable","51":"purchasable","52":"product-type-simple"},"_links":{"self":[{"href":"https:\/\/horecacenter.com\/fr\/wp-json\/wp\/v2\/product\/92024","targetHints":{"allow":["GET"]}}],"collection":[{"href":"https:\/\/horecacenter.com\/fr\/wp-json\/wp\/v2\/product"}],"about":[{"href":"https:\/\/horecacenter.com\/fr\/wp-json\/wp\/v2\/types\/product"}],"replies":[{"embeddable":true,"href":"https:\/\/horecacenter.com\/fr\/wp-json\/wp\/v2\/comments?post=92024"}],"version-history":[{"count":2,"href":"https:\/\/horecacenter.com\/fr\/wp-json\/wp\/v2\/product\/92024\/revisions"}],"predecessor-version":[{"id":188325,"href":"https:\/\/horecacenter.com\/fr\/wp-json\/wp\/v2\/product\/92024\/revisions\/188325"}],"wp:featuredmedia":[{"embeddable":true,"href":"https:\/\/horecacenter.com\/fr\/wp-json\/wp\/v2\/media\/92025"}],"wp:attachment":[{"href":"https:\/\/horecacenter.com\/fr\/wp-json\/wp\/v2\/media?parent=92024"}],"wp:term":[{"taxonomy":"product_brand","embeddable":true,"href":"https:\/\/horecacenter.com\/fr\/wp-json\/wp\/v2\/product_brand?post=92024"},{"taxonomy":"product_cat","embeddable":true,"href":"https:\/\/horecacenter.com\/fr\/wp-json\/wp\/v2\/product_cat?post=92024"},{"taxonomy":"product_tag","embeddable":true,"href":"https:\/\/horecacenter.com\/fr\/wp-json\/wp\/v2\/product_tag?post=92024"}],"curies":[{"name":"wp","href":"https:\/\/api.w.org\/{rel}","templated":true}]}}