{"id":92360,"date":"2024-04-19T13:30:20","date_gmt":"2024-04-19T13:30:20","guid":{"rendered":"https:\/\/horecacenter.com\/?post_type=product&#038;p=92360"},"modified":"2025-12-03T10:44:08","modified_gmt":"2025-12-03T10:44:08","slug":"chaise-de-bar-de-cafe-restaurant-et-horeca-mara-noir","status":"publish","type":"product","link":"https:\/\/horecacenter.com\/fr\/produit\/chaise-de-bar-de-cafe-restaurant-et-horeca-mara-noir\/","title":{"rendered":"Chaise de Bar en Bois Pour Restaurant &#8211; MARA &#8211; Rotin Noir\/Beige"},"content":{"rendered":"<p><span style=\"color: #000000;\">Apportez une touche unique et \u00e9l\u00e9gante \u00e0 votre int\u00e9rieur avec ce tabouret de bar en rotin, alliant des nuances raffin\u00e9es de noir et de beige. L\u2019assise et le dossier en rotin tress\u00e9 d\u00e9gagent une \u00e9l\u00e9gance naturelle, tandis que le cadre en h\u00eatre noir offre une base solide et un contraste moderne et \u00e9pur\u00e9. La combinaison de mat\u00e9riaux durables et de tons chaleureux fait de ce tabouret de bar un choix parfait pour un usage intensif et une allure sophistiqu\u00e9e.<\/span><\/p>\n<p><span style=\"color: #000000;\">Ce tabouret de bar en rotin est un choix id\u00e9al pour les restaurants, caf\u00e9s et bars qui souhaitent cr\u00e9er une ambiance tendance et accueillante. Le rotin naturel apporte une allure l\u00e9g\u00e8re et confortable, tandis que le design ergonomique garantit une exp\u00e9rience d\u2019assise relaxante \u00e0 vos clients. Parfait pour les \u00e9tablissements h\u00f4teliers souhaitant se d\u00e9marquer gr\u00e2ce \u00e0 un m\u00e9lange de design moderne et de charme intemporel. Optez pour un tabouret de bar qui allie fonctionnalit\u00e9, confort et style \u2013 un v\u00e9ritable atout pour un concept h\u00f4telier chaleureux et tendance.<\/span><\/p>\n<p><span style=\"color: #000000;\"><strong>Informations suppl\u00e9mentaires :<\/strong><\/span><\/p>\n<ul>\n<li><span style=\"color: #000000;\">Livr\u00e9 avec un clou coulissant en plastique standard.<\/span><\/li>\n<li><span style=\"color: #000000;\">Vient enti\u00e8rement pr\u00eat \u00e0 l&#8217;emploi.<\/span><\/li>\n<li><span style=\"color: #000000;\">Produit europ\u00e9en garantie.<\/span><\/li>\n<li><span style=\"color: #000000;\">1 an de garantie d&rsquo;usine.<\/span><\/li>\n<\/ul>\n","protected":false},"excerpt":{"rendered":"<p>Apportez une touche unique et \u00e9l\u00e9gante \u00e0 votre int\u00e9rieur avec ce tabouret de bar en rotin, alliant des nuances raffin\u00e9es<\/p>\n","protected":false},"featured_media":92361,"comment_status":"open","ping_status":"closed","template":"","meta":[],"product_brand":[],"product_cat":[10268],"product_tag":[],"class_list":{"0":"post-92360","1":"product","2":"type-product","3":"status-publish","4":"has-post-thumbnail","6":"product_cat-chaises-de-bar-en-bois","7":"pa_frame-non-empilable-frame-fr","8":"pa_product-color-color-beige-fr","9":"pa_product-color-color-noir-fr","10":"pa_product-frame-color-noir-framecolor-fr","11":"pa_product-material-material-rotin","12":"pa_product-material-cadre-en-hetre-material-fr","13":"pa_product-more-dimensions-oui-fr","14":"pa_product-seat-depth-cm-3850-seat-depth-cm-fr","15":"pa_product-seat-height-cm-75-seat-height-cm-fr","16":"pa_product-seat-width-cm-41-seat-width-cm-fr","17":"pa_product-seats-1-seats-fr","18":"pa_product-usage-usage-interieur-fr","20":"first","21":"instock","22":"sale","23":"taxable","24":"shipping-taxable","25":"purchasable","26":"product-type-simple"},"_links":{"self":[{"href":"https:\/\/horecacenter.com\/fr\/wp-json\/wp\/v2\/product\/92360","targetHints":{"allow":["GET"]}}],"collection":[{"href":"https:\/\/horecacenter.com\/fr\/wp-json\/wp\/v2\/product"}],"about":[{"href":"https:\/\/horecacenter.com\/fr\/wp-json\/wp\/v2\/types\/product"}],"replies":[{"embeddable":true,"href":"https:\/\/horecacenter.com\/fr\/wp-json\/wp\/v2\/comments?post=92360"}],"version-history":[{"count":1,"href":"https:\/\/horecacenter.com\/fr\/wp-json\/wp\/v2\/product\/92360\/revisions"}],"predecessor-version":[{"id":169792,"href":"https:\/\/horecacenter.com\/fr\/wp-json\/wp\/v2\/product\/92360\/revisions\/169792"}],"wp:featuredmedia":[{"embeddable":true,"href":"https:\/\/horecacenter.com\/fr\/wp-json\/wp\/v2\/media\/92361"}],"wp:attachment":[{"href":"https:\/\/horecacenter.com\/fr\/wp-json\/wp\/v2\/media?parent=92360"}],"wp:term":[{"taxonomy":"product_brand","embeddable":true,"href":"https:\/\/horecacenter.com\/fr\/wp-json\/wp\/v2\/product_brand?post=92360"},{"taxonomy":"product_cat","embeddable":true,"href":"https:\/\/horecacenter.com\/fr\/wp-json\/wp\/v2\/product_cat?post=92360"},{"taxonomy":"product_tag","embeddable":true,"href":"https:\/\/horecacenter.com\/fr\/wp-json\/wp\/v2\/product_tag?post=92360"}],"curies":[{"name":"wp","href":"https:\/\/api.w.org\/{rel}","templated":true}]}}