{"id":92409,"date":"2024-04-22T13:54:03","date_gmt":"2024-04-22T13:54:03","guid":{"rendered":"https:\/\/horecacenter.com\/?post_type=product&#038;p=92409"},"modified":"2025-10-15T07:24:58","modified_gmt":"2025-10-15T07:24:58","slug":"jardinieres-de-cafe-restaurant-et-horeca-naturel-28-cm-depaisseur","status":"publish","type":"product","link":"https:\/\/horecacenter.com\/fr\/produit\/jardinieres-de-cafe-restaurant-et-horeca-naturel-28-cm-depaisseur\/","title":{"rendered":"Jardini\u00e8res de Restaurant &#8211; Naturel"},"content":{"rendered":"<p><span style=\"color: #000000;\">Apportez une touche d&rsquo;\u00e9l\u00e9gance naturelle \u00e0 votre espace avec ce bac \u00e0 plantes de haute qualit\u00e9, con\u00e7u dans une combinaison \u00e9l\u00e9gante de placage de bois naturel et d&rsquo;accents noirs. Disponible en plusieurs tailles, ce bac offre des options polyvalentes pour enrichir votre int\u00e9rieur ou terrasse. Les lignes horizontales \u00e9pur\u00e9es et les mat\u00e9riaux durables en font un design intemporel, \u00e0 la fois d\u00e9coratif et fonctionnel.<\/span><\/p>\n<p><span style=\"color: #000000;\">Parfait pour les environnements h\u00f4teliers tels que les restaurants, caf\u00e9s et h\u00f4tels, ce bac \u00e0 plantes ajoute une touche raffin\u00e9e \u00e0 tout cadre. Utilisez-le pour s\u00e9parer visuellement les espaces, cr\u00e9er une ambiance chaleureuse ou mettre vos plantes en valeur avec style. Sa conception robuste et sa finition haut de gamme garantissent une longue dur\u00e9e de vie, m\u00eame en cas d\u2019utilisation intensive. Optez pour un bac \u00e0 plantes qui associe nature et design moderne \u2013 le choix id\u00e9al pour donner \u00e0 votre \u00e9tablissement une allure tendance et accueillante.<\/span><\/p>\n<p><span style=\"color: #000000;\"><strong>Informations suppl\u00e9mentaires :<\/strong><\/span><\/p>\n<ul>\n<li><span style=\"color: #000000;\">Rayures contemporaines avec une esth\u00e9tique empil\u00e9e.<\/span><\/li>\n<li><span style=\"color: #000000;\">Forme rectangulaire \u00e0 larges rayures horizontales.<\/span><\/li>\n<li><span style=\"color: #000000;\">Espace pour plusieurs plantes, selon la taille.<\/span><\/li>\n<li><span style=\"color: #000000;\">Id\u00e9al pour les plantes, herbes ou petits arbustes de taille moyenne.<\/span><\/li>\n<li><span style=\"color: #000000;\">Protection contre les rayons UV pour \u00e9viter la d\u00e9coloration.<\/span><\/li>\n<li><span style=\"color: #000000;\">Fabriqu\u00e9 \u00e0 partir de mat\u00e9riaux durables pour une longue dur\u00e9e de vie.<\/span><\/li>\n<li><span style=\"color: #000000;\">Aucun assemblage requis, pr\u00eat \u00e0 l&#8217;emploi.<\/span><\/li>\n<li><span style=\"color: #000000;\">Facile \u00e0 nettoyer avec un chiffon humide.<\/span><\/li>\n<\/ul>\n","protected":false},"excerpt":{"rendered":"<p>Apportez une touche d&rsquo;\u00e9l\u00e9gance naturelle \u00e0 votre espace avec ce bac \u00e0 plantes de haute qualit\u00e9, con\u00e7u dans une combinaison<\/p>\n","protected":false},"featured_media":170693,"comment_status":"open","ping_status":"closed","template":"","meta":[],"product_brand":[],"product_cat":[10508,16600,17026],"product_tag":[],"class_list":{"0":"post-92409","1":"product","2":"type-product","3":"status-publish","4":"has-post-thumbnail","6":"product_cat-jardinieres","7":"product_cat-jardinieres-1","8":"product_cat-palmiers-artificiels-et-jardinieres","9":"pa_dimension-80x100-cm-fr","10":"pa_dimension-120x100-cm-fr","11":"pa_dimension-160x100-cm-fr","12":"pa_dimension-140x100-cm-fr","13":"pa_frame-non-empilable-frame-fr","14":"pa_product-color-color-naturel-fr","15":"pa_product-color-color-noir-fr","16":"pa_product-material-material-synthetique","17":"pa_product-more-colors-oui-fr","18":"pa_product-more-dimensions-oui-fr","19":"pa_product-usage-usage-interieur-fr","20":"pa_product-usage-usage-exterieur-fr","22":"first","23":"instock","24":"sale","25":"taxable","26":"shipping-taxable","27":"purchasable","28":"product-type-variable","29":"hc-var-dimension"},"_links":{"self":[{"href":"https:\/\/horecacenter.com\/fr\/wp-json\/wp\/v2\/product\/92409","targetHints":{"allow":["GET"]}}],"collection":[{"href":"https:\/\/horecacenter.com\/fr\/wp-json\/wp\/v2\/product"}],"about":[{"href":"https:\/\/horecacenter.com\/fr\/wp-json\/wp\/v2\/types\/product"}],"replies":[{"embeddable":true,"href":"https:\/\/horecacenter.com\/fr\/wp-json\/wp\/v2\/comments?post=92409"}],"version-history":[{"count":0,"href":"https:\/\/horecacenter.com\/fr\/wp-json\/wp\/v2\/product\/92409\/revisions"}],"wp:featuredmedia":[{"embeddable":true,"href":"https:\/\/horecacenter.com\/fr\/wp-json\/wp\/v2\/media\/170693"}],"wp:attachment":[{"href":"https:\/\/horecacenter.com\/fr\/wp-json\/wp\/v2\/media?parent=92409"}],"wp:term":[{"taxonomy":"product_brand","embeddable":true,"href":"https:\/\/horecacenter.com\/fr\/wp-json\/wp\/v2\/product_brand?post=92409"},{"taxonomy":"product_cat","embeddable":true,"href":"https:\/\/horecacenter.com\/fr\/wp-json\/wp\/v2\/product_cat?post=92409"},{"taxonomy":"product_tag","embeddable":true,"href":"https:\/\/horecacenter.com\/fr\/wp-json\/wp\/v2\/product_tag?post=92409"}],"curies":[{"name":"wp","href":"https:\/\/api.w.org\/{rel}","templated":true}]}}