{"id":92728,"date":"2024-04-26T10:19:33","date_gmt":"2024-04-26T10:19:33","guid":{"rendered":"https:\/\/horecacenter.com\/?post_type=product&#038;p=92728"},"modified":"2026-01-14T12:26:17","modified_gmt":"2026-01-14T12:26:17","slug":"chaise-de-terrasse-de-cafe-restaurant-et-horeca-soren","status":"publish","type":"product","link":"https:\/\/horecacenter.com\/fr\/produit\/chaise-de-terrasse-de-cafe-restaurant-et-horeca-soren\/","title":{"rendered":"Chaise de Terrasse SOREN &#8211; Avec Accoudoirs &#8211; Empilable &#8211; Rotin Jaune"},"content":{"rendered":"<p><span style=\"color: #000000;\">D\u00e9couvrez les couleurs vives et le design ludique de ce fauteuil de terrasse en aluminium. Id\u00e9al pour les espaces ext\u00e9rieurs \u00e0 la recherche de quelque chose d&rsquo;unique. Fabriqu\u00e9 \u00e0 partir d&rsquo;un cadre en aluminium de haute qualit\u00e9 avec rev\u00eatement en poudre, ce fauteuil offre une durabilit\u00e9 exceptionnelle et r\u00e9siste \u00e0 diverses conditions m\u00e9t\u00e9orologiques. Le rev\u00eatement g\u00e9om\u00e9trique audacieux dans des teintes \u00e9clatantes apporte une touche \u00e9l\u00e9gante qui anime votre terrasse ou jardin.<\/span><\/p>\n<p><span style=\"color: #000000;\">Parfait pour les caf\u00e9s, restaurants et \u00e9tablissements h\u00f4teliers qui souhaitent cr\u00e9er une ambiance dynamique et accueillante. Ce fauteuil allie praticit\u00e9 et esth\u00e9tique audacieuse, ce qui en fait un choix \u00e0 la fois pratique et d\u00e9coratif pour les espaces ext\u00e9rieurs qui veulent se d\u00e9marquer. Un ajout magnifique pour les entreprises qui cherchent \u00e0 cr\u00e9er une ambiance color\u00e9e et chaleureuse o\u00f9 les invit\u00e9s se sentent imm\u00e9diatement les bienvenus.<\/span><\/p>\n<p><span style=\"color: #000000;\"><strong>Informations suppl\u00e9mentaires :<\/strong><\/span><\/p>\n<p><span style=\"color: #000000;\">Facile \u00e0 nettoyer avec de l&rsquo;eau et du savon doux.<\/span><\/p>\n","protected":false},"excerpt":{"rendered":"<p>D\u00e9couvrez les couleurs vives et le design ludique de ce fauteuil de terrasse en aluminium. Id\u00e9al pour les espaces ext\u00e9rieurs<\/p>\n","protected":false},"featured_media":92729,"comment_status":"open","ping_status":"closed","template":"","meta":[],"product_brand":[],"product_cat":[9784,10512],"product_tag":[],"class_list":{"0":"post-92728","1":"product","2":"type-product","3":"status-publish","4":"has-post-thumbnail","6":"product_cat-chaises-de-terrasse","7":"product_cat-bientot-disponible","8":"pa_armrest-armrest-oui-fr","9":"pa_buisstructuur-cm-280x015-buisstructuur-cm-fr","10":"pa_frame-empilable-frame-fr","11":"pa_product-color-color-jaune-fr","12":"pa_product-frame-color-bois-dolivier-frame-color-fr","13":"pa_product-material-material-aluminium-fr","14":"pa_product-material-material-rotin","15":"pa_product-seats-1-seats-fr","16":"pa_product-usage-usage-interieur-fr","17":"pa_product-usage-usage-exterieur-fr","19":"first","20":"instock","21":"sale","22":"taxable","23":"shipping-taxable","24":"purchasable","25":"product-type-simple"},"_links":{"self":[{"href":"https:\/\/horecacenter.com\/fr\/wp-json\/wp\/v2\/product\/92728","targetHints":{"allow":["GET"]}}],"collection":[{"href":"https:\/\/horecacenter.com\/fr\/wp-json\/wp\/v2\/product"}],"about":[{"href":"https:\/\/horecacenter.com\/fr\/wp-json\/wp\/v2\/types\/product"}],"replies":[{"embeddable":true,"href":"https:\/\/horecacenter.com\/fr\/wp-json\/wp\/v2\/comments?post=92728"}],"version-history":[{"count":3,"href":"https:\/\/horecacenter.com\/fr\/wp-json\/wp\/v2\/product\/92728\/revisions"}],"predecessor-version":[{"id":176916,"href":"https:\/\/horecacenter.com\/fr\/wp-json\/wp\/v2\/product\/92728\/revisions\/176916"}],"wp:featuredmedia":[{"embeddable":true,"href":"https:\/\/horecacenter.com\/fr\/wp-json\/wp\/v2\/media\/92729"}],"wp:attachment":[{"href":"https:\/\/horecacenter.com\/fr\/wp-json\/wp\/v2\/media?parent=92728"}],"wp:term":[{"taxonomy":"product_brand","embeddable":true,"href":"https:\/\/horecacenter.com\/fr\/wp-json\/wp\/v2\/product_brand?post=92728"},{"taxonomy":"product_cat","embeddable":true,"href":"https:\/\/horecacenter.com\/fr\/wp-json\/wp\/v2\/product_cat?post=92728"},{"taxonomy":"product_tag","embeddable":true,"href":"https:\/\/horecacenter.com\/fr\/wp-json\/wp\/v2\/product_tag?post=92728"}],"curies":[{"name":"wp","href":"https:\/\/api.w.org\/{rel}","templated":true}]}}